{"id":737128,"date":"2025-08-27T23:21:36","date_gmt":"2025-08-27T20:21:36","guid":{"rendered":"https:\/\/roveyayinevi.com.tr\/index.php\/urun\/bilissel-psikoloji-2\/"},"modified":"2026-04-16T02:46:38","modified_gmt":"2026-04-15T23:46:38","slug":"bilissel-psikoloji-2","status":"publish","type":"product","link":"https:\/\/roveyayinevi.com.tr\/index.php\/urun\/bilissel-psikoloji-2\/","title":{"rendered":"Bili\u015fsel Psikoloji"},"content":{"rendered":"<p>\u0130lk c\u00fcmleyi okumaya ba\u015flad\u0131\u011f\u0131n\u0131z andan itibaren pek \u00e7ok farkl\u0131 bili\u015fsel s\u00fcrecin i\u00e7ine girmi\u015f olacaks\u0131n\u0131z. Herhangi bir ekstra \u00e7aba harcamadan, dikkatiniz ba\u015fka y\u00f6nlere, \u00f6rne\u011fin, a\u00e7l\u0131\u011f\u0131n\u0131za ya da yar\u0131nki s\u0131nav\u0131n\u0131za y\u00f6nelse de ilk c\u00fcmlenin anlam\u0131n\u0131 kavramaya ba\u015flad\u0131n\u0131z. Bili\u015fsel s\u00fcre\u00e7lerin bu kadar kolayl\u0131kla devreye girmesi, sizi i\u015fin karma\u015f\u0131kl\u0131\u011f\u0131 konusunda aldatmas\u0131n.<\/p>\n","protected":false},"excerpt":{"rendered":"<p>\u0130lk c\u00fcmleyi okumaya ba\u015flad\u0131\u011f\u0131n\u0131z andan itibaren pek \u00e7ok farkl\u0131 bili\u015fsel s\u00fcrecin i\u00e7ine girmi\u015f olacaks\u0131n\u0131z. Herhangi bir ekstra \u00e7aba harcamadan, dikkatiniz ba\u015fka y\u00f6nlere, \u00f6rne\u011fin, a\u00e7l\u0131\u011f\u0131n\u0131za ya da<span class=\"excerpt-hellip\"> [\u2026]<\/span><\/p>\n","protected":false},"featured_media":0,"template":"","meta":{"_monsterinsights_skip_tracking":false,"_monsterinsights_sitenote_active":false,"_monsterinsights_sitenote_note":"","_monsterinsights_sitenote_category":0},"product_brand":[],"product_cat":[12358,12357],"product_tag":[],"class_list":{"0":"post-737128","1":"product","2":"type-product","3":"status-publish","5":"product_cat-genel-psikoloji","6":"product_cat-psikoloji","7":"pa_cilt-ciltsiz","8":"pa_tur-kitap","9":"pa_yayinevi-sinirsiz-kitap","10":"pa_yazar-john-b-best","12":"first","13":"instock","14":"sale","15":"shipping-taxable","16":"purchasable","17":"product-type-simple"},"_links":{"self":[{"href":"https:\/\/roveyayinevi.com.tr\/index.php\/wp-json\/wp\/v2\/product\/737128","targetHints":{"allow":["GET"]}}],"collection":[{"href":"https:\/\/roveyayinevi.com.tr\/index.php\/wp-json\/wp\/v2\/product"}],"about":[{"href":"https:\/\/roveyayinevi.com.tr\/index.php\/wp-json\/wp\/v2\/types\/product"}],"wp:attachment":[{"href":"https:\/\/roveyayinevi.com.tr\/index.php\/wp-json\/wp\/v2\/media?parent=737128"}],"wp:term":[{"taxonomy":"product_brand","embeddable":true,"href":"https:\/\/roveyayinevi.com.tr\/index.php\/wp-json\/wp\/v2\/product_brand?post=737128"},{"taxonomy":"product_cat","embeddable":true,"href":"https:\/\/roveyayinevi.com.tr\/index.php\/wp-json\/wp\/v2\/product_cat?post=737128"},{"taxonomy":"product_tag","embeddable":true,"href":"https:\/\/roveyayinevi.com.tr\/index.php\/wp-json\/wp\/v2\/product_tag?post=737128"}],"curies":[{"name":"wp","href":"https:\/\/api.w.org\/{rel}","templated":true}]}}