{"id":737127,"date":"2025-08-27T23:21:34","date_gmt":"2025-08-27T20:21:34","guid":{"rendered":"https:\/\/roveyayinevi.com.tr\/index.php\/urun\/en-guzel-bilmeceler-2\/"},"modified":"2026-04-16T02:46:38","modified_gmt":"2026-04-15T23:46:38","slug":"en-guzel-bilmeceler-2","status":"publish","type":"product","link":"https:\/\/roveyayinevi.com.tr\/index.php\/urun\/en-guzel-bilmeceler-2\/","title":{"rendered":"En G\u00fczel Bilmeceler"},"content":{"rendered":"<p>\u00c7ocuklar i\u00e7in En G\u00fczel B\u0130LMECELER bu kitapta topland\u0131. Her bir bilmece, \u00e7ocuklar aras\u0131nda zihinsel bir oyun \u015feklinde g\u00fczel vakit ge\u00e7irmelerine yard\u0131mc\u0131 olacakt\u0131r.Sizin i\u00e7in birka\u00e7 bilmece se\u00e7tik:- \u0130ki delikten bakar, d\u00fcnya i\u00e7ine akar. (G\u00f6zler)- On ay yatar, iki ay kalkar. Feneri yakar, etrafa bakar. (Ate\u015fb\u00f6ce\u011fi)- Teneke i\u00e7inde beyaz k\u0131z. (Peynir)- Sar\u0131d\u0131r ayva gibi, suludur elma gibi. (Limon)- \u015eekere benzer tad\u0131 yok. G\u00f6kte u\u00e7ar kanad\u0131 yok. (Kar)- Cans\u0131zd\u0131r ka\u00e7ar, havada u\u00e7ar. (U\u00e7ak)<\/p>\n","protected":false},"excerpt":{"rendered":"<p>\u00c7ocuklar i\u00e7in En G\u00fczel B\u0130LMECELER bu kitapta topland\u0131. Her bir bilmece, \u00e7ocuklar aras\u0131nda zihinsel bir oyun \u015feklinde g\u00fczel vakit ge\u00e7irmelerine yard\u0131mc\u0131 olacakt\u0131r.Sizin i\u00e7in birka\u00e7 bilmece se\u00e7tik:-<span class=\"excerpt-hellip\"> [\u2026]<\/span><\/p>\n","protected":false},"featured_media":0,"template":"","meta":{"_monsterinsights_skip_tracking":false,"_monsterinsights_sitenote_active":false,"_monsterinsights_sitenote_note":"","_monsterinsights_sitenote_category":0},"product_brand":[],"product_cat":[12492,12274],"product_tag":[],"class_list":{"0":"post-737127","1":"product","2":"type-product","3":"status-publish","5":"product_cat-bilmece-bulmaca","6":"product_cat-cocuk-ve-genclik-kitaplari","7":"pa_cilt-ciltsiz","8":"pa_tur-kitap","9":"pa_yayinevi-ugurbocegi-yayinlari","10":"pa_yazar-ugurbocegi-yayinlari-kolektif","12":"first","13":"instock","14":"sale","15":"shipping-taxable","16":"purchasable","17":"product-type-simple"},"_links":{"self":[{"href":"https:\/\/roveyayinevi.com.tr\/index.php\/wp-json\/wp\/v2\/product\/737127","targetHints":{"allow":["GET"]}}],"collection":[{"href":"https:\/\/roveyayinevi.com.tr\/index.php\/wp-json\/wp\/v2\/product"}],"about":[{"href":"https:\/\/roveyayinevi.com.tr\/index.php\/wp-json\/wp\/v2\/types\/product"}],"wp:attachment":[{"href":"https:\/\/roveyayinevi.com.tr\/index.php\/wp-json\/wp\/v2\/media?parent=737127"}],"wp:term":[{"taxonomy":"product_brand","embeddable":true,"href":"https:\/\/roveyayinevi.com.tr\/index.php\/wp-json\/wp\/v2\/product_brand?post=737127"},{"taxonomy":"product_cat","embeddable":true,"href":"https:\/\/roveyayinevi.com.tr\/index.php\/wp-json\/wp\/v2\/product_cat?post=737127"},{"taxonomy":"product_tag","embeddable":true,"href":"https:\/\/roveyayinevi.com.tr\/index.php\/wp-json\/wp\/v2\/product_tag?post=737127"}],"curies":[{"name":"wp","href":"https:\/\/api.w.org\/{rel}","templated":true}]}}