{"id":737126,"date":"2025-08-27T23:21:33","date_gmt":"2025-08-27T20:21:33","guid":{"rendered":"https:\/\/roveyayinevi.com.tr\/index.php\/urun\/en-guzel-ogrenci-fikralari-2\/"},"modified":"2026-04-16T02:46:38","modified_gmt":"2026-04-15T23:46:38","slug":"en-guzel-ogrenci-fikralari-2","status":"publish","type":"product","link":"https:\/\/roveyayinevi.com.tr\/index.php\/urun\/en-guzel-ogrenci-fikralari-2\/","title":{"rendered":"En G\u00fczel \u00d6\u011frenci F\u0131kralar\u0131"},"content":{"rendered":"<p>\u00d6\u011frenciler ve \u00e7ocuklar i\u00e7in En G\u00fczel \u00d6\u011eRENC\u0130 FIKRALARI bu kitapta toplanm\u0131\u015ft\u0131r. Okulda, evde ve tatilde birbirinden g\u00fczel bu f\u0131kralar\u0131 severek okuyacaks\u0131n\u0131z.Sizin i\u00e7in kitaptan bir f\u0131kra se\u00e7tik:YEN\u0130 \u00d6\u011eRENC\u0130\u00d6\u011fretmen, ilkokula yeni gelen Metin\u2019e:\u201cAlfabeyi biliyor musun yavrum\u201d diye sordu.\u201cEvet, biliyorum.\u201d\u201cPeki \u00f6yleyse, \u2018A\u2019 harfinden sonra hangi harf gelir?\u201d\u201cB\u00fct\u00fcn harfler.\u201d<\/p>\n","protected":false},"excerpt":{"rendered":"<p>\u00d6\u011frenciler ve \u00e7ocuklar i\u00e7in En G\u00fczel \u00d6\u011eRENC\u0130 FIKRALARI bu kitapta toplanm\u0131\u015ft\u0131r. Okulda, evde ve tatilde birbirinden g\u00fczel bu f\u0131kralar\u0131 severek okuyacaks\u0131n\u0131z.Sizin i\u00e7in kitaptan bir f\u0131kra se\u00e7tik:YEN\u0130<span class=\"excerpt-hellip\"> [\u2026]<\/span><\/p>\n","protected":false},"featured_media":0,"template":"","meta":{"_monsterinsights_skip_tracking":false,"_monsterinsights_sitenote_active":false,"_monsterinsights_sitenote_note":"","_monsterinsights_sitenote_category":0},"product_brand":[],"product_cat":[12492,12274],"product_tag":[],"class_list":{"0":"post-737126","1":"product","2":"type-product","3":"status-publish","5":"product_cat-bilmece-bulmaca","6":"product_cat-cocuk-ve-genclik-kitaplari","7":"pa_cilt-ciltsiz","8":"pa_tur-kitap","9":"pa_yayinevi-ugurbocegi-yayinlari","10":"pa_yazar-kolektif","12":"first","13":"instock","14":"sale","15":"shipping-taxable","16":"purchasable","17":"product-type-simple"},"_links":{"self":[{"href":"https:\/\/roveyayinevi.com.tr\/index.php\/wp-json\/wp\/v2\/product\/737126","targetHints":{"allow":["GET"]}}],"collection":[{"href":"https:\/\/roveyayinevi.com.tr\/index.php\/wp-json\/wp\/v2\/product"}],"about":[{"href":"https:\/\/roveyayinevi.com.tr\/index.php\/wp-json\/wp\/v2\/types\/product"}],"wp:attachment":[{"href":"https:\/\/roveyayinevi.com.tr\/index.php\/wp-json\/wp\/v2\/media?parent=737126"}],"wp:term":[{"taxonomy":"product_brand","embeddable":true,"href":"https:\/\/roveyayinevi.com.tr\/index.php\/wp-json\/wp\/v2\/product_brand?post=737126"},{"taxonomy":"product_cat","embeddable":true,"href":"https:\/\/roveyayinevi.com.tr\/index.php\/wp-json\/wp\/v2\/product_cat?post=737126"},{"taxonomy":"product_tag","embeddable":true,"href":"https:\/\/roveyayinevi.com.tr\/index.php\/wp-json\/wp\/v2\/product_tag?post=737126"}],"curies":[{"name":"wp","href":"https:\/\/api.w.org\/{rel}","templated":true}]}}