{"id":737120,"date":"2025-08-27T23:21:26","date_gmt":"2025-08-27T20:21:26","guid":{"rendered":"https:\/\/roveyayinevi.com.tr\/index.php\/urun\/batidaki-dogu\/"},"modified":"2026-04-16T02:46:37","modified_gmt":"2026-04-15T23:46:37","slug":"batidaki-dogu","status":"publish","type":"product","link":"https:\/\/roveyayinevi.com.tr\/index.php\/urun\/batidaki-dogu\/","title":{"rendered":"Bat\u0131daki Do\u011fu"},"content":{"rendered":"<p>Bat\u0131daki Do\u011fu, Bat\u0131n\u0131n Avrupad\u0131\u015f\u0131 uygarl\u0131klara dair \u00f6nyarg\u0131l\u0131 g\u00f6r\u00fc\u015flerini irdeliyor. Jack Goody Bat\u0131 rasyonalitesi kavram\u0131 ve ticari faaliyetlerdeki farkl\u0131l\u0131klar da dahil olmak \u00fczere Avrupa temelli varsay\u0131mlara meydan okuyor. Goody eserinde Do\u011fudaki aile kavram\u0131 gibi b\u00f6lgenin geli\u015fimini engelledi\u011fi d\u00fc\u015f\u00fcn\u00fclen unsurlar\u0131n ne denli abart\u0131ld\u0131\u011f\u0131n\u0131 ve hem Do\u011fu hem de Bat\u0131 tarih ve toplumlar\u0131n\u0131n yanl\u0131\u015f de\u011ferlendirilmesine nas\u0131l katk\u0131da bulundu\u011funu g\u00f6zler \u00f6n\u00fcne seriyor. Bu geni\u015f kapsaml\u0131 kitap, Bat\u0131 ile Do\u011fu aras\u0131ndaki dengeyi yeniden in\u015fa ediyor. \u201cBu kitap, modern Asyal\u0131 biliminsanlar\u0131 taraf\u0131ndan takdir edilecek. &#8230; Goody\u2019nin sunumu k\u0131sa ama bilgilendirici, k\u0131\u015fk\u0131rt\u0131c\u0131 ve ayn\u0131 zamanda zarif. Yazar eski bir tart\u0131\u015fmaya yenilik getiriyor.\u201d \u2013Arun Das Gupta, International History Review <\/p>\n","protected":false},"excerpt":{"rendered":"<p>Bat\u0131daki Do\u011fu, Bat\u0131n\u0131n Avrupad\u0131\u015f\u0131 uygarl\u0131klara dair \u00f6nyarg\u0131l\u0131 g\u00f6r\u00fc\u015flerini irdeliyor. Jack Goody Bat\u0131 rasyonalitesi kavram\u0131 ve ticari faaliyetlerdeki farkl\u0131l\u0131klar da dahil olmak \u00fczere Avrupa temelli varsay\u0131mlara meydan<span class=\"excerpt-hellip\"> [\u2026]<\/span><\/p>\n","protected":false},"featured_media":0,"template":"","meta":{"_monsterinsights_skip_tracking":false,"_monsterinsights_sitenote_active":false,"_monsterinsights_sitenote_note":"","_monsterinsights_sitenote_category":0},"product_brand":[],"product_cat":[13072,12291],"product_tag":[],"class_list":{"0":"post-737120","1":"product","2":"type-product","3":"status-publish","5":"product_cat-arastirma-inceleme-referans","6":"product_cat-edebiyat","7":"pa_cilt-ciltsiz","8":"pa_tur-kitap","9":"pa_yayinevi-alfa-yayinlari","10":"pa_yazar-jack-goody","12":"first","13":"instock","14":"sale","15":"shipping-taxable","16":"purchasable","17":"product-type-simple"},"_links":{"self":[{"href":"https:\/\/roveyayinevi.com.tr\/index.php\/wp-json\/wp\/v2\/product\/737120","targetHints":{"allow":["GET"]}}],"collection":[{"href":"https:\/\/roveyayinevi.com.tr\/index.php\/wp-json\/wp\/v2\/product"}],"about":[{"href":"https:\/\/roveyayinevi.com.tr\/index.php\/wp-json\/wp\/v2\/types\/product"}],"wp:attachment":[{"href":"https:\/\/roveyayinevi.com.tr\/index.php\/wp-json\/wp\/v2\/media?parent=737120"}],"wp:term":[{"taxonomy":"product_brand","embeddable":true,"href":"https:\/\/roveyayinevi.com.tr\/index.php\/wp-json\/wp\/v2\/product_brand?post=737120"},{"taxonomy":"product_cat","embeddable":true,"href":"https:\/\/roveyayinevi.com.tr\/index.php\/wp-json\/wp\/v2\/product_cat?post=737120"},{"taxonomy":"product_tag","embeddable":true,"href":"https:\/\/roveyayinevi.com.tr\/index.php\/wp-json\/wp\/v2\/product_tag?post=737120"}],"curies":[{"name":"wp","href":"https:\/\/api.w.org\/{rel}","templated":true}]}}