{"id":737119,"date":"2025-08-27T23:21:25","date_gmt":"2025-08-27T20:21:25","guid":{"rendered":"https:\/\/roveyayinevi.com.tr\/index.php\/urun\/asagistanbul\/"},"modified":"2026-04-16T02:46:37","modified_gmt":"2026-04-15T23:46:37","slug":"asagistanbul","status":"publish","type":"product","link":"https:\/\/roveyayinevi.com.tr\/index.php\/urun\/asagistanbul\/","title":{"rendered":"A\u015fa\u011f\u0130stanbul"},"content":{"rendered":"<p>Bir \u201cba\u015fka\u201d \u0130stanbul maceras\u0131! Gen\u00e7 yazar Melis Sena Y\u0131lmaz, ilk \u00e7ocuk roman\u0131nda okurunu, ger\u00e7ek\u00fcst\u00fc bir ba\u015fka \u0130stanbul\u2019a davet ediyor. Galata semtinden ula\u015f\u0131lan A\u015fa\u011f\u0130stanbul\u2019un gizemli sokaklar\u0131nda unutulmayacak bir yolculu\u011fa \u00e7\u0131kar\u0131yor. Babas\u0131n\u0131n izini s\u00fcren, bilinmezi kovalayan bir \u00e7ocu\u011fun g\u00f6z\u00fcnden, duru bir dille akan roman, s\u00fcrpriz karakterlerle ve \u015fa\u015f\u0131rt\u0131c\u0131 mek\u00e2nlarla renkleniyor. \u00c7ocuklu\u011fun s\u0131n\u0131rs\u0131z hayal g\u00fcc\u00fcne \u00f6vg\u00fc niteli\u011findeki fantastik macera, \u201cBa\u015fka bir \u0130stanbul olsayd\u0131, nas\u0131l olurdu?\u201d sorusunu d\u00fc\u015f\u00fcnd\u00fcr\u00fcyor. Sahip \u00e7\u0131kmam\u0131z ve ya\u015fatmam\u0131z gereken farkl\u0131l\u0131klar\u0131n de\u011ferini duyumsat\u0131yor. Zeynep\u2019in dedektif olan babas\u0131 ans\u0131z\u0131n ortadan kaybolmu\u015ftur. Onun izini s\u00fcren Zeynep, kayg\u0131s\u0131z babaannesiyle birlikte gizemli ba\u015fka bir \u0130stanbul\u2019un, A\u015fa\u011f\u0130stanbul\u2019un s\u0131rad\u0131\u015f\u0131 sokaklar\u0131nda bulur kendini. Tuhaf mart\u0131lar\u0131, Galata boynuzlu atlar\u0131, vah\u015fi lambalar\u0131 ve satirleriyle tekin g\u00f6r\u00fcnmeyen bu esrarengiz d\u00fcnyada arkada\u015flar edinmeyi ba\u015far\u0131r. Ancak, k\u00f6t\u00fcler bu d\u00fcnyan\u0131n s\u0131rlar\u0131n\u0131 ele vermek i\u00e7in b\u00fcy\u00fck plan yapm\u0131\u015fken Zeynep; Orkun, Noel Baba ve S\u00fcsl\u00fc\u2019n\u00fcn yard\u0131mlar\u0131yla babas\u0131n\u0131 bulabilecek, A\u015fa\u011f\u0130stanbul\u2019u ve sakinlerini kurtarabilecek midir?..<\/p>\n","protected":false},"excerpt":{"rendered":"<p>Bir \u201cba\u015fka\u201d \u0130stanbul maceras\u0131! Gen\u00e7 yazar Melis Sena Y\u0131lmaz, ilk \u00e7ocuk roman\u0131nda okurunu, ger\u00e7ek\u00fcst\u00fc bir ba\u015fka \u0130stanbul\u2019a davet ediyor. Galata semtinden ula\u015f\u0131lan A\u015fa\u011f\u0130stanbul\u2019un gizemli sokaklar\u0131nda unutulmayacak<span class=\"excerpt-hellip\"> [\u2026]<\/span><\/p>\n","protected":false},"featured_media":0,"template":"","meta":{"_monsterinsights_skip_tracking":false,"_monsterinsights_sitenote_active":false,"_monsterinsights_sitenote_note":"","_monsterinsights_sitenote_category":0},"product_brand":[],"product_cat":[12275,12274],"product_tag":[],"class_list":{"0":"post-737119","1":"product","2":"type-product","3":"status-publish","5":"product_cat-6-12-yas-kitaplari","6":"product_cat-cocuk-ve-genclik-kitaplari","7":"pa_cilt-ciltsiz","8":"pa_tur-kitap","9":"pa_yayinevi-gunisigi-kitapligi","10":"pa_yazar-melis-sena-yilmaz","12":"first","13":"instock","14":"sale","15":"shipping-taxable","16":"purchasable","17":"product-type-simple"},"_links":{"self":[{"href":"https:\/\/roveyayinevi.com.tr\/index.php\/wp-json\/wp\/v2\/product\/737119","targetHints":{"allow":["GET"]}}],"collection":[{"href":"https:\/\/roveyayinevi.com.tr\/index.php\/wp-json\/wp\/v2\/product"}],"about":[{"href":"https:\/\/roveyayinevi.com.tr\/index.php\/wp-json\/wp\/v2\/types\/product"}],"wp:attachment":[{"href":"https:\/\/roveyayinevi.com.tr\/index.php\/wp-json\/wp\/v2\/media?parent=737119"}],"wp:term":[{"taxonomy":"product_brand","embeddable":true,"href":"https:\/\/roveyayinevi.com.tr\/index.php\/wp-json\/wp\/v2\/product_brand?post=737119"},{"taxonomy":"product_cat","embeddable":true,"href":"https:\/\/roveyayinevi.com.tr\/index.php\/wp-json\/wp\/v2\/product_cat?post=737119"},{"taxonomy":"product_tag","embeddable":true,"href":"https:\/\/roveyayinevi.com.tr\/index.php\/wp-json\/wp\/v2\/product_tag?post=737119"}],"curies":[{"name":"wp","href":"https:\/\/api.w.org\/{rel}","templated":true}]}}