{"id":737117,"date":"2025-08-27T23:21:23","date_gmt":"2025-08-27T20:21:23","guid":{"rendered":"https:\/\/roveyayinevi.com.tr\/index.php\/urun\/bozkirin-bacalari\/"},"modified":"2026-04-16T02:46:37","modified_gmt":"2026-04-15T23:46:37","slug":"bozkirin-bacalari","status":"publish","type":"product","link":"https:\/\/roveyayinevi.com.tr\/index.php\/urun\/bozkirin-bacalari\/","title":{"rendered":"Bozk\u0131r\u0131n Bacalar\u0131"},"content":{"rendered":"<p>Ya\u015famak bir sava\u015f\u2026 Babam\u0131n deyi\u015fiyle efendilik sava\u015f\u0131. Ay\u015fe-Fevzi Bozkurt ailesinin temeli 1943-1944 y\u0131llar\u0131nda, bir evlilikle at\u0131lm\u0131\u015f\u2026 Ailenin devam\u0131 olan \u00e7ocuklar\u0131n\u0131n g\u00fczel g\u00fczel evleri, ba\u011flar\u0131 var.  Bir de hik\u00e2yeleri olsun istedim, hik\u00e2yemizi yazd\u0131m. Anlad\u0131\u011f\u0131m\u0131z kadar hayat\u0131 anlatmak, hayata at\u0131lmak ve de hayata bir \u015feyler katmak\u2026Yazarken kendimi g\u00f6rd\u00fcm, kendimi okudum. Olaylardan \u00e7\u0131kard\u0131\u011f\u0131m bilgilerin kalan k\u0131sm\u0131n\u0131 okuyana b\u0131rakt\u0131m.Temeli sevgi \u00fczerine at\u0131lan toprak daml\u0131 evimiz, d\u00f6rt karde\u015fin s\u0131k\u0131 s\u0131k\u0131ya ba\u011fl\u0131l\u0131\u011f\u0131n\u0131 sa\u011flad\u0131. S\u0131cak ili\u015fkimizin temelin de, kuzine sobam\u0131z da pi\u015fen ekme\u011fimiz vard\u0131. Ailenin en ya\u015fl\u0131s\u0131 durumunday\u0131m. \u015eimdi d\u00f6rt karde\u015f olarak d\u00f6rt koldan torunlar\u0131m\u0131z \u00e7o\u011fal\u0131yor. Hat\u0131ralarla ya\u015famak ho\u015fuma gidiyor\u2026 <\/p>\n","protected":false},"excerpt":{"rendered":"<p>Ya\u015famak bir sava\u015f\u2026 Babam\u0131n deyi\u015fiyle efendilik sava\u015f\u0131. Ay\u015fe-Fevzi Bozkurt ailesinin temeli 1943-1944 y\u0131llar\u0131nda, bir evlilikle at\u0131lm\u0131\u015f\u2026 Ailenin devam\u0131 olan \u00e7ocuklar\u0131n\u0131n g\u00fczel g\u00fczel evleri, ba\u011flar\u0131 var. Bir<span class=\"excerpt-hellip\"> [\u2026]<\/span><\/p>\n","protected":false},"featured_media":0,"template":"","meta":{"_monsterinsights_skip_tracking":false,"_monsterinsights_sitenote_active":false,"_monsterinsights_sitenote_note":"","_monsterinsights_sitenote_category":0},"product_brand":[],"product_cat":[13701,12291],"product_tag":[],"class_list":{"0":"post-737117","1":"product","2":"type-product","3":"status-publish","5":"product_cat-ani-mektup-gunluk","6":"product_cat-edebiyat","7":"pa_cilt-ciltsiz","8":"pa_tur-kitap","9":"pa_yayinevi-biyografi-net-yayincilik","10":"pa_yazar-osman-bozkurt","12":"first","13":"instock","14":"sale","15":"shipping-taxable","16":"purchasable","17":"product-type-simple"},"_links":{"self":[{"href":"https:\/\/roveyayinevi.com.tr\/index.php\/wp-json\/wp\/v2\/product\/737117","targetHints":{"allow":["GET"]}}],"collection":[{"href":"https:\/\/roveyayinevi.com.tr\/index.php\/wp-json\/wp\/v2\/product"}],"about":[{"href":"https:\/\/roveyayinevi.com.tr\/index.php\/wp-json\/wp\/v2\/types\/product"}],"wp:attachment":[{"href":"https:\/\/roveyayinevi.com.tr\/index.php\/wp-json\/wp\/v2\/media?parent=737117"}],"wp:term":[{"taxonomy":"product_brand","embeddable":true,"href":"https:\/\/roveyayinevi.com.tr\/index.php\/wp-json\/wp\/v2\/product_brand?post=737117"},{"taxonomy":"product_cat","embeddable":true,"href":"https:\/\/roveyayinevi.com.tr\/index.php\/wp-json\/wp\/v2\/product_cat?post=737117"},{"taxonomy":"product_tag","embeddable":true,"href":"https:\/\/roveyayinevi.com.tr\/index.php\/wp-json\/wp\/v2\/product_tag?post=737117"}],"curies":[{"name":"wp","href":"https:\/\/api.w.org\/{rel}","templated":true}]}}