{"id":737116,"date":"2025-08-27T23:21:21","date_gmt":"2025-08-27T20:21:21","guid":{"rendered":"https:\/\/roveyayinevi.com.tr\/index.php\/urun\/huseyin-rahmi-gurpinar\/"},"modified":"2026-04-16T02:46:37","modified_gmt":"2026-04-15T23:46:37","slug":"huseyin-rahmi-gurpinar","status":"publish","type":"product","link":"https:\/\/roveyayinevi.com.tr\/index.php\/urun\/huseyin-rahmi-gurpinar\/","title":{"rendered":"H\u00fcseyin Rahmi G\u00fcrp\u0131nar"},"content":{"rendered":"<p>Ayr\u0131nt\u0131l\u0131 hayat ve edebiyat ser\u00fcvenini yazmaya koyuldu\u011fum H\u00fcseyin Rahmi Bey, \u2018G\u00fcrp\u0131nar\u2019 soyad\u0131n\u0131 bilin\u00e7li olarak alm\u0131\u015ft\u0131r\u2026  \u00c7\u00fcnk\u00fc o sahiden edebiyat ve bilhassa roman vadisinde g\u00fcr bir p\u0131nar gibi ak\u0131p durmu\u015f, hatta bazen de \u00e7a\u011flayan gibi co\u015fup ta\u015fm\u0131\u015ft\u0131r. Buyurun edebiyat\u0131m\u0131z\u0131n g\u00fcr p\u0131nar\u0131 H\u00fcseyin Rahmi G\u00fcrp\u0131nar\u2019\u0131 birlikte tan\u0131yal\u0131m\u2026 <\/p>\n","protected":false},"excerpt":{"rendered":"<p>Ayr\u0131nt\u0131l\u0131 hayat ve edebiyat ser\u00fcvenini yazmaya koyuldu\u011fum H\u00fcseyin Rahmi Bey, \u2018G\u00fcrp\u0131nar\u2019 soyad\u0131n\u0131 bilin\u00e7li olarak alm\u0131\u015ft\u0131r\u2026 \u00c7\u00fcnk\u00fc o sahiden edebiyat ve bilhassa roman vadisinde g\u00fcr bir p\u0131nar<span class=\"excerpt-hellip\"> [\u2026]<\/span><\/p>\n","protected":false},"featured_media":0,"template":"","meta":{"_monsterinsights_skip_tracking":false,"_monsterinsights_sitenote_active":false,"_monsterinsights_sitenote_note":"","_monsterinsights_sitenote_category":0},"product_brand":[],"product_cat":[14009,12291],"product_tag":[],"class_list":{"0":"post-737116","1":"product","2":"type-product","3":"status-publish","5":"product_cat-biyografi-otobiyografi-edebiyat","6":"product_cat-edebiyat","7":"pa_cilt-ciltsiz","8":"pa_tur-kitap","9":"pa_yayinevi-biyografi-net-yayincilik","10":"pa_yazar-omer-ozturk","12":"first","13":"instock","14":"sale","15":"shipping-taxable","16":"purchasable","17":"product-type-simple"},"_links":{"self":[{"href":"https:\/\/roveyayinevi.com.tr\/index.php\/wp-json\/wp\/v2\/product\/737116","targetHints":{"allow":["GET"]}}],"collection":[{"href":"https:\/\/roveyayinevi.com.tr\/index.php\/wp-json\/wp\/v2\/product"}],"about":[{"href":"https:\/\/roveyayinevi.com.tr\/index.php\/wp-json\/wp\/v2\/types\/product"}],"wp:attachment":[{"href":"https:\/\/roveyayinevi.com.tr\/index.php\/wp-json\/wp\/v2\/media?parent=737116"}],"wp:term":[{"taxonomy":"product_brand","embeddable":true,"href":"https:\/\/roveyayinevi.com.tr\/index.php\/wp-json\/wp\/v2\/product_brand?post=737116"},{"taxonomy":"product_cat","embeddable":true,"href":"https:\/\/roveyayinevi.com.tr\/index.php\/wp-json\/wp\/v2\/product_cat?post=737116"},{"taxonomy":"product_tag","embeddable":true,"href":"https:\/\/roveyayinevi.com.tr\/index.php\/wp-json\/wp\/v2\/product_tag?post=737116"}],"curies":[{"name":"wp","href":"https:\/\/api.w.org\/{rel}","templated":true}]}}