{"id":737115,"date":"2025-08-27T23:21:20","date_gmt":"2025-08-27T20:21:20","guid":{"rendered":"https:\/\/roveyayinevi.com.tr\/index.php\/urun\/8-cadde\/"},"modified":"2026-04-16T02:46:37","modified_gmt":"2026-04-15T23:46:37","slug":"8-cadde","status":"publish","type":"product","link":"https:\/\/roveyayinevi.com.tr\/index.php\/urun\/8-cadde\/","title":{"rendered":"8. Cadde"},"content":{"rendered":"<p>Sel\u00e7uk \u00d6zyurt 8.Cadde roman\u0131nda bilin\u00e7ak\u0131m\u0131 tekni\u011finin imkanlar\u0131yla okuyucusunu yakal\u0131yor. 8.Cadde\u2019de mektup, g\u00fcnl\u00fck ve anlat\u0131 teknikleri i\u00e7 i\u00e7e uygulan\u0131yor\u2026 Roman kahraman\u0131 Arda, mektup tarz\u0131yla gelece\u011fe hat\u0131ralar b\u0131rak\u0131yor. Arda uyu\u015fturucu mafyas\u0131 taraf\u0131ndan vurularak hastaneye d\u00fc\u015f\u00fcyor. Arda\u2019n\u0131n hastane s\u00fcreciyle e\u015fi Deniz g\u00fcnl\u00fck tutmaya ba\u015fl\u0131yor.\u00c7o\u011fumuzun ak\u015fam haberlerinde sadece haber olarak dinledi\u011fi bir olay\u0131n \u00f6teki y\u00fcz\u00fc a\u015fk, kavu\u015fma, suikast, hastal\u0131k, \u00f6l\u00fcm, do\u011fum ve ya\u015fama tutunma s\u00fcre\u00e7leriyle kar\u015f\u0131m\u0131za \u00e7\u0131k\u0131yor\u2026Sel\u00e7uk \u00d6zyurt okurlar\u0131 8.Cadde roman\u0131nda, insan\u0131 en yal\u0131n haliyle bir kez daha tan\u0131ma imkan\u0131 buluyor\u2026  <\/p>\n","protected":false},"excerpt":{"rendered":"<p>Sel\u00e7uk \u00d6zyurt 8.Cadde roman\u0131nda bilin\u00e7ak\u0131m\u0131 tekni\u011finin imkanlar\u0131yla okuyucusunu yakal\u0131yor. 8.Cadde\u2019de mektup, g\u00fcnl\u00fck ve anlat\u0131 teknikleri i\u00e7 i\u00e7e uygulan\u0131yor\u2026 Roman kahraman\u0131 Arda, mektup tarz\u0131yla gelece\u011fe hat\u0131ralar b\u0131rak\u0131yor.<span class=\"excerpt-hellip\"> [\u2026]<\/span><\/p>\n","protected":false},"featured_media":0,"template":"","meta":{"_monsterinsights_skip_tracking":false,"_monsterinsights_sitenote_active":false,"_monsterinsights_sitenote_note":"","_monsterinsights_sitenote_category":0},"product_brand":[],"product_cat":[12291,12711],"product_tag":[],"class_list":{"0":"post-737115","1":"product","2":"type-product","3":"status-publish","5":"product_cat-edebiyat","6":"product_cat-roman-oyku","7":"pa_cilt-ciltsiz","8":"pa_tur-kitap","9":"pa_yayinevi-biyografi-net-yayincilik","10":"pa_yazar-selcuk-ozyurt","12":"first","13":"instock","14":"sale","15":"shipping-taxable","16":"purchasable","17":"product-type-simple"},"_links":{"self":[{"href":"https:\/\/roveyayinevi.com.tr\/index.php\/wp-json\/wp\/v2\/product\/737115","targetHints":{"allow":["GET"]}}],"collection":[{"href":"https:\/\/roveyayinevi.com.tr\/index.php\/wp-json\/wp\/v2\/product"}],"about":[{"href":"https:\/\/roveyayinevi.com.tr\/index.php\/wp-json\/wp\/v2\/types\/product"}],"wp:attachment":[{"href":"https:\/\/roveyayinevi.com.tr\/index.php\/wp-json\/wp\/v2\/media?parent=737115"}],"wp:term":[{"taxonomy":"product_brand","embeddable":true,"href":"https:\/\/roveyayinevi.com.tr\/index.php\/wp-json\/wp\/v2\/product_brand?post=737115"},{"taxonomy":"product_cat","embeddable":true,"href":"https:\/\/roveyayinevi.com.tr\/index.php\/wp-json\/wp\/v2\/product_cat?post=737115"},{"taxonomy":"product_tag","embeddable":true,"href":"https:\/\/roveyayinevi.com.tr\/index.php\/wp-json\/wp\/v2\/product_tag?post=737115"}],"curies":[{"name":"wp","href":"https:\/\/api.w.org\/{rel}","templated":true}]}}