{"id":737114,"date":"2025-08-27T23:21:19","date_gmt":"2025-08-27T20:21:19","guid":{"rendered":"https:\/\/roveyayinevi.com.tr\/index.php\/urun\/iskilip-sulari-hamamlari-ve-cesmeleri\/"},"modified":"2025-11-21T07:34:44","modified_gmt":"2025-11-21T04:34:44","slug":"iskilip-sulari-hamamlari-ve-cesmeleri","status":"publish","type":"product","link":"https:\/\/roveyayinevi.com.tr\/index.php\/urun\/iskilip-sulari-hamamlari-ve-cesmeleri\/","title":{"rendered":"\u0130skilip Sular\u0131 Hamamlar\u0131 ve \u00c7e\u015fmeleri"},"content":{"rendered":"<p>\u0130nsanlar\u0131n suya olan ihtiyac\u0131 ve \u0130slamiyet\u2019in temizli\u011fe verdi\u011fi \u00f6nem sebebiyle, bizim medeniyetimizde su aziz ve kutsal say\u0131lm\u0131\u015ft\u0131r. Milletimizin hay\u0131rseverleri, dini gayelerle ibadet eder gibi insanlara hizmet i\u00e7in su tesisleri ve \u00e7e\u015fmeler yapt\u0131r\u0131p vakfetmi\u015flerdir. \u0130skilip\u2019in \u00f6nemli y\u00f6nlerinden biri kuruldu\u011fu yerde tatl\u0131 sulara sahip olmas\u0131d\u0131r. Dolay\u0131s\u0131 ile su \u0130skilip\u2019te her zaman \u00f6nem kazanm\u0131\u015ft\u0131r. Anadolu\u2019nun ortas\u0131nda zengin bir tarihe sahip olan \u0130skilip \u015fehrinin i\u00e7ilebilen ve kullan\u0131labilen sular\u0131n kaynaklar\u0131, vak\u0131f yoluyla yap\u0131lm\u0131\u015f su suyollar\u0131, hamamlar\u0131 ve \u00e7ok say\u0131da \u00e7e\u015fmeleri vard\u0131r. Bunlar\u0131n tarihlerini ayd\u0131nlatan ar\u015fiv belgeleri bulunmaktad\u0131r. <\/p>\n","protected":false},"excerpt":{"rendered":"<p>\u0130nsanlar\u0131n suya olan ihtiyac\u0131 ve \u0130slamiyet\u2019in temizli\u011fe verdi\u011fi \u00f6nem sebebiyle, bizim medeniyetimizde su aziz ve kutsal say\u0131lm\u0131\u015ft\u0131r. Milletimizin hay\u0131rseverleri, dini gayelerle ibadet eder gibi insanlara hizmet<span class=\"excerpt-hellip\"> [\u2026]<\/span><\/p>\n","protected":false},"featured_media":0,"template":"","meta":{"_monsterinsights_skip_tracking":false,"_monsterinsights_sitenote_active":false,"_monsterinsights_sitenote_note":"","_monsterinsights_sitenote_category":0},"product_brand":[],"product_cat":[13054,24413],"product_tag":[],"class_list":{"0":"post-737114","1":"product","2":"type-product","3":"status-publish","5":"product_cat-gezi-ve-rehber-kitaplari","6":"product_cat-kent-rehberleri","7":"pa_cilt-ciltsiz","8":"pa_tur-kitap","9":"pa_yayinevi-biyografi-net-yayincilik","10":"pa_yazar-ali-kilci","12":"first","13":"instock","14":"sale","15":"shipping-taxable","16":"purchasable","17":"product-type-simple"},"_links":{"self":[{"href":"https:\/\/roveyayinevi.com.tr\/index.php\/wp-json\/wp\/v2\/product\/737114","targetHints":{"allow":["GET"]}}],"collection":[{"href":"https:\/\/roveyayinevi.com.tr\/index.php\/wp-json\/wp\/v2\/product"}],"about":[{"href":"https:\/\/roveyayinevi.com.tr\/index.php\/wp-json\/wp\/v2\/types\/product"}],"wp:attachment":[{"href":"https:\/\/roveyayinevi.com.tr\/index.php\/wp-json\/wp\/v2\/media?parent=737114"}],"wp:term":[{"taxonomy":"product_brand","embeddable":true,"href":"https:\/\/roveyayinevi.com.tr\/index.php\/wp-json\/wp\/v2\/product_brand?post=737114"},{"taxonomy":"product_cat","embeddable":true,"href":"https:\/\/roveyayinevi.com.tr\/index.php\/wp-json\/wp\/v2\/product_cat?post=737114"},{"taxonomy":"product_tag","embeddable":true,"href":"https:\/\/roveyayinevi.com.tr\/index.php\/wp-json\/wp\/v2\/product_tag?post=737114"}],"curies":[{"name":"wp","href":"https:\/\/api.w.org\/{rel}","templated":true}]}}