{"id":737113,"date":"2025-08-27T23:21:18","date_gmt":"2025-08-27T20:21:18","guid":{"rendered":"https:\/\/roveyayinevi.com.tr\/index.php\/urun\/sosyal-politika-ekseninde-yoksulluk-guncel-sorunlar-ve-tartismalar\/"},"modified":"2026-04-16T02:46:37","modified_gmt":"2026-04-15T23:46:37","slug":"sosyal-politika-ekseninde-yoksulluk-guncel-sorunlar-ve-tartismalar","status":"publish","type":"product","link":"https:\/\/roveyayinevi.com.tr\/index.php\/urun\/sosyal-politika-ekseninde-yoksulluk-guncel-sorunlar-ve-tartismalar\/","title":{"rendered":"Sosyal Politika Ekseninde Yoksulluk G\u00fcncel Sorunlar ve Tart\u0131\u015fmalar"},"content":{"rendered":"<p>\u00b7         Avrupa Refah Rejimlerinde \u00c7al\u0131\u015fan Yoksullu\u011fu: Birle\u015fik Krall\u0131k, Almanya, \u0130spanya ve \u0130sve\u00e7 \u00d6rnekleri \u00b7         Yoksulluk ve Sosyal D\u0131\u015flanma \u0130li\u015fkisi \u00dczerine Nitel Bir \u00c7al\u0131\u015fma \u00b7         T\u00fcrkiye\u2019de E\u011fitim ve Yoksulluk \u0130li\u015fkisi \u00b7         Kent Yoksullu\u011fu Olgusunun T\u00fcrkiye \u00dczerindeki \u0130zd\u00fc\u015f\u00fcm\u00fc \u00b7         Yoksulluk-Evsizlik \u0130li\u015fkisi ve T\u00fcrkiye\u2019de Evsizlere Y\u00f6nelik Sosyal Politikalar \u00dczerine Bir De\u011ferlendirme \u00b7         Dijital B\u00f6l\u00fcnme ve Dijital Yoksulluk \u00b7         Kay\u0131td\u0131\u015f\u0131 Ekonomi-\u0130stihdam \u0130li\u015fkisi ve Yoksulluk \u00b7         Yoksulluk ve Hukuk: T\u00fcrk \u0130\u015f Hukuku\u2019nda Kad\u0131nlar \u00b7         \u00c7ocuk Yoksullu\u011fu ve Covid-19 Salg\u0131n\u0131n\u0131n Etkileri \u00b7         Ya\u015fl\u0131 Yoksullu\u011fu ve Yans\u0131malar\u0131 <\/p>\n","protected":false},"excerpt":{"rendered":"<p>\u00b7 Avrupa Refah Rejimlerinde \u00c7al\u0131\u015fan Yoksullu\u011fu: Birle\u015fik Krall\u0131k, Almanya, \u0130spanya ve \u0130sve\u00e7 \u00d6rnekleri \u00b7 Yoksulluk ve Sosyal D\u0131\u015flanma \u0130li\u015fkisi \u00dczerine Nitel Bir \u00c7al\u0131\u015fma \u00b7 T\u00fcrkiye\u2019de E\u011fitim<span class=\"excerpt-hellip\"> [\u2026]<\/span><\/p>\n","protected":false},"featured_media":0,"template":"","meta":{"_monsterinsights_skip_tracking":false,"_monsterinsights_sitenote_active":false,"_monsterinsights_sitenote_note":"","_monsterinsights_sitenote_category":0},"product_brand":[],"product_cat":[12835,12324],"product_tag":[],"class_list":{"0":"post-737113","1":"product","2":"type-product","3":"status-publish","5":"product_cat-genel-sosyoloji","6":"product_cat-sosyoloji","7":"pa_cilt-ciltsiz","8":"pa_tur-kitap","9":"pa_yayinevi-gazi-kitabevi","10":"pa_yazar-aslan-tolga-ocal","12":"first","13":"instock","14":"sale","15":"shipping-taxable","16":"purchasable","17":"product-type-simple"},"_links":{"self":[{"href":"https:\/\/roveyayinevi.com.tr\/index.php\/wp-json\/wp\/v2\/product\/737113","targetHints":{"allow":["GET"]}}],"collection":[{"href":"https:\/\/roveyayinevi.com.tr\/index.php\/wp-json\/wp\/v2\/product"}],"about":[{"href":"https:\/\/roveyayinevi.com.tr\/index.php\/wp-json\/wp\/v2\/types\/product"}],"wp:attachment":[{"href":"https:\/\/roveyayinevi.com.tr\/index.php\/wp-json\/wp\/v2\/media?parent=737113"}],"wp:term":[{"taxonomy":"product_brand","embeddable":true,"href":"https:\/\/roveyayinevi.com.tr\/index.php\/wp-json\/wp\/v2\/product_brand?post=737113"},{"taxonomy":"product_cat","embeddable":true,"href":"https:\/\/roveyayinevi.com.tr\/index.php\/wp-json\/wp\/v2\/product_cat?post=737113"},{"taxonomy":"product_tag","embeddable":true,"href":"https:\/\/roveyayinevi.com.tr\/index.php\/wp-json\/wp\/v2\/product_tag?post=737113"}],"curies":[{"name":"wp","href":"https:\/\/api.w.org\/{rel}","templated":true}]}}