{"id":737112,"date":"2025-08-27T23:21:18","date_gmt":"2025-08-27T20:21:18","guid":{"rendered":"https:\/\/roveyayinevi.com.tr\/index.php\/urun\/pandemi-sonrasi-tuketim-arastirmalari\/"},"modified":"2026-04-16T02:46:37","modified_gmt":"2026-04-15T23:46:37","slug":"pandemi-sonrasi-tuketim-arastirmalari","status":"publish","type":"product","link":"https:\/\/roveyayinevi.com.tr\/index.php\/urun\/pandemi-sonrasi-tuketim-arastirmalari\/","title":{"rendered":"Pandemi Sonras\u0131 T\u00fcketim Ara\u015ft\u0131rmalar\u0131"},"content":{"rendered":"<p>B\u00d6L\u00dcM 1: PANDEM\u0130 SONRASI T\u00dcKET\u0130C\u0130LER\u0130N TEKNOLOJ\u0130 KULLANIMI   B\u00d6L\u00dcM 2: PANDEM\u0130 SONRASI ONLINE MARKET ALI\u015eVER\u0130\u015e\u0130NE Y\u00d6NEL\u0130K DE\u011e\u0130\u015e\u0130MLER   B\u00d6L\u00dcM 3: T\u00dcKET\u0130C\u0130LER\u0130N UZAKTAN ALINAN H\u0130ZMETLERE BAKI\u015eI: E\u011e\u0130T\u0130M SEKT\u00d6R\u00dcNE Y\u00d6NEL\u0130K DE\u011eERLEND\u0130RME   B\u00d6L\u00dcM 4: PANDEM\u0130 SONRASI D\u00d6NEMDE T\u00dcKET\u0130C\u0130LER\u0130N DE\u011e\u0130\u015eEN YA\u015eAM TARZLARI   B\u00d6L\u00dcM 5: PANDEM\u0130 SONRASI D\u00d6NEMDE T\u00dcKET\u0130C\u0130LER\u0130N SA\u011eLIK DAVRANI\u015eLARINDAK\u0130 DE\u011e\u0130\u015e\u0130KL\u0130KLER   B\u00d6L\u00dcM 6: T\u00dcKET\u0130C\u0130LER\u0130N PANDEM\u0130 SONRASI G\u0130Y\u0130M ALI\u015eVER\u0130\u015e\u0130 TERC\u0130HLER   B\u00d6L\u00dcM 7: PANDEM\u0130 SONRASI D\u00d6NEMDE T\u00dcKET\u0130C\u0130LER\u0130N ULA\u015eTIRMA S\u0130STEM\u0130 TERC\u0130HLER\u0130   B\u00d6L\u00dcM 8: T\u00dcKET\u0130C\u0130LER\u0130N PANDEM\u0130 SONRASI BESLENME ALI\u015eKANLIKLARINDAK\u0130 DE\u011e\u0130\u015e\u0130KL\u0130KLER   B\u00d6L\u00dcM 9: T\u00dcKET\u0130C\u0130LER\u0130N PANDEM\u0130 SONRASI SOSYAL MEDYA PAZARLAMASINDAN BEKLENT\u0130LER\u0130   B\u00d6L\u00dcM 10: PANDEM\u0130 SONRASI D\u00d6NEMDE T\u00dcKET\u0130C\u0130LER\u0130N SOSYAL MEDYA BA\u011eIMLILI\u011eI   B\u00d6L\u00dcM 11: MOB\u0130L MARKET UYGULAMALARINDA M\u00dc\u015eTER\u0130 TATM\u0130N\u0130NE ETK\u0130 EDEN FAKT\u00d6RLER\u0130N BEL\u0130RLENMES\u0130 <\/p>\n","protected":false},"excerpt":{"rendered":"<p>B\u00d6L\u00dcM 1: PANDEM\u0130 SONRASI T\u00dcKET\u0130C\u0130LER\u0130N TEKNOLOJ\u0130 KULLANIMI B\u00d6L\u00dcM 2: PANDEM\u0130 SONRASI ONLINE MARKET ALI\u015eVER\u0130\u015e\u0130NE Y\u00d6NEL\u0130K DE\u011e\u0130\u015e\u0130MLER B\u00d6L\u00dcM 3: T\u00dcKET\u0130C\u0130LER\u0130N UZAKTAN ALINAN H\u0130ZMETLERE BAKI\u015eI: E\u011e\u0130T\u0130M SEKT\u00d6R\u00dcNE Y\u00d6NEL\u0130K<span class=\"excerpt-hellip\"> [\u2026]<\/span><\/p>\n","protected":false},"featured_media":0,"template":"","meta":{"_monsterinsights_skip_tracking":false,"_monsterinsights_sitenote_active":false,"_monsterinsights_sitenote_note":"","_monsterinsights_sitenote_category":0},"product_brand":[],"product_cat":[13043,17492],"product_tag":[],"class_list":{"0":"post-737112","1":"product","2":"type-product","3":"status-publish","5":"product_cat-ekonomi","6":"product_cat-pazarlama-satis-reklam","7":"pa_cilt-ciltsiz","8":"pa_tur-kitap","9":"pa_yayinevi-gazi-kitabevi","10":"pa_yazar-cansu-tor-kadioglu","12":"first","13":"instock","14":"sale","15":"shipping-taxable","16":"purchasable","17":"product-type-simple"},"_links":{"self":[{"href":"https:\/\/roveyayinevi.com.tr\/index.php\/wp-json\/wp\/v2\/product\/737112","targetHints":{"allow":["GET"]}}],"collection":[{"href":"https:\/\/roveyayinevi.com.tr\/index.php\/wp-json\/wp\/v2\/product"}],"about":[{"href":"https:\/\/roveyayinevi.com.tr\/index.php\/wp-json\/wp\/v2\/types\/product"}],"wp:attachment":[{"href":"https:\/\/roveyayinevi.com.tr\/index.php\/wp-json\/wp\/v2\/media?parent=737112"}],"wp:term":[{"taxonomy":"product_brand","embeddable":true,"href":"https:\/\/roveyayinevi.com.tr\/index.php\/wp-json\/wp\/v2\/product_brand?post=737112"},{"taxonomy":"product_cat","embeddable":true,"href":"https:\/\/roveyayinevi.com.tr\/index.php\/wp-json\/wp\/v2\/product_cat?post=737112"},{"taxonomy":"product_tag","embeddable":true,"href":"https:\/\/roveyayinevi.com.tr\/index.php\/wp-json\/wp\/v2\/product_tag?post=737112"}],"curies":[{"name":"wp","href":"https:\/\/api.w.org\/{rel}","templated":true}]}}