{"id":737111,"date":"2025-08-27T23:21:17","date_gmt":"2025-08-27T20:21:17","guid":{"rendered":"https:\/\/roveyayinevi.com.tr\/index.php\/urun\/pandemi-sonrasi-pazarlama-stratejileri\/"},"modified":"2026-04-16T02:46:37","modified_gmt":"2026-04-15T23:46:37","slug":"pandemi-sonrasi-pazarlama-stratejileri","status":"publish","type":"product","link":"https:\/\/roveyayinevi.com.tr\/index.php\/urun\/pandemi-sonrasi-pazarlama-stratejileri\/","title":{"rendered":"Pandemi Sonras\u0131 Pazarlama Stratejileri"},"content":{"rendered":"<p>B\u00d6L\u00dcM 1: Pandemi Sonras\u0131 D\u00f6nemde Firmalar\u0131n De\u011fi\u015fen Marka \u0130leti\u015fimi Uygulamalar\u0131   B\u00d6L\u00dcM 2: Pandemi Sonras\u0131 D\u00f6nemde Pazarlama \u0130leti\u015fimi   B\u00d6L\u00dcM 3: Pandemi Sonras\u0131 D\u00f6nemde Firmalar\u0131n Duygusal Pazarlama Uygulamalar\u0131   B\u00d6L\u00dcM 4: Pandemi Sonras\u0131 D\u00f6nemde De\u011fi\u015fen Reklamlar   B\u00d6L\u00dcM 5: Pandemi Sonras\u0131 D\u00f6nemde Etkinlik Pazarlamas\u0131   B\u00d6L\u00dcM 6: Pandemi Sonras\u0131 D\u00f6nemde Otellerin Pazarlama Yenilik Stratejileri   B\u00d6L\u00dcM 7: Pandemi Sonras\u0131 D\u00f6nemde Turizm Sekt\u00f6r\u00fcnde Uygulamalar   B\u00d6L\u00dcM 8: Pandemi Sonras\u0131 D\u00f6nemde D\u00fcnyada ve T\u00fcrkiye\u2019de ETicaretin D\u00f6n\u00fc\u015f\u00fcm\u00fc   B\u00d6L\u00dcM 9: Pandemiyle De\u011fi\u015fen E-Ticaret E\u011filimleri: Google Arama Hacmi Verilerine Dayal\u0131 Bir Ara\u015ft\u0131rma   B\u00d6L\u00dcM 10: Cov\u0131d-19 Salg\u0131n\u0131na Y\u00f6nelik Alg\u0131lar\u0131n Tespiti: Salg\u0131n Hakk\u0131nda Do\u011fru Bilinen Yanl\u0131\u015flara Sosyal Pazarlama Ba\u011flam\u0131nda \u00c7\u00f6z\u00fcm   B\u00d6L\u00dcM 11: Pandemi Sonras\u0131 D\u00f6nemde Yapay Zeka <\/p>\n","protected":false},"excerpt":{"rendered":"<p>B\u00d6L\u00dcM 1: Pandemi Sonras\u0131 D\u00f6nemde Firmalar\u0131n De\u011fi\u015fen Marka \u0130leti\u015fimi Uygulamalar\u0131 B\u00d6L\u00dcM 2: Pandemi Sonras\u0131 D\u00f6nemde Pazarlama \u0130leti\u015fimi B\u00d6L\u00dcM 3: Pandemi Sonras\u0131 D\u00f6nemde Firmalar\u0131n Duygusal Pazarlama Uygulamalar\u0131<span class=\"excerpt-hellip\"> [\u2026]<\/span><\/p>\n","protected":false},"featured_media":0,"template":"","meta":{"_monsterinsights_skip_tracking":false,"_monsterinsights_sitenote_active":false,"_monsterinsights_sitenote_note":"","_monsterinsights_sitenote_category":0},"product_brand":[],"product_cat":[13043,17492],"product_tag":[],"class_list":{"0":"post-737111","1":"product","2":"type-product","3":"status-publish","5":"product_cat-ekonomi","6":"product_cat-pazarlama-satis-reklam","7":"pa_cilt-ciltsiz","8":"pa_tur-kitap","9":"pa_yayinevi-gazi-kitabevi","10":"pa_yazar-cansu-tor-kadioglu","12":"first","13":"instock","14":"sale","15":"shipping-taxable","16":"purchasable","17":"product-type-simple"},"_links":{"self":[{"href":"https:\/\/roveyayinevi.com.tr\/index.php\/wp-json\/wp\/v2\/product\/737111","targetHints":{"allow":["GET"]}}],"collection":[{"href":"https:\/\/roveyayinevi.com.tr\/index.php\/wp-json\/wp\/v2\/product"}],"about":[{"href":"https:\/\/roveyayinevi.com.tr\/index.php\/wp-json\/wp\/v2\/types\/product"}],"wp:attachment":[{"href":"https:\/\/roveyayinevi.com.tr\/index.php\/wp-json\/wp\/v2\/media?parent=737111"}],"wp:term":[{"taxonomy":"product_brand","embeddable":true,"href":"https:\/\/roveyayinevi.com.tr\/index.php\/wp-json\/wp\/v2\/product_brand?post=737111"},{"taxonomy":"product_cat","embeddable":true,"href":"https:\/\/roveyayinevi.com.tr\/index.php\/wp-json\/wp\/v2\/product_cat?post=737111"},{"taxonomy":"product_tag","embeddable":true,"href":"https:\/\/roveyayinevi.com.tr\/index.php\/wp-json\/wp\/v2\/product_tag?post=737111"}],"curies":[{"name":"wp","href":"https:\/\/api.w.org\/{rel}","templated":true}]}}