{"id":737110,"date":"2025-08-27T23:21:16","date_gmt":"2025-08-27T20:21:16","guid":{"rendered":"https:\/\/roveyayinevi.com.tr\/index.php\/urun\/kuresellesme-2\/"},"modified":"2026-04-16T02:46:37","modified_gmt":"2026-04-15T23:46:37","slug":"kuresellesme-2","status":"publish","type":"product","link":"https:\/\/roveyayinevi.com.tr\/index.php\/urun\/kuresellesme-2\/","title":{"rendered":"K\u00fcreselle\u015fme"},"content":{"rendered":"<p>1.      K\u00fcreselle\u015fme ve \u00c7ok Uluslu \u015eirketler 2.      K\u00fcreselle\u015fme ve Refah Devleti Krizi 3.      K\u00fcreselle\u015fme ve Mali Sorunlar 4.      K\u00fcreselle\u015fme ve Kamu Harcamalar\u0131- E\u011fitim, Sa\u011fl\u0131k ve \u00c7evre Koruma Harcamalar\u0131 \u00dczerine Bir De\u011ferlendirme 5.      K\u00fcreselle\u015fme ve Kamu Y\u00f6netimi 6.      K\u00fcreselle\u015fme ve K\u00fclt\u00fcr 7.      K\u00fcreselle\u015fme ve Kentsel Mek\u00e2n 8.      K\u00fcreselle\u015fme ve Yerel Kat\u0131l\u0131m 9.      K\u00fcreselle\u015fme ve Ekolojik Kriz Y\u00f6netimi 10.  K\u00fcreselle\u015fme ve Uluslararas\u0131 Hukuk 11.  K\u00fcreselle\u015fme ve Demokrasi 12.  K\u00fcreselle\u015fme ve Sendikal Hareketler <\/p>\n","protected":false},"excerpt":{"rendered":"<p>1. K\u00fcreselle\u015fme ve \u00c7ok Uluslu \u015eirketler 2. K\u00fcreselle\u015fme ve Refah Devleti Krizi 3. K\u00fcreselle\u015fme ve Mali Sorunlar 4. K\u00fcreselle\u015fme ve Kamu Harcamalar\u0131- E\u011fitim, Sa\u011fl\u0131k ve \u00c7evre<span class=\"excerpt-hellip\"> [\u2026]<\/span><\/p>\n","protected":false},"featured_media":0,"template":"","meta":{"_monsterinsights_skip_tracking":false,"_monsterinsights_sitenote_active":false,"_monsterinsights_sitenote_note":"","_monsterinsights_sitenote_category":0},"product_brand":[],"product_cat":[13043,65318],"product_tag":[],"class_list":{"0":"post-737110","1":"product","2":"type-product","3":"status-publish","5":"product_cat-ekonomi","6":"product_cat-kuresellesme","7":"pa_cilt-ciltsiz","8":"pa_tur-kitap","9":"pa_yayinevi-gazi-kitabevi","10":"pa_yazar-eray-aktepe-enes-ugur-tohum","12":"first","13":"instock","14":"sale","15":"shipping-taxable","16":"purchasable","17":"product-type-simple"},"_links":{"self":[{"href":"https:\/\/roveyayinevi.com.tr\/index.php\/wp-json\/wp\/v2\/product\/737110","targetHints":{"allow":["GET"]}}],"collection":[{"href":"https:\/\/roveyayinevi.com.tr\/index.php\/wp-json\/wp\/v2\/product"}],"about":[{"href":"https:\/\/roveyayinevi.com.tr\/index.php\/wp-json\/wp\/v2\/types\/product"}],"wp:attachment":[{"href":"https:\/\/roveyayinevi.com.tr\/index.php\/wp-json\/wp\/v2\/media?parent=737110"}],"wp:term":[{"taxonomy":"product_brand","embeddable":true,"href":"https:\/\/roveyayinevi.com.tr\/index.php\/wp-json\/wp\/v2\/product_brand?post=737110"},{"taxonomy":"product_cat","embeddable":true,"href":"https:\/\/roveyayinevi.com.tr\/index.php\/wp-json\/wp\/v2\/product_cat?post=737110"},{"taxonomy":"product_tag","embeddable":true,"href":"https:\/\/roveyayinevi.com.tr\/index.php\/wp-json\/wp\/v2\/product_tag?post=737110"}],"curies":[{"name":"wp","href":"https:\/\/api.w.org\/{rel}","templated":true}]}}