{"id":737109,"date":"2025-08-27T23:21:15","date_gmt":"2025-08-27T20:21:15","guid":{"rendered":"https:\/\/roveyayinevi.com.tr\/index.php\/urun\/insan-kaynaklari-yonetiminde-yeni-yonelimler\/"},"modified":"2026-04-16T02:46:37","modified_gmt":"2026-04-15T23:46:37","slug":"insan-kaynaklari-yonetiminde-yeni-yonelimler","status":"publish","type":"product","link":"https:\/\/roveyayinevi.com.tr\/index.php\/urun\/insan-kaynaklari-yonetiminde-yeni-yonelimler\/","title":{"rendered":"\u0130nsan Kaynaklar\u0131 Y\u00f6netiminde Yeni Y\u00f6nelimler"},"content":{"rendered":"<p>B\u0130R\u0130NC\u0130 B\u00d6L\u00dcM: PERSONEL Y\u00d6NET\u0130M\u0130NDEN \u0130NSAN KAYNAKLARI Y\u00d6NET\u0130M\u0130NE GE\u00c7\u0130\u015e   \u0130K\u0130NC\u0130 B\u00d6L\u00dcM: ADALET, L\u0130YAKAT VE RASYONEL \u0130NSAN KAYNAKLARI   \u00dc\u00c7\u00dcNC\u00dc B\u00d6L\u00dcM: B\u00dcY\u00dcK VER\u0130 VE \u0130NSAN KAYNAKLARI   D\u00d6RD\u00dcNC\u00dc B\u00d6L\u00dcM: D\u0130J\u0130TALLE\u015eME VE \u0130NSAN KAYNAKLARI Y\u00d6NET\u0130M\u0130   BE\u015e\u0130NC\u0130 B\u00d6L\u00dcM: END\u00dcSTR\u0130 4.0, TOPLUM 5.0 VE \u0130NSAN KAYNAKLARI   ALTINCI B\u00d6L\u00dcM: FARKLILIKLARIN Y\u00d6NET\u0130M\u0130 VE \u0130NSAN KAYNAKLARI   YED\u0130NC\u0130 B\u00d6L\u00dcM: KAR\u0130YER Y\u00d6NET\u0130M\u0130 VE \u0130NSAN KAYNAKLARI   SEK\u0130Z\u0130NC\u0130 B\u00d6L\u00dcM: KIYASLAMA, G\u00dc\u00c7LEND\u0130RME VE \u0130NSAN KAYNAKLARI   DOKUZUNCU B\u00d6L\u00dcM: K\u00dcRESEL \u0130NSAN KAYNAKLARI   ONUNCU B\u00d6L\u00dcM: \u00d6RG\u00dcTSEL B\u0130LG\u0130 Y\u00d6NET\u0130M\u0130, BLOK Z\u0130NC\u0130R VE \u0130NSAN KAYNAKLARI   ONB\u0130R\u0130NC\u0130 B\u00d6L\u00dcM: STRATEJ\u0130K PLANLAMA VE \u0130NSAN KAYNAKLARI Y\u00d6NET\u0130M\u0130   ON\u0130K\u0130NC\u0130 B\u00d6L\u00dcM: YAPAY ZEKA, DUYGUSAL ZEKA VE \u0130NSAN KAYNAKLARI   ON\u00dc\u00c7\u00dcNC\u00dc B\u00d6L\u00dcM: YEN\u0130 L\u0130DERL\u0130K ANLAYI\u015eI VE \u0130NSAN KAYNAKLARI   OND\u00d6RD\u00dcNC\u00dc B\u00d6L\u00dcM: YEN\u0130 \u00d6RG\u00dcT YAPILARI VE \u0130NSAN KAYNAKLARI Y\u00d6NET\u0130M\u0130   ONBE\u015e\u0130NC\u0130 B\u00d6L\u00dcM: YEN\u0130L\u0130K Y\u00d6NET\u0130M\u0130 VE \u0130NSAN KAYNAKLARI   ONALTINCI B\u00d6L\u00dcM: YE\u015e\u0130L Y\u00d6NET\u0130M VE \u0130NSAN KAYNAKLARI Y\u00d6NET\u0130M\u0130   ONYED\u0130NC\u0130 B\u00d6L\u00dcM: YETENEK Y\u00d6NET\u0130M\u0130 VE \u0130NSAN KAYNAKLARI   ONSEK\u0130Z\u0130NC\u0130 B\u00d6L\u00dcM: Y\u00d6NET\u0130M SENDROMLARI VE \u0130NSAN KAYNAKLARI   ONDOKUZUNCU B\u00d6L\u00dcM: Z KU\u015eA\u011eI ETK\u0130S\u0130 VE \u0130NSAN KAYNAKLARI <\/p>\n","protected":false},"excerpt":{"rendered":"<p>B\u0130R\u0130NC\u0130 B\u00d6L\u00dcM: PERSONEL Y\u00d6NET\u0130M\u0130NDEN \u0130NSAN KAYNAKLARI Y\u00d6NET\u0130M\u0130NE GE\u00c7\u0130\u015e \u0130K\u0130NC\u0130 B\u00d6L\u00dcM: ADALET, L\u0130YAKAT VE RASYONEL \u0130NSAN KAYNAKLARI \u00dc\u00c7\u00dcNC\u00dc B\u00d6L\u00dcM: B\u00dcY\u00dcK VER\u0130 VE \u0130NSAN KAYNAKLARI D\u00d6RD\u00dcNC\u00dc B\u00d6L\u00dcM: D\u0130J\u0130TALLE\u015eME<span class=\"excerpt-hellip\"> [\u2026]<\/span><\/p>\n","protected":false},"featured_media":0,"template":"","meta":{"_monsterinsights_skip_tracking":false,"_monsterinsights_sitenote_active":false,"_monsterinsights_sitenote_note":"","_monsterinsights_sitenote_category":0},"product_brand":[],"product_cat":[12573,12566],"product_tag":[],"class_list":{"0":"post-737109","1":"product","2":"type-product","3":"status-publish","5":"product_cat-akademik-kitaplar","6":"product_cat-egitim","7":"pa_cilt-ciltsiz","8":"pa_tur-kitap","9":"pa_yayinevi-gazi-kitabevi","10":"pa_yazar-m-akif-ozer","12":"first","13":"instock","14":"sale","15":"shipping-taxable","16":"purchasable","17":"product-type-simple"},"_links":{"self":[{"href":"https:\/\/roveyayinevi.com.tr\/index.php\/wp-json\/wp\/v2\/product\/737109","targetHints":{"allow":["GET"]}}],"collection":[{"href":"https:\/\/roveyayinevi.com.tr\/index.php\/wp-json\/wp\/v2\/product"}],"about":[{"href":"https:\/\/roveyayinevi.com.tr\/index.php\/wp-json\/wp\/v2\/types\/product"}],"wp:attachment":[{"href":"https:\/\/roveyayinevi.com.tr\/index.php\/wp-json\/wp\/v2\/media?parent=737109"}],"wp:term":[{"taxonomy":"product_brand","embeddable":true,"href":"https:\/\/roveyayinevi.com.tr\/index.php\/wp-json\/wp\/v2\/product_brand?post=737109"},{"taxonomy":"product_cat","embeddable":true,"href":"https:\/\/roveyayinevi.com.tr\/index.php\/wp-json\/wp\/v2\/product_cat?post=737109"},{"taxonomy":"product_tag","embeddable":true,"href":"https:\/\/roveyayinevi.com.tr\/index.php\/wp-json\/wp\/v2\/product_tag?post=737109"}],"curies":[{"name":"wp","href":"https:\/\/api.w.org\/{rel}","templated":true}]}}