{"id":737106,"date":"2025-08-27T23:21:13","date_gmt":"2025-08-27T20:21:13","guid":{"rendered":"https:\/\/roveyayinevi.com.tr\/index.php\/urun\/metin-madenciligi-kelime-muhasebesi-ve-denetimi\/"},"modified":"2026-04-16T02:46:37","modified_gmt":"2026-04-15T23:46:37","slug":"metin-madenciligi-kelime-muhasebesi-ve-denetimi","status":"publish","type":"product","link":"https:\/\/roveyayinevi.com.tr\/index.php\/urun\/metin-madenciligi-kelime-muhasebesi-ve-denetimi\/","title":{"rendered":"Metin Madencili\u011fi Kelime Muhasebesi ve Denetimi"},"content":{"rendered":"<p>B\u0130R\u0130NC\u0130 B\u00d6L\u00dcM : MET\u0130N VE VER\u0130 MADENC\u0130L\u0130\u011e\u0130N\u0130N KAVRAMSAL \u00c7ER\u00c7EVES\u0130   \u0130K\u0130NC\u0130 B\u00d6L\u00dcM : MUHASEBEDE MET\u0130N MADENC\u0130L\u0130\u011e\u0130   \u00dc\u00c7\u00dcNC\u00dc B\u00d6L\u00dcM : BA\u011eIMSIZ DENET\u0130MDE MET\u0130N MADENC\u0130L\u0130\u011e\u0130   D\u00d6RD\u00dcNC\u00dc B\u00d6L\u00dcM : MUHASEBE VE DENET\u0130MDE MET\u0130N \u00c7ALI\u015eMALARI   BE\u015e\u0130NC\u0130 B\u00d6L\u00dcM : VERG\u0130SEL MET\u0130N MADENC\u0130L\u0130\u011e\u0130   ALTINCI B\u00d6L\u00dcM : DENET\u0130M MET\u0130N MADENC\u0130L\u0130\u011e\u0130 UYGULAMASI   YED\u0130NC\u0130 B\u00d6L\u00dcM : DENET\u0130M VE MUHASEBE KEL\u0130ME \u00c7ANTASI \u00d6NER\u0130LER\u0130 <\/p>\n","protected":false},"excerpt":{"rendered":"<p>B\u0130R\u0130NC\u0130 B\u00d6L\u00dcM : MET\u0130N VE VER\u0130 MADENC\u0130L\u0130\u011e\u0130N\u0130N KAVRAMSAL \u00c7ER\u00c7EVES\u0130 \u0130K\u0130NC\u0130 B\u00d6L\u00dcM : MUHASEBEDE MET\u0130N MADENC\u0130L\u0130\u011e\u0130 \u00dc\u00c7\u00dcNC\u00dc B\u00d6L\u00dcM : BA\u011eIMSIZ DENET\u0130MDE MET\u0130N MADENC\u0130L\u0130\u011e\u0130 D\u00d6RD\u00dcNC\u00dc B\u00d6L\u00dcM : MUHASEBE<span class=\"excerpt-hellip\"> [\u2026]<\/span><\/p>\n","protected":false},"featured_media":0,"template":"","meta":{"_monsterinsights_skip_tracking":false,"_monsterinsights_sitenote_active":false,"_monsterinsights_sitenote_note":"","_monsterinsights_sitenote_category":0},"product_brand":[],"product_cat":[13043,14381],"product_tag":[],"class_list":{"0":"post-737106","1":"product","2":"type-product","3":"status-publish","5":"product_cat-ekonomi","6":"product_cat-isletme-muhasebe-maliye","7":"pa_cilt-ciltsiz","8":"pa_tur-kitap","9":"pa_yayinevi-gazi-kitabevi","10":"pa_yazar-fatma-akyuz-selcuk-gulten","12":"first","13":"instock","14":"sale","15":"shipping-taxable","16":"purchasable","17":"product-type-simple"},"_links":{"self":[{"href":"https:\/\/roveyayinevi.com.tr\/index.php\/wp-json\/wp\/v2\/product\/737106","targetHints":{"allow":["GET"]}}],"collection":[{"href":"https:\/\/roveyayinevi.com.tr\/index.php\/wp-json\/wp\/v2\/product"}],"about":[{"href":"https:\/\/roveyayinevi.com.tr\/index.php\/wp-json\/wp\/v2\/types\/product"}],"wp:attachment":[{"href":"https:\/\/roveyayinevi.com.tr\/index.php\/wp-json\/wp\/v2\/media?parent=737106"}],"wp:term":[{"taxonomy":"product_brand","embeddable":true,"href":"https:\/\/roveyayinevi.com.tr\/index.php\/wp-json\/wp\/v2\/product_brand?post=737106"},{"taxonomy":"product_cat","embeddable":true,"href":"https:\/\/roveyayinevi.com.tr\/index.php\/wp-json\/wp\/v2\/product_cat?post=737106"},{"taxonomy":"product_tag","embeddable":true,"href":"https:\/\/roveyayinevi.com.tr\/index.php\/wp-json\/wp\/v2\/product_tag?post=737106"}],"curies":[{"name":"wp","href":"https:\/\/api.w.org\/{rel}","templated":true}]}}