{"id":737105,"date":"2025-08-27T23:21:12","date_gmt":"2025-08-27T20:21:12","guid":{"rendered":"https:\/\/roveyayinevi.com.tr\/index.php\/urun\/is-yasaminda-kadin\/"},"modified":"2026-04-16T02:46:37","modified_gmt":"2026-04-15T23:46:37","slug":"is-yasaminda-kadin","status":"publish","type":"product","link":"https:\/\/roveyayinevi.com.tr\/index.php\/urun\/is-yasaminda-kadin\/","title":{"rendered":"\u0130\u015f Ya\u015fam\u0131nda Kad\u0131n"},"content":{"rendered":"<p>1.      B\u00d6L\u00dcM : T\u00dcRK\u0130YE\u2019DE KADIN \u0130ST\u0130HDAMI VE EKONOM\u0130K B\u00dcY\u00dcME ARASINDAK\u0130 \u0130L\u0130\u015eK\u0130: VAR ANAL\u0130Z\u0130 (1988-2019)   2.      B\u00d6L\u00dcM : ET\u0130K VE KADIN G\u0130R\u0130\u015e\u0130MC\u0130L\u0130K     3.      B\u00d6L\u00dcM : KADIN MUHASEBE MESLEK MENSUPLARININ SORUNLARI VE MESLE\u011eE \u0130L\u0130\u015eK\u0130N G\u00d6R\u00dc\u015eLER\u0130: A\u011eRI \u0130L\u0130 \u00d6RNE\u011e\u0130   4.      B\u00d6L\u00dcM : KADIN G\u0130R\u0130\u015e\u0130MC\u0130LERDE \u0130\u015e YA\u015eAM DENGES\u0130     5.      B\u00d6L\u00dcM : \u00c7ALI\u015eANLARIN OLUMSUZ DUYGUYU \u0130FADE EDEB\u0130LME YETENE\u011e\u0130N\u0130N F\u0130RMANIN F\u0130NANSAL PERFORMANSINA ETK\u0130S\u0130: KADIN L\u0130DERLER\u0130N MODERAT\u00d6R ROL\u00dc   6.      B\u00d6L\u00dcM : KADIN G\u0130R\u0130\u015e\u0130MC\u0130LER\u0130N F\u0130NANSAL OKURYAZARLIK HAKKINDAK\u0130 G\u00d6R\u00dc\u015eLER\u0130N\u0130N \u0130NCELENMES\u0130     7.      B\u00d6L\u00dcM : \u00c7ALI\u015eAN KADINLARIN ONL\u0130NE ALI\u015eVER\u0130\u015e DAVRANI\u015eLARI \u00dcZER\u0130NE B\u0130R \u0130NCELEME   8.      B\u00d6L\u00dcM : \u0130TEN VE \u00c7EKEN FAKT\u00d6RLER BA\u011eLAMINDA KADIN G\u0130R\u0130\u015e\u0130MC\u0130L\u0130K     9.      B\u00d6L\u00dcM : Y\u00d6NET\u0130M KURULUNDAK\u0130 KADINLAR VE F\u0130NANSAL PERFORMANS   10.  B\u00d6L\u00dcM : PROFESYONEL KO\u00c7LUK E\u011e\u0130T\u0130M\u0130NE KATILAN KADINLARIN G\u0130R\u0130\u015e\u0130MC\u0130L\u0130KLE \u0130LG\u0130L\u0130 TUTUMU <\/p>\n","protected":false},"excerpt":{"rendered":"<p>1. B\u00d6L\u00dcM : T\u00dcRK\u0130YE\u2019DE KADIN \u0130ST\u0130HDAMI VE EKONOM\u0130K B\u00dcY\u00dcME ARASINDAK\u0130 \u0130L\u0130\u015eK\u0130: VAR ANAL\u0130Z\u0130 (1988-2019) 2. B\u00d6L\u00dcM : ET\u0130K VE KADIN G\u0130R\u0130\u015e\u0130MC\u0130L\u0130K 3. B\u00d6L\u00dcM : KADIN MUHASEBE<span class=\"excerpt-hellip\"> [\u2026]<\/span><\/p>\n","protected":false},"featured_media":0,"template":"","meta":{"_monsterinsights_skip_tracking":false,"_monsterinsights_sitenote_active":false,"_monsterinsights_sitenote_note":"","_monsterinsights_sitenote_category":0},"product_brand":[],"product_cat":[13043,17647],"product_tag":[],"class_list":{"0":"post-737105","1":"product","2":"type-product","3":"status-publish","5":"product_cat-ekonomi","6":"product_cat-is-dunyasi","7":"pa_cilt-ciltsiz","8":"pa_tur-kitap","9":"pa_yayinevi-gazi-kitabevi","10":"pa_yazar-erdogan-kaygin-ceyda-yerdelen-kaygin","12":"first","13":"instock","14":"sale","15":"shipping-taxable","16":"purchasable","17":"product-type-simple"},"_links":{"self":[{"href":"https:\/\/roveyayinevi.com.tr\/index.php\/wp-json\/wp\/v2\/product\/737105","targetHints":{"allow":["GET"]}}],"collection":[{"href":"https:\/\/roveyayinevi.com.tr\/index.php\/wp-json\/wp\/v2\/product"}],"about":[{"href":"https:\/\/roveyayinevi.com.tr\/index.php\/wp-json\/wp\/v2\/types\/product"}],"wp:attachment":[{"href":"https:\/\/roveyayinevi.com.tr\/index.php\/wp-json\/wp\/v2\/media?parent=737105"}],"wp:term":[{"taxonomy":"product_brand","embeddable":true,"href":"https:\/\/roveyayinevi.com.tr\/index.php\/wp-json\/wp\/v2\/product_brand?post=737105"},{"taxonomy":"product_cat","embeddable":true,"href":"https:\/\/roveyayinevi.com.tr\/index.php\/wp-json\/wp\/v2\/product_cat?post=737105"},{"taxonomy":"product_tag","embeddable":true,"href":"https:\/\/roveyayinevi.com.tr\/index.php\/wp-json\/wp\/v2\/product_tag?post=737105"}],"curies":[{"name":"wp","href":"https:\/\/api.w.org\/{rel}","templated":true}]}}