{"id":737104,"date":"2025-08-27T23:21:12","date_gmt":"2025-08-27T20:21:12","guid":{"rendered":"https:\/\/roveyayinevi.com.tr\/index.php\/urun\/beseri-cografya-ataturk-universitesi-cografya-arastirmalari-serisi-2021\/"},"modified":"2026-04-16T02:46:36","modified_gmt":"2026-04-15T23:46:36","slug":"beseri-cografya-ataturk-universitesi-cografya-arastirmalari-serisi-2021","status":"publish","type":"product","link":"https:\/\/roveyayinevi.com.tr\/index.php\/urun\/beseri-cografya-ataturk-universitesi-cografya-arastirmalari-serisi-2021\/","title":{"rendered":"Be\u015feri Co\u011frafya &#8211; Atat\u00fcrk \u00dcniversitesi Co\u011frafya Ara\u015ft\u0131rmalar\u0131 Serisi 2021"},"content":{"rendered":"<p>B\u0130R\u0130NC\u0130 B\u00d6L\u00dcM : Yerle\u015fme Co\u011frafyas\u0131 ve \u0130dari Co\u011frafya Bak\u0131m\u0131ndan Mesk\u00fbn Mahal Tabelalar\u0131 \u00dczerine D\u00fc\u015f\u00fcnceler: Karab\u00fck ve Ankara \u0130linden \u00d6rnekler   \u0130K\u0130NC\u0130 B\u00d6L\u00dcM : Ortado\u011fu\u2019da Medeniyetler \u00c7at\u0131\u015fmas\u0131 ile Vek\u00e2let Sava\u015flar\u0131n\u0131n Siyasi Co\u011frafya A\u00e7\u0131s\u0131ndan Analizi   \u00dc\u00c7\u00dcNC\u00dc B\u00d6L\u00dcM : Nah\u00e7\u0131van Horadiz Bak\u00fc Demiryolu Hatt\u0131n\u0131n B\u00f6lge Turizmi A\u00e7\u0131s\u0131ndan \u00d6nemi   D\u00d6RD\u00dcNC\u00dc B\u00d6L\u00dcM : Bing\u00f6l \u0130linde Ar\u0131c\u0131l\u0131\u011f\u0131n Co\u011frafi Esaslar\u0131 ve Ekonomik \u00d6nemi   BE\u015e\u0130NC\u0130 B\u00d6L\u00dcM : Erzincan \u015eehrinin Do\u011fal \u00c7evre \u00d6zelliklerine Dayanan G\u00fcn\u00fcbirlik Rekreasyon Sahalar\u0131na \u00d6rnekler: Ek\u015fisu, Pahnik Mesireleri ve G\u00fcrlevik \u00c7a\u011flayan\u0131 ALTINCI B\u00d6L\u00dcM : De\u011fi\u015fen Kamu Y\u00f6netim Sistemati\u011finin \u0130dari Co\u011frafya Ba\u011flam\u0131nda De\u011ferlendirilmesi   YED\u0130NC\u0130 B\u00d6L\u00dcM : Dinler Co\u011frafyas\u0131 Perspektifinden Sihizm   SEK\u0130Z\u0130NC\u0130 B\u00d6L\u00dcM : Giresun \u0130linde Co\u011frafi \u0130\u015faretli \u00dcr\u00fcnler ve \u00d6zellikleri   DOKUZUNCU B\u00d6L\u00dcM : Yavuzeli \u0130l\u00e7esinde (Gaziantep) Yer Adlar\u0131   ONUNCU B\u00d6L\u00dcM : Alternatif Turizm Potansiyeli A\u00e7\u0131s\u0131ndan Do\u011fa \u0130le Tarihin Bulu\u015ftu\u011fu Bir Yer \u0130ncelemesi: Arapgir (Malatya)   ONB\u0130R\u0130NC\u0130 B\u00d6L\u00dcM :  Geleneksel Karadeniz Ta\u015f M\u0131s\u0131r F\u0131r\u0131n\u0131   ON\u0130K\u0130NC\u0130 B\u00d6L\u00dcM : Alternatif Al\u0131\u015fveri\u015f Mek\u00e2nlar\u0131na Bir \u00d6rnek; Edirne Ulus Pazar\u0131   ON\u00dc\u00c7\u00dcNC\u00dc B\u00d6L\u00dcM : Yayladere \u0130l\u00e7esinde (Bing\u00f6l) Yaylac\u0131l\u0131k Faaliyetleri   OND\u00d6RD\u00dcNC\u00dc B\u00d6L\u00dcM : T\u00fcrkiye Turizm Stratejisi 2023 ve Eylem Plan\u0131\u2019nda G\u00fcm\u00fc\u015fhane: Hedefler, Mevcut Durum ve \u00d6neriler   ONBE\u015e\u0130NC\u0130 B\u00d6L\u00dcM : Ge\u00e7mi\u015ften G\u00fcn\u00fcm\u00fcze Toponimi Kullan\u0131m\u0131: Gerze \u0130l\u00e7e \u00d6rne\u011fi   ONALTINCI B\u00d6L\u00dcM : Erzincan\u2019da Cinsiyete G\u00f6re \u00d6\u011frenim S\u00fcreleri ve Toplumsal Cinsiyet E\u015fitsizli\u011finin Co\u011frafi Da\u011f\u0131l\u0131m\u0131   ONYED\u0130NC\u0130 B\u00d6L\u00dcM : \u015eanl\u0131urfa \u0130linde Gastronomi Turizmi A\u00e7\u0131s\u0131ndan De\u011ferlendirilebilecek Yemekler: Lol\u0131k ve Pan\u0131k   ONSEK\u0130Z\u0130NC\u0130 B\u00d6L\u00dcM : Odunpazar\u0131 Kentsel Sit Alan\u0131nda K\u00fclt\u00fcrel Miras\u0131n Korunmas\u0131 ve Turizmle \u0130li\u015fkisine Y\u00f6nelik Ziyaret\u00e7ilerin Tutumlar\u0131n\u0131n Belirlenmesi   ONDOKUZUNCU B\u00d6L\u00dcM : 2018-2019 Y\u0131llar\u0131 Aras\u0131nda Beyo\u011flu \u0130l\u00e7esi\u2019nde (\u0130stanbul) Meydana Gelen Trafik Kazalar\u0131n\u0131n CBS ile Analizi <\/p>\n","protected":false},"excerpt":{"rendered":"<p>B\u0130R\u0130NC\u0130 B\u00d6L\u00dcM : Yerle\u015fme Co\u011frafyas\u0131 ve \u0130dari Co\u011frafya Bak\u0131m\u0131ndan Mesk\u00fbn Mahal Tabelalar\u0131 \u00dczerine D\u00fc\u015f\u00fcnceler: Karab\u00fck ve Ankara \u0130linden \u00d6rnekler \u0130K\u0130NC\u0130 B\u00d6L\u00dcM : Ortado\u011fu\u2019da Medeniyetler \u00c7at\u0131\u015fmas\u0131 ile<span class=\"excerpt-hellip\"> [\u2026]<\/span><\/p>\n","protected":false},"featured_media":0,"template":"","meta":{"_monsterinsights_skip_tracking":false,"_monsterinsights_sitenote_active":false,"_monsterinsights_sitenote_note":"","_monsterinsights_sitenote_category":0},"product_brand":[],"product_cat":[74169,74170],"product_tag":[],"class_list":{"0":"post-737104","1":"product","2":"type-product","3":"status-publish","5":"product_cat-cografya","6":"product_cat-turkiye-cografyasi","7":"pa_cilt-ciltsiz","8":"pa_tur-kitap","9":"pa_yayinevi-gazi-kitabevi","10":"pa_yazar-saliha-koday-cemal-sevindi","12":"first","13":"instock","14":"sale","15":"shipping-taxable","16":"purchasable","17":"product-type-simple"},"_links":{"self":[{"href":"https:\/\/roveyayinevi.com.tr\/index.php\/wp-json\/wp\/v2\/product\/737104","targetHints":{"allow":["GET"]}}],"collection":[{"href":"https:\/\/roveyayinevi.com.tr\/index.php\/wp-json\/wp\/v2\/product"}],"about":[{"href":"https:\/\/roveyayinevi.com.tr\/index.php\/wp-json\/wp\/v2\/types\/product"}],"wp:attachment":[{"href":"https:\/\/roveyayinevi.com.tr\/index.php\/wp-json\/wp\/v2\/media?parent=737104"}],"wp:term":[{"taxonomy":"product_brand","embeddable":true,"href":"https:\/\/roveyayinevi.com.tr\/index.php\/wp-json\/wp\/v2\/product_brand?post=737104"},{"taxonomy":"product_cat","embeddable":true,"href":"https:\/\/roveyayinevi.com.tr\/index.php\/wp-json\/wp\/v2\/product_cat?post=737104"},{"taxonomy":"product_tag","embeddable":true,"href":"https:\/\/roveyayinevi.com.tr\/index.php\/wp-json\/wp\/v2\/product_tag?post=737104"}],"curies":[{"name":"wp","href":"https:\/\/api.w.org\/{rel}","templated":true}]}}