{"id":737103,"date":"2025-08-27T23:21:11","date_gmt":"2025-08-27T20:21:11","guid":{"rendered":"https:\/\/roveyayinevi.com.tr\/index.php\/urun\/turizm-cografya-ataturk-universitesi-cografya-arastirmalari-serisi-2021\/"},"modified":"2026-04-16T02:46:36","modified_gmt":"2026-04-15T23:46:36","slug":"turizm-cografya-ataturk-universitesi-cografya-arastirmalari-serisi-2021","status":"publish","type":"product","link":"https:\/\/roveyayinevi.com.tr\/index.php\/urun\/turizm-cografya-ataturk-universitesi-cografya-arastirmalari-serisi-2021\/","title":{"rendered":"Turizm Co\u011frafya &#8211; Atat\u00fcrk \u00dcniversitesi Co\u011frafya Ara\u015ft\u0131rmalar\u0131 Serisi 2021"},"content":{"rendered":"<p>B\u0130R\u0130NC\u0130 B\u00d6L\u00dcM : Da\u011fl\u0131k B\u00f6lgelerde Turizme G\u00fcncel Bir Bak\u0131\u015f: Turizm T\u00fcrleri, Turist Motivasyonlar\u0131 ve Etkiler   \u0130K\u0130NC\u0130 B\u00d6L\u00dcM : T\u00fcrkiye\u2019nin Do\u011fal Turizm De\u011ferlerinin Havza Tabanl\u0131 Planlama ve Y\u00f6netim Kapsam\u0131nda Korunmas\u0131   \u00dc\u00c7\u00dcNC\u00dc B\u00d6L\u00dcM : K\u00fcresel \u0130klim De\u011fi\u015fikli\u011fi ile Turizm \u0130li\u015fkilerini \u0130rdeleyen Bilimsel \u00c7al\u0131\u015fmalar\u0131n Bibliyometrik Analizi   D\u00d6RD\u00dcNC\u00dc B\u00d6L\u00dcM : Konya \u0130li\u2019nde Av ve Yaban Hayat\u0131 Turizm   BE\u015e\u0130NC\u0130 B\u00d6L\u00dcM : Il\u0131kaynak (Olur-Erzurum) S\u0131cak Su Kaynaklar\u0131n\u0131n \u00d6zellikleri ve Y\u00f6renin Jeoturizm Potansiyeli Bak\u0131m\u0131ndan \u00d6nemi ALTINCI B\u00d6L\u00dcM : Ter\u00f6r Sald\u0131r\u0131lar\u0131n\u0131n Turistlerin Co\u011frafik Profili \u00dczerindeki De\u011fi\u015fim ve Etkisi: \u0130stanbul \u0130li \u00d6rne\u011fi   YED\u0130NC\u0130 B\u00d6L\u00dcM : Jeoturizmde Bir Art\u0131 De\u011fer: Tortum G\u00f6l\u00fc Cam Seyir Teras\u0131 (Uzundere-Erzurum)   SEK\u0130Z\u0130NC\u0130 B\u00d6L\u00dcM : Ka\u015f (Antalya) \u0130l\u00e7esinde Antik \u015eehirlerin Turizm Potansiyeli   DOKUZUNCU B\u00d6L\u00dcM : A\u015fa\u011f\u0131 Meri\u00e7 Havzas\u0131\u2019n\u0131n Turizm Potansiyeli ve S\u00fcrd\u00fcr\u00fclebilir Y\u00f6netim   ONUNCU B\u00d6L\u00dcM : K\u0131rsal Kalk\u0131nma Odakl\u0131 Turizm Rotalar\u0131n\u0131n Belirlenmesi: \u00c7ilekli, H\u00fcseyinli, Kemaliye K\u00f6yleri \u00d6rne\u011fi (Pamukova, Sakarya)   ONB\u0130R\u0130NC\u0130 B\u00d6L\u00dcM : Belh \u0130linin (Afganistan) Tarihi Turistik \u00c7ekicilikleri   ON\u0130K\u0130NC\u0130 B\u00d6L\u00dcM : Co\u011frafya ve Turizm \u0130li\u015fkisine Bir \u00d6rnek: Tekirda\u011f Lavanta G\u00fcnleri   ON\u00dc\u00c7\u00dcNC\u00dc B\u00d6L\u00dcM : Van G\u00f6l\u00fc K\u0131y\u0131s\u0131nda Yer Alan Turizm Kaynaklar\u0131 ve Rotalar\u0131   OND\u00d6RD\u00dcNC\u00dc B\u00d6L\u00dcM : Ardahan \u0130li\u2019nin K\u00fclt\u00fcrel Turizm Potansiyeli   ONBE\u015e\u0130NC\u0130 B\u00d6L\u00dcM : Co\u011frafi A\u00e7\u0131dan Bir Tan\u0131t\u0131m: Kop Da\u011f\u0131 K\u0131\u015f Sporlar\u0131 ve Kayak Merkezi   ONALTINCI B\u00d6L\u00dcM : Tirebolu \u0130l\u00e7esi\u2019nin Turizm Potansiyeli   ONYED\u0130NC\u0130 B\u00d6L\u00dcM : Afganistan\u2019\u0131n Turizm Potansiyel Kaynaklar\u0131 ve Turizmin Geli\u015fmesini Etkileyen Sorunlar <\/p>\n","protected":false},"excerpt":{"rendered":"<p>B\u0130R\u0130NC\u0130 B\u00d6L\u00dcM : Da\u011fl\u0131k B\u00f6lgelerde Turizme G\u00fcncel Bir Bak\u0131\u015f: Turizm T\u00fcrleri, Turist Motivasyonlar\u0131 ve Etkiler \u0130K\u0130NC\u0130 B\u00d6L\u00dcM : T\u00fcrkiye\u2019nin Do\u011fal Turizm De\u011ferlerinin Havza Tabanl\u0131 Planlama ve<span class=\"excerpt-hellip\"> [\u2026]<\/span><\/p>\n","protected":false},"featured_media":0,"template":"","meta":{"_monsterinsights_skip_tracking":false,"_monsterinsights_sitenote_active":false,"_monsterinsights_sitenote_note":"","_monsterinsights_sitenote_category":0},"product_brand":[],"product_cat":[74169,74170],"product_tag":[],"class_list":{"0":"post-737103","1":"product","2":"type-product","3":"status-publish","5":"product_cat-cografya","6":"product_cat-turkiye-cografyasi","7":"pa_cilt-ciltsiz","8":"pa_tur-kitap","9":"pa_yayinevi-gazi-kitabevi","10":"pa_yazar-saliha-koday-cemal-sevindi","12":"first","13":"instock","14":"sale","15":"shipping-taxable","16":"purchasable","17":"product-type-simple"},"_links":{"self":[{"href":"https:\/\/roveyayinevi.com.tr\/index.php\/wp-json\/wp\/v2\/product\/737103","targetHints":{"allow":["GET"]}}],"collection":[{"href":"https:\/\/roveyayinevi.com.tr\/index.php\/wp-json\/wp\/v2\/product"}],"about":[{"href":"https:\/\/roveyayinevi.com.tr\/index.php\/wp-json\/wp\/v2\/types\/product"}],"wp:attachment":[{"href":"https:\/\/roveyayinevi.com.tr\/index.php\/wp-json\/wp\/v2\/media?parent=737103"}],"wp:term":[{"taxonomy":"product_brand","embeddable":true,"href":"https:\/\/roveyayinevi.com.tr\/index.php\/wp-json\/wp\/v2\/product_brand?post=737103"},{"taxonomy":"product_cat","embeddable":true,"href":"https:\/\/roveyayinevi.com.tr\/index.php\/wp-json\/wp\/v2\/product_cat?post=737103"},{"taxonomy":"product_tag","embeddable":true,"href":"https:\/\/roveyayinevi.com.tr\/index.php\/wp-json\/wp\/v2\/product_tag?post=737103"}],"curies":[{"name":"wp","href":"https:\/\/api.w.org\/{rel}","templated":true}]}}