{"id":737102,"date":"2025-08-27T23:21:10","date_gmt":"2025-08-27T20:21:10","guid":{"rendered":"https:\/\/roveyayinevi.com.tr\/index.php\/urun\/bagimsiz-denetimde-uzman-calismalari\/"},"modified":"2026-04-16T02:46:36","modified_gmt":"2026-04-15T23:46:36","slug":"bagimsiz-denetimde-uzman-calismalari","status":"publish","type":"product","link":"https:\/\/roveyayinevi.com.tr\/index.php\/urun\/bagimsiz-denetimde-uzman-calismalari\/","title":{"rendered":"Ba\u011f\u0131ms\u0131z Denetimde Uzman \u00c7al\u0131\u015fmalar\u0131"},"content":{"rendered":"<p>1.       BA\u011eIMSIZ DENET\u0130M   2.       MUHASEBE TAHM\u0130NLER\u0130N\u0130N VE \u0130LG\u0130L\u0130 A\u00c7IKLAMALARIN BA\u011eIMSIZ DENET\u0130M\u0130   3.       UZMAN \u00c7ALI\u015eMALARININ KULLANILMASI   4.       GER\u00c7E\u011eE UYGUN DE\u011eER \u00d6L\u00c7\u00dcMLER\u0130N\u0130N DENET\u0130M\u0130NDE UZMAN \u00c7ALI\u015eMALARININ KULLANILMASI \u00dcZER\u0130NE <\/p>\n","protected":false},"excerpt":{"rendered":"<p>1. BA\u011eIMSIZ DENET\u0130M 2. MUHASEBE TAHM\u0130NLER\u0130N\u0130N VE \u0130LG\u0130L\u0130 A\u00c7IKLAMALARIN BA\u011eIMSIZ DENET\u0130M\u0130 3. UZMAN \u00c7ALI\u015eMALARININ KULLANILMASI 4. GER\u00c7E\u011eE UYGUN DE\u011eER \u00d6L\u00c7\u00dcMLER\u0130N\u0130N DENET\u0130M\u0130NDE UZMAN \u00c7ALI\u015eMALARININ KULLANILMASI \u00dcZER\u0130NE<\/p>\n","protected":false},"featured_media":0,"template":"","meta":{"_monsterinsights_skip_tracking":false,"_monsterinsights_sitenote_active":false,"_monsterinsights_sitenote_note":"","_monsterinsights_sitenote_category":0},"product_brand":[],"product_cat":[13043,14381],"product_tag":[],"class_list":{"0":"post-737102","1":"product","2":"type-product","3":"status-publish","5":"product_cat-ekonomi","6":"product_cat-isletme-muhasebe-maliye","7":"pa_cilt-ciltsiz","8":"pa_tur-kitap","9":"pa_yayinevi-gazi-kitabevi","10":"pa_yazar-cemalettin-sever-serap-sebahat-yanik","12":"first","13":"instock","14":"sale","15":"shipping-taxable","16":"purchasable","17":"product-type-simple"},"_links":{"self":[{"href":"https:\/\/roveyayinevi.com.tr\/index.php\/wp-json\/wp\/v2\/product\/737102","targetHints":{"allow":["GET"]}}],"collection":[{"href":"https:\/\/roveyayinevi.com.tr\/index.php\/wp-json\/wp\/v2\/product"}],"about":[{"href":"https:\/\/roveyayinevi.com.tr\/index.php\/wp-json\/wp\/v2\/types\/product"}],"wp:attachment":[{"href":"https:\/\/roveyayinevi.com.tr\/index.php\/wp-json\/wp\/v2\/media?parent=737102"}],"wp:term":[{"taxonomy":"product_brand","embeddable":true,"href":"https:\/\/roveyayinevi.com.tr\/index.php\/wp-json\/wp\/v2\/product_brand?post=737102"},{"taxonomy":"product_cat","embeddable":true,"href":"https:\/\/roveyayinevi.com.tr\/index.php\/wp-json\/wp\/v2\/product_cat?post=737102"},{"taxonomy":"product_tag","embeddable":true,"href":"https:\/\/roveyayinevi.com.tr\/index.php\/wp-json\/wp\/v2\/product_tag?post=737102"}],"curies":[{"name":"wp","href":"https:\/\/api.w.org\/{rel}","templated":true}]}}