{"id":737096,"date":"2025-08-27T23:21:04","date_gmt":"2025-08-27T20:21:04","guid":{"rendered":"https:\/\/roveyayinevi.com.tr\/index.php\/urun\/allahin-guzel-isimleri\/"},"modified":"2026-04-16T02:46:36","modified_gmt":"2026-04-15T23:46:36","slug":"allahin-guzel-isimleri","status":"publish","type":"product","link":"https:\/\/roveyayinevi.com.tr\/index.php\/urun\/allahin-guzel-isimleri\/","title":{"rendered":"Allah&#8217;\u0131n G\u00fczel \u0130simleri"},"content":{"rendered":"<p>\u201cKullar\u0131m sana beni sorarlarsa, bilsinler ki:        Ben muhakkak onlara pek yak\u0131n\u0131m. Beni \u00e7a\u011f\u0131rd\u0131klar\u0131, bana dua ettikleri anda, dua edenlerin duas\u0131na cevap veririm!\u201d (KUR\u2019AN- I- KER\u0130M; BAKARA SURES\u0130-186)       \u201cAllah, sizin t\u00f6vbelerinizi kabul etmek istiyor!\u201d (KUR\u2019AN-I KER\u0130M; N\u0130SA SURES\u0130- 27)        \u201c\u00d6yle ise beni an\u0131n, ben de sizi anay\u0131m; Bana \u015f\u00fckredin, nank\u00f6rl\u00fck etmeyin!\u201d (KUR\u2019AN- KER\u0130M; BAKARASURES\u0130-152)<\/p>\n","protected":false},"excerpt":{"rendered":"<p>\u201cKullar\u0131m sana beni sorarlarsa, bilsinler ki: Ben muhakkak onlara pek yak\u0131n\u0131m. Beni \u00e7a\u011f\u0131rd\u0131klar\u0131, bana dua ettikleri anda, dua edenlerin duas\u0131na cevap veririm!\u201d (KUR\u2019AN- I- KER\u0130M; BAKARA<span class=\"excerpt-hellip\"> [\u2026]<\/span><\/p>\n","protected":false},"featured_media":0,"template":"","meta":{"_monsterinsights_skip_tracking":false,"_monsterinsights_sitenote_active":false,"_monsterinsights_sitenote_note":"","_monsterinsights_sitenote_category":0},"product_brand":[],"product_cat":[13036,12718,12719],"product_tag":[],"class_list":{"0":"post-737096","1":"product","2":"type-product","3":"status-publish","5":"product_cat-arastirma-inceleme-islam","6":"product_cat-din","7":"product_cat-islam","8":"pa_cilt-ciltsiz","9":"pa_tur-kitap","10":"pa_yayinevi-kitap-muptelasi-yayinlari","11":"pa_yazar-yakup-tunc","13":"first","14":"instock","15":"sale","16":"shipping-taxable","17":"purchasable","18":"product-type-simple"},"_links":{"self":[{"href":"https:\/\/roveyayinevi.com.tr\/index.php\/wp-json\/wp\/v2\/product\/737096","targetHints":{"allow":["GET"]}}],"collection":[{"href":"https:\/\/roveyayinevi.com.tr\/index.php\/wp-json\/wp\/v2\/product"}],"about":[{"href":"https:\/\/roveyayinevi.com.tr\/index.php\/wp-json\/wp\/v2\/types\/product"}],"wp:attachment":[{"href":"https:\/\/roveyayinevi.com.tr\/index.php\/wp-json\/wp\/v2\/media?parent=737096"}],"wp:term":[{"taxonomy":"product_brand","embeddable":true,"href":"https:\/\/roveyayinevi.com.tr\/index.php\/wp-json\/wp\/v2\/product_brand?post=737096"},{"taxonomy":"product_cat","embeddable":true,"href":"https:\/\/roveyayinevi.com.tr\/index.php\/wp-json\/wp\/v2\/product_cat?post=737096"},{"taxonomy":"product_tag","embeddable":true,"href":"https:\/\/roveyayinevi.com.tr\/index.php\/wp-json\/wp\/v2\/product_tag?post=737096"}],"curies":[{"name":"wp","href":"https:\/\/api.w.org\/{rel}","templated":true}]}}