{"id":737095,"date":"2025-08-27T23:21:03","date_gmt":"2025-08-27T20:21:03","guid":{"rendered":"https:\/\/roveyayinevi.com.tr\/index.php\/urun\/yakup-tunc-kitaplari-2-kitap-set\/"},"modified":"2026-04-16T02:46:36","modified_gmt":"2026-04-15T23:46:36","slug":"yakup-tunc-kitaplari-2-kitap-set","status":"publish","type":"product","link":"https:\/\/roveyayinevi.com.tr\/index.php\/urun\/yakup-tunc-kitaplari-2-kitap-set\/","title":{"rendered":"Yakup Tun\u00e7 Kitaplar\u0131 (2 Kitap Set)"},"content":{"rendered":"<p>ALLAH&#8217;IN G\u00dcZEL \u0130S\u0130MLER\u0130 (ESMA\u00dc&#8217;L H\u00dcSNA)      \u201cKullar\u0131m sana beni sorarlarsa, bilsinler ki:        Ben muhakkak onlara pek yak\u0131n\u0131m. Beni \u00e7a\u011f\u0131rd\u0131klar\u0131, bana dua ettikleri anda, dua edenlerin duas\u0131na cevap veririm!\u201d (KUR\u2019AN- I- KER\u0130M; BAKARA SURES\u0130-186)       \u201cAllah, sizin t\u00f6vbelerinizi kabul etmek istiyor!\u201d (KUR\u2019AN-I KER\u0130M; N\u0130SA SURES\u0130- 27)        \u201c\u00d6yle ise beni an\u0131n, ben de sizi anay\u0131m; Bana \u015f\u00fckredin, nank\u00f6rl\u00fck etmeyin!\u201d (KUR\u2019AN- KER\u0130M; BAKARASURES\u0130-152) UMUDUM YE\u015eERD\u0130   \u0130lyas, \u0131st\u0131raplar \u00e7ekiyor ama bir t\u00fcrl\u00fc \u00f6lemiyor, kom\u015fular\u0131 ba\u015f\u0131nda bekliyordu. Kimi Kur\u2019an okuyor, kimi dua ediyor, baz\u0131lar\u0131 da Azrail\u2019i \u00fcrk\u00fctmeyelim diye sessizli\u011fi sa\u011fl\u0131yordu. \u0130lyas\u2019\u0131n \u00f6l\u00fcm\u00fc, bir hayli gecikince kom\u015fular\u0131ndan biri, Sanem\u2019in evine gitti, ona dedi ki: \u2018\u2019 \u0130lyas, sana hala tutkun, a\u011f\u0131r hastad\u0131r, ka\u00e7 g\u00fcnd\u00fcr \u00e7\u0131rp\u0131n\u0131yor, can veremiyor! Kocan evde yok, gelsen de bir tas su versen garibime! Sevdal\u0131lar, sevdi\u011finin elinden bir yudum su i\u00e7erse rahat \u00f6l\u00fcrm\u00fc\u015f; gel sevapt\u0131r! <\/p>\n","protected":false},"excerpt":{"rendered":"<p>ALLAH&#8217;IN G\u00dcZEL \u0130S\u0130MLER\u0130 (ESMA\u00dc&#8217;L H\u00dcSNA) \u201cKullar\u0131m sana beni sorarlarsa, bilsinler ki: Ben muhakkak onlara pek yak\u0131n\u0131m. Beni \u00e7a\u011f\u0131rd\u0131klar\u0131, bana dua ettikleri anda, dua edenlerin duas\u0131na cevap<span class=\"excerpt-hellip\"> [\u2026]<\/span><\/p>\n","protected":false},"featured_media":0,"template":"","meta":{"_monsterinsights_skip_tracking":false,"_monsterinsights_sitenote_active":false,"_monsterinsights_sitenote_note":"","_monsterinsights_sitenote_category":0},"product_brand":[],"product_cat":[12718,12719],"product_tag":[],"class_list":{"0":"post-737095","1":"product","2":"type-product","3":"status-publish","5":"product_cat-din","6":"product_cat-islam","7":"pa_cilt-set","8":"pa_tur-kitap","9":"pa_yayinevi-kitap-muptelasi-yayinlari","10":"pa_yazar-yakup-tunc","12":"first","13":"instock","14":"sale","15":"shipping-taxable","16":"purchasable","17":"product-type-simple"},"_links":{"self":[{"href":"https:\/\/roveyayinevi.com.tr\/index.php\/wp-json\/wp\/v2\/product\/737095","targetHints":{"allow":["GET"]}}],"collection":[{"href":"https:\/\/roveyayinevi.com.tr\/index.php\/wp-json\/wp\/v2\/product"}],"about":[{"href":"https:\/\/roveyayinevi.com.tr\/index.php\/wp-json\/wp\/v2\/types\/product"}],"wp:attachment":[{"href":"https:\/\/roveyayinevi.com.tr\/index.php\/wp-json\/wp\/v2\/media?parent=737095"}],"wp:term":[{"taxonomy":"product_brand","embeddable":true,"href":"https:\/\/roveyayinevi.com.tr\/index.php\/wp-json\/wp\/v2\/product_brand?post=737095"},{"taxonomy":"product_cat","embeddable":true,"href":"https:\/\/roveyayinevi.com.tr\/index.php\/wp-json\/wp\/v2\/product_cat?post=737095"},{"taxonomy":"product_tag","embeddable":true,"href":"https:\/\/roveyayinevi.com.tr\/index.php\/wp-json\/wp\/v2\/product_tag?post=737095"}],"curies":[{"name":"wp","href":"https:\/\/api.w.org\/{rel}","templated":true}]}}