{"id":737094,"date":"2025-08-27T23:21:02","date_gmt":"2025-08-27T20:21:02","guid":{"rendered":"https:\/\/roveyayinevi.com.tr\/index.php\/urun\/gokce-siirler\/"},"modified":"2026-04-16T02:46:36","modified_gmt":"2026-04-15T23:46:36","slug":"gokce-siirler","status":"publish","type":"product","link":"https:\/\/roveyayinevi.com.tr\/index.php\/urun\/gokce-siirler\/","title":{"rendered":"G\u00f6k\u00e7e \u015eiirler"},"content":{"rendered":"<p>Hem sosyal hayat\u0131n hem de inan\u00e7 d\u00fcnyas\u0131n\u0131n \u00e7ok \u00f6nemli bir ger\u00e7e\u011fi olan dini hususlarda kaleme al\u0131nm\u0131\u015f bir \u015fiir kitab\u0131 sunuyoruz. \u0130slami k\u00fclt\u00fcr\u00fcn derin izlerini ta\u015f\u0131yan G\u00f6k\u00e7e \u015eiirler\u2019de y\u00fcce dinimiz, Allah CC ve Hz. Peygamber (S.A.V.) sevgisinin i\u015flendi\u011fi epik, didaktik, genellikle de lirik \u015fiirlerle tan\u0131\u015facak; duygulanacaks\u0131n\u0131z. <\/p>\n","protected":false},"excerpt":{"rendered":"<p>Hem sosyal hayat\u0131n hem de inan\u00e7 d\u00fcnyas\u0131n\u0131n \u00e7ok \u00f6nemli bir ger\u00e7e\u011fi olan dini hususlarda kaleme al\u0131nm\u0131\u015f bir \u015fiir kitab\u0131 sunuyoruz. \u0130slami k\u00fclt\u00fcr\u00fcn derin izlerini ta\u015f\u0131yan G\u00f6k\u00e7e<span class=\"excerpt-hellip\"> [\u2026]<\/span><\/p>\n","protected":false},"featured_media":0,"template":"","meta":{"_monsterinsights_skip_tracking":false,"_monsterinsights_sitenote_active":false,"_monsterinsights_sitenote_note":"","_monsterinsights_sitenote_category":0},"product_brand":[],"product_cat":[12718,18102,12719],"product_tag":[],"class_list":{"0":"post-737094","1":"product","2":"type-product","3":"status-publish","5":"product_cat-din","6":"product_cat-edebiyat-roman","7":"product_cat-islam","8":"pa_cilt-ciltsiz","9":"pa_tur-kitap","10":"pa_yayinevi-kitap-muptelasi-yayinlari","11":"pa_yazar-muhammet-gokce","13":"first","14":"instock","15":"sale","16":"shipping-taxable","17":"purchasable","18":"product-type-simple"},"_links":{"self":[{"href":"https:\/\/roveyayinevi.com.tr\/index.php\/wp-json\/wp\/v2\/product\/737094","targetHints":{"allow":["GET"]}}],"collection":[{"href":"https:\/\/roveyayinevi.com.tr\/index.php\/wp-json\/wp\/v2\/product"}],"about":[{"href":"https:\/\/roveyayinevi.com.tr\/index.php\/wp-json\/wp\/v2\/types\/product"}],"wp:attachment":[{"href":"https:\/\/roveyayinevi.com.tr\/index.php\/wp-json\/wp\/v2\/media?parent=737094"}],"wp:term":[{"taxonomy":"product_brand","embeddable":true,"href":"https:\/\/roveyayinevi.com.tr\/index.php\/wp-json\/wp\/v2\/product_brand?post=737094"},{"taxonomy":"product_cat","embeddable":true,"href":"https:\/\/roveyayinevi.com.tr\/index.php\/wp-json\/wp\/v2\/product_cat?post=737094"},{"taxonomy":"product_tag","embeddable":true,"href":"https:\/\/roveyayinevi.com.tr\/index.php\/wp-json\/wp\/v2\/product_tag?post=737094"}],"curies":[{"name":"wp","href":"https:\/\/api.w.org\/{rel}","templated":true}]}}