{"id":737093,"date":"2025-08-27T23:21:01","date_gmt":"2025-08-27T20:21:01","guid":{"rendered":"https:\/\/roveyayinevi.com.tr\/index.php\/urun\/aynamin-arkasi\/"},"modified":"2026-04-16T02:46:36","modified_gmt":"2026-04-15T23:46:36","slug":"aynamin-arkasi","status":"publish","type":"product","link":"https:\/\/roveyayinevi.com.tr\/index.php\/urun\/aynamin-arkasi\/","title":{"rendered":"Aynam\u0131n Arkas\u0131"},"content":{"rendered":"<p>Ba\u015fkalar\u0131n\u0131 var edebilmek i\u00e7in kendimi yok etmekmi\u015f benim hikayem&#8230;Bir insan g\u00f6zleri g\u00f6r\u00fcyorken ne kadar k\u00f6r bakabilirdi? Ya da zek\u00e2s\u0131yla kariyerinin en u\u00e7 safhalar\u0131nda ba\u015far\u0131lar\u0131n\u0131n meyvelerini al\u0131yorken kim, nas\u0131l aptalca bir hayale kap\u0131labilirdi?&#8221;Ben! Savc\u0131 Korluo\u011flu. \u015eeytan\u0131n da bir Melek oldu\u011funu unutup, ba\u015fkalar\u0131n\u0131 var edebilmek i\u00e7in kendimi yok etmi\u015fim!&#8221;<\/p>\n","protected":false},"excerpt":{"rendered":"<p>Ba\u015fkalar\u0131n\u0131 var edebilmek i\u00e7in kendimi yok etmekmi\u015f benim hikayem&#8230;Bir insan g\u00f6zleri g\u00f6r\u00fcyorken ne kadar k\u00f6r bakabilirdi? Ya da zek\u00e2s\u0131yla kariyerinin en u\u00e7 safhalar\u0131nda ba\u015far\u0131lar\u0131n\u0131n meyvelerini al\u0131yorken<span class=\"excerpt-hellip\"> [\u2026]<\/span><\/p>\n","protected":false},"featured_media":0,"template":"","meta":{"_monsterinsights_skip_tracking":false,"_monsterinsights_sitenote_active":false,"_monsterinsights_sitenote_note":"","_monsterinsights_sitenote_category":0},"product_brand":[],"product_cat":[12291,12711],"product_tag":[],"class_list":{"0":"post-737093","1":"product","2":"type-product","3":"status-publish","5":"product_cat-edebiyat","6":"product_cat-roman-oyku","7":"pa_cilt-ciltsiz","8":"pa_tur-kitap","9":"pa_yayinevi-yilkad-yayinlari","10":"pa_yazar-ali-karatas","12":"first","13":"instock","14":"sale","15":"shipping-taxable","16":"purchasable","17":"product-type-simple"},"_links":{"self":[{"href":"https:\/\/roveyayinevi.com.tr\/index.php\/wp-json\/wp\/v2\/product\/737093","targetHints":{"allow":["GET"]}}],"collection":[{"href":"https:\/\/roveyayinevi.com.tr\/index.php\/wp-json\/wp\/v2\/product"}],"about":[{"href":"https:\/\/roveyayinevi.com.tr\/index.php\/wp-json\/wp\/v2\/types\/product"}],"wp:attachment":[{"href":"https:\/\/roveyayinevi.com.tr\/index.php\/wp-json\/wp\/v2\/media?parent=737093"}],"wp:term":[{"taxonomy":"product_brand","embeddable":true,"href":"https:\/\/roveyayinevi.com.tr\/index.php\/wp-json\/wp\/v2\/product_brand?post=737093"},{"taxonomy":"product_cat","embeddable":true,"href":"https:\/\/roveyayinevi.com.tr\/index.php\/wp-json\/wp\/v2\/product_cat?post=737093"},{"taxonomy":"product_tag","embeddable":true,"href":"https:\/\/roveyayinevi.com.tr\/index.php\/wp-json\/wp\/v2\/product_tag?post=737093"}],"curies":[{"name":"wp","href":"https:\/\/api.w.org\/{rel}","templated":true}]}}