{"id":737091,"date":"2025-08-27T23:21:00","date_gmt":"2025-08-27T20:21:00","guid":{"rendered":"https:\/\/roveyayinevi.com.tr\/index.php\/urun\/rahmet-kapisi\/"},"modified":"2026-03-03T03:06:57","modified_gmt":"2026-03-03T00:06:57","slug":"rahmet-kapisi","status":"publish","type":"product","link":"https:\/\/roveyayinevi.com.tr\/index.php\/urun\/rahmet-kapisi\/","title":{"rendered":"Rahmet Kap\u0131s\u0131"},"content":{"rendered":"<p>\u00d6NCE HANG\u0130S\u0130?        Tevbe, i\u015flenmi\u015f g\u00fcnahtan vazge\u00e7mektir. \u0130sti\u011ffar, o tevbe\u2019nin kabul olmas\u0131 veya genel olarak hatalar i\u00e7in af dilemektir.  \u0130sti\u011ffar, yanl\u0131\u015ftan vazge\u00e7me, d\u00f6n\u00fc\u015ft\u00fcr. Tevbe, do\u011fruya y\u00f6nelmedir. Tevbe ve isti\u011ffar ikisi birlikte hayat\u0131 ku\u015fat\u0131r. \u0130sti\u011ffar, hayat\u0131n ya\u015fanm\u0131\u015f k\u0131sm\u0131yla alakal\u0131 bir \u00f6z\u00fcr beyan\u0131d\u0131r. Tevbe, ya\u015fanmakta olan ve ya\u015fanacak k\u0131sm\u0131yla ilgilidir.        Tevbe; kalp ile olur. \u0130sti\u011ffar; dil ile olur. Tevbe; kalbi g\u00fcnah kirlerinden temizler. \u0130sti\u011ffar; amel defterini g\u00fcnahlardan temizler. Tevbe; insan\u0131n yaln\u0131z kendi nefsi i\u00e7indir.  \u0130sti\u011ffar; hem kendisinin hem de ba\u015fkas\u0131n\u0131n nefsi i\u00e7in olur. Tevbe; ge\u00e7mi\u015fte olan g\u00fcnah\u0131ndan nadim olup, gelecekte olacaktan sak\u0131nmaya azmetmektir. \u0130sti\u011ffar; i\u015flenmi\u015f olan g\u00fcnahlardan ba\u011f\u0131\u015flama dilemektir. \u0130sti\u011ff\u00e2r ki\u015finin kusurunun ba\u011f\u0131\u015flanmas\u0131n\u0131 Allah\u2019tan talep etmesi demektir.        Rag\u0131p el \u0130sfah\u00e2n\u00ee\u2019ye g\u00f6re bu talebin hem s\u00f6z hem fiille olmas\u0131 gerekir; aksi halde isti\u011ffar ki\u015fiyi yalanc\u0131 durumuna d\u00fc\u015f\u00fcr\u00fcr (el-M\u00fcfred\u00e2t)<\/p>\n","protected":false},"excerpt":{"rendered":"<p>\u00d6NCE HANG\u0130S\u0130? Tevbe, i\u015flenmi\u015f g\u00fcnahtan vazge\u00e7mektir. \u0130sti\u011ffar, o tevbe\u2019nin kabul olmas\u0131 veya genel olarak hatalar i\u00e7in af dilemektir. \u0130sti\u011ffar, yanl\u0131\u015ftan vazge\u00e7me, d\u00f6n\u00fc\u015ft\u00fcr. Tevbe, do\u011fruya y\u00f6nelmedir. Tevbe<span class=\"excerpt-hellip\"> [\u2026]<\/span><\/p>\n","protected":false},"featured_media":0,"template":"","meta":{"_monsterinsights_skip_tracking":false,"_monsterinsights_sitenote_active":false,"_monsterinsights_sitenote_note":"","_monsterinsights_sitenote_category":0},"product_brand":[],"product_cat":[13036,12718,12719],"product_tag":[],"class_list":{"0":"post-737091","1":"product","2":"type-product","3":"status-publish","5":"product_cat-arastirma-inceleme-islam","6":"product_cat-din","7":"product_cat-islam","8":"pa_cilt-ciltsiz","9":"pa_tur-kitap","10":"pa_yayinevi-kitap-muptelasi-yayinlari","11":"pa_yazar-mehmet-yayli","13":"first","14":"instock","15":"sale","16":"shipping-taxable","17":"purchasable","18":"product-type-simple"},"_links":{"self":[{"href":"https:\/\/roveyayinevi.com.tr\/index.php\/wp-json\/wp\/v2\/product\/737091","targetHints":{"allow":["GET"]}}],"collection":[{"href":"https:\/\/roveyayinevi.com.tr\/index.php\/wp-json\/wp\/v2\/product"}],"about":[{"href":"https:\/\/roveyayinevi.com.tr\/index.php\/wp-json\/wp\/v2\/types\/product"}],"wp:attachment":[{"href":"https:\/\/roveyayinevi.com.tr\/index.php\/wp-json\/wp\/v2\/media?parent=737091"}],"wp:term":[{"taxonomy":"product_brand","embeddable":true,"href":"https:\/\/roveyayinevi.com.tr\/index.php\/wp-json\/wp\/v2\/product_brand?post=737091"},{"taxonomy":"product_cat","embeddable":true,"href":"https:\/\/roveyayinevi.com.tr\/index.php\/wp-json\/wp\/v2\/product_cat?post=737091"},{"taxonomy":"product_tag","embeddable":true,"href":"https:\/\/roveyayinevi.com.tr\/index.php\/wp-json\/wp\/v2\/product_tag?post=737091"}],"curies":[{"name":"wp","href":"https:\/\/api.w.org\/{rel}","templated":true}]}}