{"id":737090,"date":"2025-08-27T23:20:59","date_gmt":"2025-08-27T20:20:59","guid":{"rendered":"https:\/\/roveyayinevi.com.tr\/index.php\/urun\/rahmet-kapisi-tevbe-ruyasinda-peygamberimiz-s-a-v-i-gorenler-cemrei-gulistan-dini-kitap-seti-3-kitap\/"},"modified":"2026-04-16T02:46:36","modified_gmt":"2026-04-15T23:46:36","slug":"rahmet-kapisi-tevbe-ruyasinda-peygamberimiz-s-a-v-i-gorenler-cemrei-gulistan-dini-kitap-seti-3-kitap","status":"publish","type":"product","link":"https:\/\/roveyayinevi.com.tr\/index.php\/urun\/rahmet-kapisi-tevbe-ruyasinda-peygamberimiz-s-a-v-i-gorenler-cemrei-gulistan-dini-kitap-seti-3-kitap\/","title":{"rendered":"Rahmet Kap\u0131s\u0131 (Tevbe) &#8211; R\u00fcyas\u0131nda Peygamberimiz (S.A.V.)&#8217;i G\u00f6renler &#8211; Cemre&#8217;i G\u00fclistan Dini Kitap Seti (3 Kitap)"},"content":{"rendered":"<p>CEMRE&#8217;\u0130 G\u00dcL\u0130STAN        ACABA \u0130STESEK SEVEMEZ M\u0130Y\u0130Z?        Sevmek, istemek, hayal etmek ve inanmak\u2026        Hayatta olmayacak \u015fey yoktur, e\u011fer bu duygulara sahipseniz\u2026        Zor de\u011fildir ba\u015farmak. Ama \u00f6nce sevmek gerek. Sevmeden olmaz. Sevmeden sevda olmaz.  A\u015fk olmaz. Sevgisiz insan kanats\u0131z ku\u015f gibidir. Sevgi insan\u0131 insan yapan h\u0131rs ve kibirden, bencillikten kurtaran biricik ila\u00e7t\u0131r.        \u0130nsan d\u00fc\u015f\u00fcnceden ibarettir. \u201cG\u00fcl, d\u00fc\u015f\u00fcn\u00fcrse g\u00fclistan olur, diken, d\u00fc\u015f\u00fcn\u00fcrse, dikenlik olur\u201d der. Mevl\u00e2na.       Ne kadar manidar de\u011fil mi? Ne d\u00fc\u015f\u00fcn\u00fcrseniz O\u2019sunuz\u2026 Bug\u00fcn hayallerimizi neler s\u00fcsl\u00fcyor? Neleri yapmay\u0131 planl\u0131yoruz? Nas\u0131l bir hayat, ya\u015fam arzu ediyoruz? \u0130\u015fte t\u00fcm bunlar\u0131 biz in\u015fa ediyoruz fark\u0131nda olmadan\u2026.   R\u00dcYASINDA PEYGAMBER\u0130M\u0130Z (S.A.V)&#8217;\u0130 G\u00d6RENLER          R\u00fcyalar\u0131n en g\u00fczeli, en de\u011ferlisi ve en bereketlisi i\u00e7inde Resulullah\u2019\u0131n (S.A.V.) oldu\u011fu r\u00fcyad\u0131r.        Eb\u00fb Hureyre\u2019nin nakletti\u011fi en me\u015fhur rivayette, Efendimiz (S.A.V.) buyuruyor ki: \u201cR\u00fcyas\u0131nda beni g\u00f6ren, ger\u00e7ekten beni g\u00f6rm\u00fc\u015ft\u00fcr. \u00c7\u00fcnk\u00fc \u015feytan hi\u00e7bir \u015fekilde benim suretime giremez.\u201d (Buhar\u00ee, Tabir,2; M\u00fcslim, R\u00fcya, 10; Muvatta, R\u00fcya, 1)        Abdullah b. Mes\u2019\u00fbd\u2019un ba\u015fta \u0130mam Tirmizi ve \u0130bn Mace olmak \u00fczere bir\u00e7ok hadis kitab\u0131nda ge\u00e7en rivayeti de buna benzer, orada da Efendimiz (S.A.V.) diyor ki:  \u201cR\u00fcyas\u0131nda beni g\u00f6ren, ger\u00e7ekten beni g\u00f6rm\u00fc\u015ft\u00fcr. \u00c7\u00fcnk\u00fc \u015feytan hi\u00e7bir \u015fekilde benim \u015feklime giremez.\u201d  (Tirmizi, R\u00fcya, 4; \u0130bn Mace, R\u00fcya, 2)     Ahmed b. Hanbel ve Taberani\u2019de ge\u00e7en Sahabe\u2019den Tar\u0131k b. E\u015fyem\u2019den nakledilen rivayet \u015f\u00f6yledir: \u201cBeni r\u00fcyas\u0131nda g\u00f6ren, ger\u00e7ekten de beni g\u00f6rm\u00fc\u015f olur.\u201d (Ahmed b. Hanbel, el-M\u00fcsned, III\/472; Taber\u00e2n\u00ee, el-Mu\u2019cem\u00fc\u2019l-Keb\u00eer, VIII\/316)        Eb\u00fb Said el-Hudr\u00ee ve Eb\u00fb Katade rivayet ediyor. Efendimiz (S.A.V.) buyurmu\u015flard\u0131r ki: \u201cBeni r\u00fcyas\u0131nda g\u00f6ren, ger\u00e7ekten beni g\u00f6rm\u00fc\u015ft\u00fcr.\u201d (Buhar\u00ee, Tabir,10; M\u00fcslim, R\u00fcya, 11)   RAHMET KAPISI (TEVBE)          \u00d6NCE HANG\u0130S\u0130?        Tevbe, i\u015flenmi\u015f g\u00fcnahtan vazge\u00e7mektir. \u0130sti\u011ffar, o tevbe\u2019nin kabul olmas\u0131 veya genel olarak hatalar i\u00e7in af dilemektir.  \u0130sti\u011ffar, yanl\u0131\u015ftan vazge\u00e7me, d\u00f6n\u00fc\u015ft\u00fcr. Tevbe, do\u011fruya y\u00f6nelmedir. Tevbe ve isti\u011ffar ikisi birlikte hayat\u0131 ku\u015fat\u0131r. \u0130sti\u011ffar, hayat\u0131n ya\u015fanm\u0131\u015f k\u0131sm\u0131yla alakal\u0131 bir \u00f6z\u00fcr beyan\u0131d\u0131r. Tevbe, ya\u015fanmakta olan ve ya\u015fanacak k\u0131sm\u0131yla ilgilidir.        Tevbe; kalp ile olur. \u0130sti\u011ffar; dil ile olur. Tevbe; kalbi g\u00fcnah kirlerinden temizler. \u0130sti\u011ffar; amel defterini g\u00fcnahlardan temizler. Tevbe; insan\u0131n yaln\u0131z kendi nefsi i\u00e7indir.  \u0130sti\u011ffar; hem kendisinin hem de ba\u015fkas\u0131n\u0131n nefsi i\u00e7in olur. Tevbe; ge\u00e7mi\u015fte olan g\u00fcnah\u0131ndan nadim olup, gelecekte olacaktan sak\u0131nmaya azmetmektir. \u0130sti\u011ffar; i\u015flenmi\u015f olan g\u00fcnahlardan ba\u011f\u0131\u015flama dilemektir. \u0130sti\u011ff\u00e2r ki\u015finin kusurunun ba\u011f\u0131\u015flanmas\u0131n\u0131 Allah\u2019tan talep etmesi demektir.        Rag\u0131p el \u0130sfah\u00e2n\u00ee\u2019ye g\u00f6re bu talebin hem s\u00f6z hem fiille olmas\u0131 gerekir; aksi halde isti\u011ffar ki\u015fiyi yalanc\u0131 durumuna d\u00fc\u015f\u00fcr\u00fcr (el-M\u00fcfred\u00e2t)<\/p>\n","protected":false},"excerpt":{"rendered":"<p>CEMRE&#8217;\u0130 G\u00dcL\u0130STAN ACABA \u0130STESEK SEVEMEZ M\u0130Y\u0130Z? Sevmek, istemek, hayal etmek ve inanmak\u2026 Hayatta olmayacak \u015fey yoktur, e\u011fer bu duygulara sahipseniz\u2026 Zor de\u011fildir ba\u015farmak. Ama \u00f6nce sevmek<span class=\"excerpt-hellip\"> [\u2026]<\/span><\/p>\n","protected":false},"featured_media":0,"template":"","meta":{"_monsterinsights_skip_tracking":false,"_monsterinsights_sitenote_active":false,"_monsterinsights_sitenote_note":"","_monsterinsights_sitenote_category":0},"product_brand":[],"product_cat":[13036,12718,12719],"product_tag":[],"class_list":{"0":"post-737090","1":"product","2":"type-product","3":"status-publish","5":"product_cat-arastirma-inceleme-islam","6":"product_cat-din","7":"product_cat-islam","8":"pa_cilt-set","9":"pa_tur-kitap","10":"pa_yayinevi-kitap-muptelasi-yayinlari","11":"pa_yazar-mehmet-yayli","13":"first","14":"instock","15":"sale","16":"shipping-taxable","17":"purchasable","18":"product-type-simple"},"_links":{"self":[{"href":"https:\/\/roveyayinevi.com.tr\/index.php\/wp-json\/wp\/v2\/product\/737090","targetHints":{"allow":["GET"]}}],"collection":[{"href":"https:\/\/roveyayinevi.com.tr\/index.php\/wp-json\/wp\/v2\/product"}],"about":[{"href":"https:\/\/roveyayinevi.com.tr\/index.php\/wp-json\/wp\/v2\/types\/product"}],"wp:attachment":[{"href":"https:\/\/roveyayinevi.com.tr\/index.php\/wp-json\/wp\/v2\/media?parent=737090"}],"wp:term":[{"taxonomy":"product_brand","embeddable":true,"href":"https:\/\/roveyayinevi.com.tr\/index.php\/wp-json\/wp\/v2\/product_brand?post=737090"},{"taxonomy":"product_cat","embeddable":true,"href":"https:\/\/roveyayinevi.com.tr\/index.php\/wp-json\/wp\/v2\/product_cat?post=737090"},{"taxonomy":"product_tag","embeddable":true,"href":"https:\/\/roveyayinevi.com.tr\/index.php\/wp-json\/wp\/v2\/product_tag?post=737090"}],"curies":[{"name":"wp","href":"https:\/\/api.w.org\/{rel}","templated":true}]}}