{"id":737088,"date":"2025-08-27T23:20:56","date_gmt":"2025-08-27T20:20:56","guid":{"rendered":"https:\/\/roveyayinevi.com.tr\/index.php\/urun\/eren-tumer-2-kitap-seti\/"},"modified":"2026-04-16T02:46:36","modified_gmt":"2026-04-15T23:46:36","slug":"eren-tumer-2-kitap-seti","status":"publish","type":"product","link":"https:\/\/roveyayinevi.com.tr\/index.php\/urun\/eren-tumer-2-kitap-seti\/","title":{"rendered":"Eren T\u00fcmer 2 Kitap Seti"},"content":{"rendered":"<p>Setimiz Eren T\u00fcmer&#8217;in \u201cKay\u0131p\u201d ve \u201cYol\u201d kitaplar\u0131ndan olu\u015fmaktad\u0131r.Kay\u0131p:\u0130ni\u015f ve \u00e7\u0131k\u0131\u015flardan ibarettir derler hayat i\u00e7in. Fakat bu sadece ini\u015flerden \u00f6r\u00fcl\u00fc bir hik\u00e2ye ve kay\u0131ts\u0131zca bir var olu\u015fun can \u00e7eki\u015flerinden&#8230;\u201cSonra yaln\u0131zl\u0131\u011f\u0131m\u0131 d\u00fc\u015f\u00fcnmeye ba\u015flad\u0131m. Bilerek, isteyerek, ince ince tasarlayarak, \u00f6zellikle in\u015fa etti\u011fim yaln\u0131zl\u0131\u011f\u0131m\u0131. Asgari say\u0131da dost edinmi\u015f, asgari \u00f6l\u00e7\u00fcde a\u015fk ya\u015fam\u0131\u015f, asgari bi\u00e7imde sorumluluk alm\u0131\u015f ve b\u00f6ylece asgari bir insan olup \u00e7\u0131km\u0131\u015ft\u0131m. Bug\u00fcne dek, asl\u0131nda uzun zamand\u0131r \u00f6l\u00fcmc\u00fcl bir hastal\u0131\u011f\u0131n ellerinde oldu\u011fum hi\u00e7 akl\u0131ma gelmemi\u015fti. Yaralar\u0131 yer yer kabuk ba\u011flayan ancak iyile\u015fmeye ba\u015flad\u0131\u011f\u0131 her seferinde ka\u015f\u0131nmaktan yeniden kanamaya ba\u015flayan bir hastal\u0131\u011f\u0131n ellerinde.\u201dYol:Y\u00fcr\u00fcmesi pek kolay olmayan bir yol bu. S\u00f6zc\u00fcklerden, c\u00fcmlelerden, nokta ve virg\u00fcllerden ibaret bir dilin anlatmaya yetmedi\u011fi yerde \u00e7izgilerin, g\u00f6lgelerin, karalamalar\u0131n ve siluetlerin e\u015flik etti\u011fi h\u00fcz\u00fcnl\u00fc bir yol\u2026 Bir y\u00fcr\u00fcy\u00fc\u015f\u00fcn eskizi\u2026\u201cT\u00fcm uykulardan ayr\u0131k ve kendi ba\u015f\u0131na buyruk d\u00fc\u015flerdi g\u00f6rd\u00fckleri. S\u00f6zc\u00fcks\u00fcz c\u00fcmleler, ritimsiz \u015fark\u0131lar, uyaks\u0131z \u015fiirler ve kahramans\u0131z kalm\u0131\u015f kimsesiz \u00f6yk\u00fclerdi kulaklar\u0131na \u00e7al\u0131nan. I\u015f\u0131ks\u0131z kentler, renksiz peyzajlar, k\u0131p\u0131rt\u0131s\u0131z insanlard\u0131 g\u00f6zlerine ili\u015fen. Tastamam bir yaln\u0131zl\u0131kt\u0131 bu, \u00e7o\u011fullu\u011fun i\u00e7indeki yaln\u0131zl\u0131\u011f\u0131n insan\u0131n g\u00f6\u011fs\u00fcne t\u0131pk\u0131 bir \u00f6k\u00fcz\u00fcn oturu\u015fu gibi a\u011f\u0131r a\u011f\u0131r \u00e7\u00f6k\u00fc\u015f\u00fc, yani adeta soluksuz b\u0131rak\u0131\u015f\u0131. Ve umudun, bir \u00f6mr\u00fcn tamam\u0131n\u0131 \u00f6l\u00fcmle hi\u00e7 hesapla\u015fmadan ya\u015fam\u0131\u015f olma hissi kadar imk\u00e2ns\u0131z olu\u015fu&#8230;\u201d \u201cDerinliklerinde hi\u00e7bir endi\u015fe belirmeyen g\u00f6zlerin pervas\u0131zca \u00fczerinde gezindi\u011fi herhangi bir yerde olmak istedi. Sonra hayat\u0131 boyunca hi\u00e7bir y\u00fck ta\u015f\u0131mam\u0131\u015f, dertsiz ve uyu\u015fuk g\u00f6vdelerden herhangi biri olmak; hi\u00e7 can \u00e7eki\u015fmeden, iyi ve y\u00fcce olan\u0131 daha iyi anlaman\u0131n hazz\u0131na varmak ve insana t\u00fcm g\u00fczellikleri tek solukta vaat edebilen b\u00fcy\u00fcleyici sesler i\u015fitmek\u2026\u201d\u201cBa\u015flamak \u00fczere olan bu yolculu\u011fa kadar, var oldu\u011funa dair inanc\u0131n\u0131 peki\u015ftiren her k\u0131p\u0131rt\u0131, asl\u0131nda kay\u0131p bir zaman\u0131n i\u00e7inde bir u\u00e7tan \u00f6tekine savrulup duran tiz bir ruhun \u00e7aresiz debelenmeleriydi. \u015eimdi ataca\u011f\u0131 her ad\u0131mla birlikte, \u00fcst \u00fcste y\u0131\u011f\u0131l\u0131 binalardan ba\u015fka bir \u015fey olmayan bu \u015fehir, bir m\u00fcddet sonra t\u0131pk\u0131 soluk renkli bir foto\u011fraf gibi, donuk bir an\u0131n sureti olacak ve onunla birlikte ona ait t\u00fcm u\u011fultular, g\u00f6z kama\u015ft\u0131r\u0131c\u0131 \u0131\u015f\u0131klar, yans\u0131malar ve g\u00f6r\u00fcnt\u00fcler -belki de sonsuza dek- geride kalacakt\u0131.\u201d <\/p>\n","protected":false},"excerpt":{"rendered":"<p>Setimiz Eren T\u00fcmer&#8217;in \u201cKay\u0131p\u201d ve \u201cYol\u201d kitaplar\u0131ndan olu\u015fmaktad\u0131r.Kay\u0131p:\u0130ni\u015f ve \u00e7\u0131k\u0131\u015flardan ibarettir derler hayat i\u00e7in. Fakat bu sadece ini\u015flerden \u00f6r\u00fcl\u00fc bir hik\u00e2ye ve kay\u0131ts\u0131zca bir var olu\u015fun<span class=\"excerpt-hellip\"> [\u2026]<\/span><\/p>\n","protected":false},"featured_media":0,"template":"","meta":{"_monsterinsights_skip_tracking":false,"_monsterinsights_sitenote_active":false,"_monsterinsights_sitenote_note":"","_monsterinsights_sitenote_category":0},"product_brand":[],"product_cat":[12291,12711],"product_tag":[],"class_list":{"0":"post-737088","1":"product","2":"type-product","3":"status-publish","5":"product_cat-edebiyat","6":"product_cat-roman-oyku","7":"pa_cilt-set","8":"pa_tur-kitap","9":"pa_yayinevi-vaveyla-yayincilik","10":"pa_yazar-eren-tumer","12":"first","13":"instock","14":"sale","15":"shipping-taxable","16":"purchasable","17":"product-type-simple"},"_links":{"self":[{"href":"https:\/\/roveyayinevi.com.tr\/index.php\/wp-json\/wp\/v2\/product\/737088","targetHints":{"allow":["GET"]}}],"collection":[{"href":"https:\/\/roveyayinevi.com.tr\/index.php\/wp-json\/wp\/v2\/product"}],"about":[{"href":"https:\/\/roveyayinevi.com.tr\/index.php\/wp-json\/wp\/v2\/types\/product"}],"wp:attachment":[{"href":"https:\/\/roveyayinevi.com.tr\/index.php\/wp-json\/wp\/v2\/media?parent=737088"}],"wp:term":[{"taxonomy":"product_brand","embeddable":true,"href":"https:\/\/roveyayinevi.com.tr\/index.php\/wp-json\/wp\/v2\/product_brand?post=737088"},{"taxonomy":"product_cat","embeddable":true,"href":"https:\/\/roveyayinevi.com.tr\/index.php\/wp-json\/wp\/v2\/product_cat?post=737088"},{"taxonomy":"product_tag","embeddable":true,"href":"https:\/\/roveyayinevi.com.tr\/index.php\/wp-json\/wp\/v2\/product_tag?post=737088"}],"curies":[{"name":"wp","href":"https:\/\/api.w.org\/{rel}","templated":true}]}}