{"id":737087,"date":"2025-08-27T23:20:55","date_gmt":"2025-08-27T20:20:55","guid":{"rendered":"https:\/\/roveyayinevi.com.tr\/index.php\/urun\/daha-karpuz-kesecektik-tegmen-nabiragin-dunya-raporlari-2\/"},"modified":"2026-04-16T02:46:36","modified_gmt":"2026-04-15T23:46:36","slug":"daha-karpuz-kesecektik-tegmen-nabiragin-dunya-raporlari-2","status":"publish","type":"product","link":"https:\/\/roveyayinevi.com.tr\/index.php\/urun\/daha-karpuz-kesecektik-tegmen-nabiragin-dunya-raporlari-2\/","title":{"rendered":"Daha Karpuz Kesecektik! &#8211; Te\u011fmen Nabirag\u2019\u0131n D\u00fcnya Raporlar\u0131 2"},"content":{"rendered":"<p>Sizce ger\u00e7ekten uzayl\u0131lar var m\u0131? Varsa bizi ziyaret ediyorlar m\u0131? Ediyorlarsa niye hi\u00e7 bize de buyurmuyorlar? \u0130\u015fte bu zamana kadar incelenen raporlardan elde edilen bilgiler: \u2022 Raporlar\u0131 g\u00f6nderen, Nabirag ad\u0131nda te\u011fmen r\u00fctbesinde bir subay. \u2022 Ne zamand\u0131r T\u00fcrkiye\u2019de oldu\u011fu bilinmemekle birlikte en az birka\u00e7 y\u0131l oldu\u011fu tahmin ediliyor. \u2022 Te\u011fmen Nabirag, aram\u0131zda b\u00fcy\u00fck ihtimalle kendi ismi ve g\u00f6r\u00fcnt\u00fcs\u00fc ile bulunmuyor. Fark edilmeyecek \u015fekilde ismini ve g\u00f6r\u00fcnt\u00fcs\u00fcn\u00fc gizlemi\u015f durumda. \u2022 Raporlar\u0131n i\u00e7eri\u011fine bak\u0131l\u0131rsa, yap\u0131lan g\u00f6zlemler tamamen k\u00fclt\u00fcr\u00fc ve bizleri tan\u0131ma ama\u00e7l\u0131. Herhangi bir asker\u00ee ya da stratejik bilgiye hi\u00e7 rastlanmad\u0131. Buradan da bar\u0131\u015f\u00e7\u0131l bir uzayl\u0131 \u0131rk\u0131 ile kar\u015f\u0131 kar\u015f\u0131ya oldu\u011fumuz s\u00f6ylenebilir. Bu kitapta okuyacaklar\u0131n\u0131z, bir s\u00fcredir yetkililer taraf\u0131ndan izlenen ve \u015fifresi yeni \u00e7\u00f6z\u00fclebilmi\u015f birtak\u0131m gizli raporlar&#8230; Y\u0131llard\u0131r bizimle ya\u015fayan bir uzayl\u0131n\u0131n g\u00f6z\u00fcnden nas\u0131l g\u00f6r\u00fcn\u00fcyoruz merak ediyor musunuz? \u0130sterseniz dostumuz Te\u011fmen Nabirag\u2019\u0131n raporlar\u0131na bir g\u00f6z at\u0131n, dost mu d\u00fc\u015fman m\u0131 kendiniz karar verin&#8230;<\/p>\n","protected":false},"excerpt":{"rendered":"<p>Sizce ger\u00e7ekten uzayl\u0131lar var m\u0131? Varsa bizi ziyaret ediyorlar m\u0131? Ediyorlarsa niye hi\u00e7 bize de buyurmuyorlar? \u0130\u015fte bu zamana kadar incelenen raporlardan elde edilen bilgiler: \u2022<span class=\"excerpt-hellip\"> [\u2026]<\/span><\/p>\n","protected":false},"featured_media":0,"template":"","meta":{"_monsterinsights_skip_tracking":false,"_monsterinsights_sitenote_active":false,"_monsterinsights_sitenote_note":"","_monsterinsights_sitenote_category":0},"product_brand":[],"product_cat":[12275,12274],"product_tag":[],"class_list":{"0":"post-737087","1":"product","2":"type-product","3":"status-publish","5":"product_cat-6-12-yas-kitaplari","6":"product_cat-cocuk-ve-genclik-kitaplari","7":"pa_cilt-ciltsiz","8":"pa_tur-kitap","9":"pa_yayinevi-genc-hayat","10":"pa_yazar-fatih-congevel","12":"first","13":"instock","14":"sale","15":"shipping-taxable","16":"purchasable","17":"product-type-simple"},"_links":{"self":[{"href":"https:\/\/roveyayinevi.com.tr\/index.php\/wp-json\/wp\/v2\/product\/737087","targetHints":{"allow":["GET"]}}],"collection":[{"href":"https:\/\/roveyayinevi.com.tr\/index.php\/wp-json\/wp\/v2\/product"}],"about":[{"href":"https:\/\/roveyayinevi.com.tr\/index.php\/wp-json\/wp\/v2\/types\/product"}],"wp:attachment":[{"href":"https:\/\/roveyayinevi.com.tr\/index.php\/wp-json\/wp\/v2\/media?parent=737087"}],"wp:term":[{"taxonomy":"product_brand","embeddable":true,"href":"https:\/\/roveyayinevi.com.tr\/index.php\/wp-json\/wp\/v2\/product_brand?post=737087"},{"taxonomy":"product_cat","embeddable":true,"href":"https:\/\/roveyayinevi.com.tr\/index.php\/wp-json\/wp\/v2\/product_cat?post=737087"},{"taxonomy":"product_tag","embeddable":true,"href":"https:\/\/roveyayinevi.com.tr\/index.php\/wp-json\/wp\/v2\/product_tag?post=737087"}],"curies":[{"name":"wp","href":"https:\/\/api.w.org\/{rel}","templated":true}]}}