{"id":737086,"date":"2025-08-27T23:20:54","date_gmt":"2025-08-27T20:20:54","guid":{"rendered":"https:\/\/roveyayinevi.com.tr\/index.php\/urun\/macera-gecidi-19-calinan-tablo\/"},"modified":"2026-04-16T02:46:36","modified_gmt":"2026-04-15T23:46:36","slug":"macera-gecidi-19-calinan-tablo","status":"publish","type":"product","link":"https:\/\/roveyayinevi.com.tr\/index.php\/urun\/macera-gecidi-19-calinan-tablo\/","title":{"rendered":"Macera Ge\u00e7idi 19 &#8211; \u00c7al\u0131nan Tablo"},"content":{"rendered":"<p>Bu macerada \u00fcnl\u00fc bir gazetecisiniz. M\u00fczeden \u00e7al\u0131nan Osman Hamdi Bey\u2019in \u00fcnl\u00fc Kaplumba\u011fa Terbiyecisi tablosunun pe\u015findesiniz. Do\u011fru kararlar verirseniz, h\u0131rs\u0131zlar\u0131 bulup \u00e7al\u0131nan tablonun T\u00fcrkiye\u2019de kalmas\u0131n\u0131 sa\u011flayabileceksiniz. \u00dcstelik bu sizin i\u00e7in bol \u00f6d\u00fcll\u00fc bir ba\u015far\u0131 olacak. Y\u0131l\u0131n Gazetecisi \u00d6d\u00fcl\u00fc\u2019n\u00fc kazanarak \u00fcn\u00fcn\u00fcze \u00fcn katabileceksiniz. M\u00fczenin ve sigorta \u015firketinin koydu\u011fu be\u015fer milyonluk \u00f6d\u00fcller de cabas\u0131 tabii. Fakat bu kitapta tam on d\u00f6rt farkl\u0131 son var&#8230; Amac\u0131n\u0131za ula\u015fmak i\u00e7in m\u00fccadele etmeli, do\u011fru kararlar vermelisiniz. Yanl\u0131\u015f se\u00e7imler yaparsan\u0131z, ne yaz\u0131k ki ho\u015flanmayaca\u011f\u0131n\u0131z sonlarla kar\u015f\u0131la\u015facaks\u0131n\u0131z. O zaman bu yanl\u0131\u015f karar\u0131n\u0131z\u0131 d\u00fczeltecek ve yeniden ba\u015far\u0131ya y\u00f6neleceksiniz. \u00c7\u00fcnk\u00fc bu sizin, yaln\u0131z sizin maceran\u0131z. Her \u015fey sizin verece\u011finiz kararlara, yapaca\u011f\u0131n\u0131z se\u00e7imlere ba\u011fl\u0131&#8230;   <\/p>\n","protected":false},"excerpt":{"rendered":"<p>Bu macerada \u00fcnl\u00fc bir gazetecisiniz. M\u00fczeden \u00e7al\u0131nan Osman Hamdi Bey\u2019in \u00fcnl\u00fc Kaplumba\u011fa Terbiyecisi tablosunun pe\u015findesiniz. Do\u011fru kararlar verirseniz, h\u0131rs\u0131zlar\u0131 bulup \u00e7al\u0131nan tablonun T\u00fcrkiye\u2019de kalmas\u0131n\u0131 sa\u011flayabileceksiniz. \u00dcstelik<span class=\"excerpt-hellip\"> [\u2026]<\/span><\/p>\n","protected":false},"featured_media":0,"template":"","meta":{"_monsterinsights_skip_tracking":false,"_monsterinsights_sitenote_active":false,"_monsterinsights_sitenote_note":"","_monsterinsights_sitenote_category":0},"product_brand":[],"product_cat":[12275,12274],"product_tag":[],"class_list":{"0":"post-737086","1":"product","2":"type-product","3":"status-publish","5":"product_cat-6-12-yas-kitaplari","6":"product_cat-cocuk-ve-genclik-kitaplari","7":"pa_cilt-ciltsiz","8":"pa_tur-kitap","9":"pa_yayinevi-genc-hayat","10":"pa_yazar-tuncel-altinkopru","12":"first","13":"instock","14":"sale","15":"shipping-taxable","16":"purchasable","17":"product-type-simple"},"_links":{"self":[{"href":"https:\/\/roveyayinevi.com.tr\/index.php\/wp-json\/wp\/v2\/product\/737086","targetHints":{"allow":["GET"]}}],"collection":[{"href":"https:\/\/roveyayinevi.com.tr\/index.php\/wp-json\/wp\/v2\/product"}],"about":[{"href":"https:\/\/roveyayinevi.com.tr\/index.php\/wp-json\/wp\/v2\/types\/product"}],"wp:attachment":[{"href":"https:\/\/roveyayinevi.com.tr\/index.php\/wp-json\/wp\/v2\/media?parent=737086"}],"wp:term":[{"taxonomy":"product_brand","embeddable":true,"href":"https:\/\/roveyayinevi.com.tr\/index.php\/wp-json\/wp\/v2\/product_brand?post=737086"},{"taxonomy":"product_cat","embeddable":true,"href":"https:\/\/roveyayinevi.com.tr\/index.php\/wp-json\/wp\/v2\/product_cat?post=737086"},{"taxonomy":"product_tag","embeddable":true,"href":"https:\/\/roveyayinevi.com.tr\/index.php\/wp-json\/wp\/v2\/product_tag?post=737086"}],"curies":[{"name":"wp","href":"https:\/\/api.w.org\/{rel}","templated":true}]}}