{"id":737084,"date":"2025-08-27T23:20:52","date_gmt":"2025-08-27T20:20:52","guid":{"rendered":"https:\/\/roveyayinevi.com.tr\/index.php\/urun\/gelecegi-konusmak-istiyorum\/"},"modified":"2026-04-16T02:46:35","modified_gmt":"2026-04-15T23:46:35","slug":"gelecegi-konusmak-istiyorum","status":"publish","type":"product","link":"https:\/\/roveyayinevi.com.tr\/index.php\/urun\/gelecegi-konusmak-istiyorum\/","title":{"rendered":"Gelece\u011fi Konu\u015fmak \u0130stiyorum"},"content":{"rendered":"<p>Bu kitap; g\u00fcn\u00fcm\u00fczde s\u0131k\u00e7a konu\u015fulmaya ba\u015flanan ve gelecekte daha fazla konu\u015fulacak olan yapay zek\u00e2, sanal ve art\u0131r\u0131lm\u0131\u015f ger\u00e7eklik, nesnelerin interneti, otonom ara\u00e7lar, \u00fc\u00e7 boyutlu yaz\u0131c\u0131lar, siber teknolojiler, blokzincir teknolojilerinden bahsetmekte; e\u011fitim, giri\u015fimcilik, start-up, AR-GE, inovasyon, patent ve markala\u015fman\u0131n \u00f6nemine de\u011finmektedir. Kitap, a\u015fa\u011f\u0131daki konular gibi pek \u00e7ok konuya a\u00e7\u0131kl\u0131k getirmekte ve sorulara cevaplar vermektedir: \u00b7        Dijital de\u011fi\u015fim ve d\u00f6n\u00fc\u015f\u00fcm i\u00e7in neler yap\u0131lmal\u0131? \u00b7        Gelecekte ameliyatlar\u0131 robotik cerrahlar m\u0131 yapacak? \u00b7        Yapay zek\u00e2n\u0131n hastal\u0131klar\u0131 te\u015fhisteki ba\u015far\u0131lar\u0131 \u00b7        Gelecekte yapay zek\u00e2 pastas\u0131 nas\u0131l payla\u015f\u0131lacak? \u00b7        \u00d6l\u00fcm sa\u00e7an yapay zek\u00e2lar engellenebilir mi? \u00b7        \u00c7in yeni nesil yapay zek\u00e2 silahlar i\u00e7in yeni nesil \u00f6\u011frenciler yeti\u015ftiriyor \u00b7        Yapay zek\u00e2n\u0131n yol a\u00e7aca\u011f\u0131 muhtemel s\u0131k\u0131nt\u0131 ve zararlar \u00b7        Yapay zek\u00e2 baz\u0131 meslekleri ele ge\u00e7irecek mi? \u00b7        \u00dc\u00e7 boyutlu yaz\u0131c\u0131larla insan yedek par\u00e7alar\u0131 m\u0131 \u00fcretilecek? \u00b7        Savunma sanayisi kurulu\u015flar\u0131m\u0131zla neler yap\u0131yoruz? \u00b7        \u00c7in\u2019in d\u00fcnyay\u0131 kontrol\u00fc insanlar\u0131 k\u00f6lele\u015ftirir mi?\u00b7        Beyaz \u015fapkal\u0131 siber sava\u015f\u00e7\u0131lar yeti\u015ftirmeliyiz <\/p>\n","protected":false},"excerpt":{"rendered":"<p>Bu kitap; g\u00fcn\u00fcm\u00fczde s\u0131k\u00e7a konu\u015fulmaya ba\u015flanan ve gelecekte daha fazla konu\u015fulacak olan yapay zek\u00e2, sanal ve art\u0131r\u0131lm\u0131\u015f ger\u00e7eklik, nesnelerin interneti, otonom ara\u00e7lar, \u00fc\u00e7 boyutlu yaz\u0131c\u0131lar, siber<span class=\"excerpt-hellip\"> [\u2026]<\/span><\/p>\n","protected":false},"featured_media":0,"template":"","meta":{"_monsterinsights_skip_tracking":false,"_monsterinsights_sitenote_active":false,"_monsterinsights_sitenote_note":"","_monsterinsights_sitenote_category":0},"product_brand":[],"product_cat":[13005,13006],"product_tag":[],"class_list":{"0":"post-737084","1":"product","2":"type-product","3":"status-publish","5":"product_cat-bilim-muhendislik","6":"product_cat-populer-bilim","7":"pa_cilt-ciltsiz","8":"pa_tur-kitap","9":"pa_yayinevi-hayat-yayinlari","10":"pa_yazar-mustafa-lale","12":"first","13":"instock","14":"sale","15":"shipping-taxable","16":"purchasable","17":"product-type-simple"},"_links":{"self":[{"href":"https:\/\/roveyayinevi.com.tr\/index.php\/wp-json\/wp\/v2\/product\/737084","targetHints":{"allow":["GET"]}}],"collection":[{"href":"https:\/\/roveyayinevi.com.tr\/index.php\/wp-json\/wp\/v2\/product"}],"about":[{"href":"https:\/\/roveyayinevi.com.tr\/index.php\/wp-json\/wp\/v2\/types\/product"}],"wp:attachment":[{"href":"https:\/\/roveyayinevi.com.tr\/index.php\/wp-json\/wp\/v2\/media?parent=737084"}],"wp:term":[{"taxonomy":"product_brand","embeddable":true,"href":"https:\/\/roveyayinevi.com.tr\/index.php\/wp-json\/wp\/v2\/product_brand?post=737084"},{"taxonomy":"product_cat","embeddable":true,"href":"https:\/\/roveyayinevi.com.tr\/index.php\/wp-json\/wp\/v2\/product_cat?post=737084"},{"taxonomy":"product_tag","embeddable":true,"href":"https:\/\/roveyayinevi.com.tr\/index.php\/wp-json\/wp\/v2\/product_tag?post=737084"}],"curies":[{"name":"wp","href":"https:\/\/api.w.org\/{rel}","templated":true}]}}