{"id":737083,"date":"2025-08-27T23:20:51","date_gmt":"2025-08-27T20:20:51","guid":{"rendered":"https:\/\/roveyayinevi.com.tr\/index.php\/urun\/sevdaya-mi-tutuldum\/"},"modified":"2026-04-16T02:46:35","modified_gmt":"2026-04-15T23:46:35","slug":"sevdaya-mi-tutuldum","status":"publish","type":"product","link":"https:\/\/roveyayinevi.com.tr\/index.php\/urun\/sevdaya-mi-tutuldum\/","title":{"rendered":"Sevdaya m\u0131 Tutuldum?"},"content":{"rendered":"<p>Sevdaya m\u0131 Tutuldum? Orhan Veli\u2019nin Nahit Han\u0131m\u2019a verdi\u011fi bir \u00e7ift \u015fiir defterinden olu\u015fuyor. Bu iki deftere bakt\u0131\u011f\u0131m\u0131zda, \u015fairin 1942 y\u0131l\u0131na kadar yazd\u0131\u011f\u0131 \u015fiirleri, muhtemelen askere giderken, ba\u015f\u0131na bir \u015fey gelirse saklas\u0131n ve yay\u0131mlas\u0131n diye, Nahit Han\u0131m\u2019a verdi\u011fini anl\u0131yoruz. Orhan Veli\u2019nin elyaz\u0131s\u0131yla 112 \u015fiiri Ra\u015fit \u00c7ava\u015f ile G\u00fczin De\u011fi\u015fmez yay\u0131na haz\u0131rlad\u0131. \u015eiirlerin \u00e7eviri yaz\u0131s\u0131 yap\u0131ld\u0131, dergilerdeki ilk yay\u0131mlar\u0131yla kitaplar\u0131n\u0131n farkl\u0131 yay\u0131nevlerindeki bask\u0131lar\u0131 kar\u015f\u0131la\u015ft\u0131r\u0131ld\u0131 ve R. \u00c7ava\u015f taraf\u0131ndan notland\u0131. B\u00f6ylece, eski yaz\u0131 merakl\u0131s\u0131 okurlara, Orhan Veli tutkunlar\u0131na ve b\u00fct\u00fcn \u015fiirseverlere \u00f6zel bir yay\u0131n ortaya \u00e7\u0131kt\u0131. Sevdaya m\u0131 Tutuldum? Orhan Veli\u2019nin sevdi\u011fi kad\u0131na emanet etti\u011fi defterlerdeki \u015fiirlerin bir kitab\u0131.<\/p>\n","protected":false},"excerpt":{"rendered":"<p>Sevdaya m\u0131 Tutuldum? Orhan Veli\u2019nin Nahit Han\u0131m\u2019a verdi\u011fi bir \u00e7ift \u015fiir defterinden olu\u015fuyor. Bu iki deftere bakt\u0131\u011f\u0131m\u0131zda, \u015fairin 1942 y\u0131l\u0131na kadar yazd\u0131\u011f\u0131 \u015fiirleri, muhtemelen askere giderken,<span class=\"excerpt-hellip\"> [\u2026]<\/span><\/p>\n","protected":false},"featured_media":0,"template":"","meta":{"_monsterinsights_skip_tracking":false,"_monsterinsights_sitenote_active":false,"_monsterinsights_sitenote_note":"","_monsterinsights_sitenote_category":0},"product_brand":[],"product_cat":[12291,12509],"product_tag":[],"class_list":{"0":"post-737083","1":"product","2":"type-product","3":"status-publish","5":"product_cat-edebiyat","6":"product_cat-siir","7":"pa_cilt-ciltsiz","8":"pa_tur-kitap","9":"pa_yayinevi-yapi-kredi-yayinlari","10":"pa_yazar-orhan-veli-kanik","12":"first","13":"instock","14":"sale","15":"shipping-taxable","16":"purchasable","17":"product-type-simple"},"_links":{"self":[{"href":"https:\/\/roveyayinevi.com.tr\/index.php\/wp-json\/wp\/v2\/product\/737083","targetHints":{"allow":["GET"]}}],"collection":[{"href":"https:\/\/roveyayinevi.com.tr\/index.php\/wp-json\/wp\/v2\/product"}],"about":[{"href":"https:\/\/roveyayinevi.com.tr\/index.php\/wp-json\/wp\/v2\/types\/product"}],"wp:attachment":[{"href":"https:\/\/roveyayinevi.com.tr\/index.php\/wp-json\/wp\/v2\/media?parent=737083"}],"wp:term":[{"taxonomy":"product_brand","embeddable":true,"href":"https:\/\/roveyayinevi.com.tr\/index.php\/wp-json\/wp\/v2\/product_brand?post=737083"},{"taxonomy":"product_cat","embeddable":true,"href":"https:\/\/roveyayinevi.com.tr\/index.php\/wp-json\/wp\/v2\/product_cat?post=737083"},{"taxonomy":"product_tag","embeddable":true,"href":"https:\/\/roveyayinevi.com.tr\/index.php\/wp-json\/wp\/v2\/product_tag?post=737083"}],"curies":[{"name":"wp","href":"https:\/\/api.w.org\/{rel}","templated":true}]}}