{"id":737081,"date":"2025-08-27T23:20:48","date_gmt":"2025-08-27T20:20:48","guid":{"rendered":"https:\/\/roveyayinevi.com.tr\/index.php\/urun\/itiraz\/"},"modified":"2026-04-16T02:46:35","modified_gmt":"2026-04-15T23:46:35","slug":"itiraz","status":"publish","type":"product","link":"https:\/\/roveyayinevi.com.tr\/index.php\/urun\/itiraz\/","title":{"rendered":"\u0130tiraz"},"content":{"rendered":"<p>Avukat Stanton Shaw g\u00fcneyli \u00e7ekicili\u011fi, unutulmaz g\u00fcl\u00fcmsemesi ve b\u00fcy\u00fcleyici ye\u015fil g\u00f6zleriyle hay\u0131r denmesi zor bir adamd\u0131r. Stanton i\u00e7in lise a\u015fk\u0131, yani \u00e7ok sevdi\u011fi k\u0131z\u0131n\u0131n annesi bir ba\u015fkas\u0131yla evlenece\u011fini s\u00f6yleyene kadar her \u015fey yolundad\u0131r. D\u00fc\u011f\u00fcn davetiyesini alan gen\u00e7 adam\u0131n tek hedefi vard\u0131r: D\u00fc\u011f\u00fcn\u00fc iptal ettirmek.Sofia Santos ise \u00fclkedeki en sayg\u0131n ceza savunma avukat\u0131 olmay\u0131 planlayan zeki bir kad\u0131nd\u0131r ve ili\u015fkilere ay\u0131racak zaman\u0131 da yoktur. Meslekta\u015f\u0131 ve arkada\u015f\u0131 Stanton yard\u0131m\u0131n\u0131 istedi\u011finde onu reddedemez hatta plan\u0131na ortak olmay\u0131 kabul eder. Fakat Stanton\u2019a kar\u015f\u0131 hisler besleyen kalbi tam tersini s\u00f6yler.Belki de d\u00fc\u011f\u00fcne say\u0131l\u0131 g\u00fcnler kala, yap\u0131lan planlar arzulara yenik d\u00fc\u015fecektir. <\/p>\n","protected":false},"excerpt":{"rendered":"<p>Avukat Stanton Shaw g\u00fcneyli \u00e7ekicili\u011fi, unutulmaz g\u00fcl\u00fcmsemesi ve b\u00fcy\u00fcleyici ye\u015fil g\u00f6zleriyle hay\u0131r denmesi zor bir adamd\u0131r. Stanton i\u00e7in lise a\u015fk\u0131, yani \u00e7ok sevdi\u011fi k\u0131z\u0131n\u0131n annesi bir<span class=\"excerpt-hellip\"> [\u2026]<\/span><\/p>\n","protected":false},"featured_media":0,"template":"","meta":{"_monsterinsights_skip_tracking":false,"_monsterinsights_sitenote_active":false,"_monsterinsights_sitenote_note":"","_monsterinsights_sitenote_category":0},"product_brand":[],"product_cat":[12291,12711],"product_tag":[],"class_list":{"0":"post-737081","1":"product","2":"type-product","3":"status-publish","5":"product_cat-edebiyat","6":"product_cat-roman-oyku","7":"pa_cilt-ciltsiz","8":"pa_tur-kitap","9":"pa_yayinevi-nemesis-kitap","10":"pa_yazar-emma-chase","12":"first","13":"instock","14":"sale","15":"shipping-taxable","16":"purchasable","17":"product-type-simple"},"_links":{"self":[{"href":"https:\/\/roveyayinevi.com.tr\/index.php\/wp-json\/wp\/v2\/product\/737081","targetHints":{"allow":["GET"]}}],"collection":[{"href":"https:\/\/roveyayinevi.com.tr\/index.php\/wp-json\/wp\/v2\/product"}],"about":[{"href":"https:\/\/roveyayinevi.com.tr\/index.php\/wp-json\/wp\/v2\/types\/product"}],"wp:attachment":[{"href":"https:\/\/roveyayinevi.com.tr\/index.php\/wp-json\/wp\/v2\/media?parent=737081"}],"wp:term":[{"taxonomy":"product_brand","embeddable":true,"href":"https:\/\/roveyayinevi.com.tr\/index.php\/wp-json\/wp\/v2\/product_brand?post=737081"},{"taxonomy":"product_cat","embeddable":true,"href":"https:\/\/roveyayinevi.com.tr\/index.php\/wp-json\/wp\/v2\/product_cat?post=737081"},{"taxonomy":"product_tag","embeddable":true,"href":"https:\/\/roveyayinevi.com.tr\/index.php\/wp-json\/wp\/v2\/product_tag?post=737081"}],"curies":[{"name":"wp","href":"https:\/\/api.w.org\/{rel}","templated":true}]}}