{"id":737078,"date":"2025-08-27T23:20:45","date_gmt":"2025-08-27T20:20:45","guid":{"rendered":"https:\/\/roveyayinevi.com.tr\/index.php\/urun\/sihirli-bag\/"},"modified":"2026-04-16T02:46:35","modified_gmt":"2026-04-15T23:46:35","slug":"sihirli-bag","status":"publish","type":"product","link":"https:\/\/roveyayinevi.com.tr\/index.php\/urun\/sihirli-bag\/","title":{"rendered":"Sihirli Ba\u011f"},"content":{"rendered":"<p>Ya\u015f\u0131m\u0131z ya da cinsiyetimiz ne olursa olsun, bedenlenme yolculu\u011funun ba\u015flad\u0131\u011f\u0131 anne karn\u0131, bilgilerin yo\u011fun \u015fekilde i\u015flendi\u011fi mucizevi bir alan olarak varl\u0131\u011f\u0131n\u0131 s\u00fcrd\u00fcr\u00fcr. \u00d6yle ki bu alanda, annelerine sihirli ba\u011f ile ba\u011flanan her ruh, ilerleyen ya\u015flar\u0131nda bu ba\u011fdan edindi\u011fi bilgiler ile hayat\u0131n\u0131 \u015fekillendirmeye devam eder. Bilgi i\u015fleme \u015fekli ve kapasitesi; mutlulu\u011fu, ba\u015far\u0131y\u0131, huzuru, k\u0131sacas\u0131 hayat\u0131n i\u00e7inde arad\u0131\u011f\u0131m\u0131z duygu durumlar\u0131n\u0131n kar\u015f\u0131l\u0131\u011f\u0131n\u0131 i\u015fleme s\u00fcrecidir. Sihri fark\u0131na vard\u0131\u011f\u0131m\u0131zda, ge\u00e7mi\u015f nesillerden alm\u0131\u015f oldu\u011fumuz limitleyici kay\u0131tlar\u0131m\u0131z d\u00f6n\u00fc\u015f\u00fcr. Ge\u00e7mi\u015f duygular\u0131m\u0131z b\u00fct\u00fcnlendi\u011finde gelece\u011fimiz anda yeniden olu\u015fur.   Zekan\u0131n ve akl\u0131n \u00f6tesindeki bu s\u00fcre\u00e7, anneniz ve b\u00fcy\u00fck b\u00fcy\u00fck anneleriniz ile olan ba\u011f\u0131n, sihrini ortaya \u00e7\u0131karacak, bu sayede hayat\u0131n\u0131z yeniden \u015fekillenecek ve sizden sonraki nesle b\u0131rakaca\u011f\u0131n\u0131z en b\u00fcy\u00fck miras olacakt\u0131r. <\/p>\n","protected":false},"excerpt":{"rendered":"<p>Ya\u015f\u0131m\u0131z ya da cinsiyetimiz ne olursa olsun, bedenlenme yolculu\u011funun ba\u015flad\u0131\u011f\u0131 anne karn\u0131, bilgilerin yo\u011fun \u015fekilde i\u015flendi\u011fi mucizevi bir alan olarak varl\u0131\u011f\u0131n\u0131 s\u00fcrd\u00fcr\u00fcr. \u00d6yle ki bu alanda,<span class=\"excerpt-hellip\"> [\u2026]<\/span><\/p>\n","protected":false},"featured_media":0,"template":"","meta":{"_monsterinsights_skip_tracking":false,"_monsterinsights_sitenote_active":false,"_monsterinsights_sitenote_note":"","_monsterinsights_sitenote_category":0},"product_brand":[],"product_cat":[12364,12376],"product_tag":[],"class_list":{"0":"post-737078","1":"product","2":"type-product","3":"status-publish","5":"product_cat-genel-konular","6":"product_cat-kisisel-gelisim","7":"pa_cilt-ciltsiz","8":"pa_tur-kitap","9":"pa_yayinevi-bilgelik-akademisi","10":"pa_yazar-ilbilge-genc","12":"first","13":"instock","14":"sale","15":"shipping-taxable","16":"purchasable","17":"product-type-simple"},"_links":{"self":[{"href":"https:\/\/roveyayinevi.com.tr\/index.php\/wp-json\/wp\/v2\/product\/737078","targetHints":{"allow":["GET"]}}],"collection":[{"href":"https:\/\/roveyayinevi.com.tr\/index.php\/wp-json\/wp\/v2\/product"}],"about":[{"href":"https:\/\/roveyayinevi.com.tr\/index.php\/wp-json\/wp\/v2\/types\/product"}],"wp:attachment":[{"href":"https:\/\/roveyayinevi.com.tr\/index.php\/wp-json\/wp\/v2\/media?parent=737078"}],"wp:term":[{"taxonomy":"product_brand","embeddable":true,"href":"https:\/\/roveyayinevi.com.tr\/index.php\/wp-json\/wp\/v2\/product_brand?post=737078"},{"taxonomy":"product_cat","embeddable":true,"href":"https:\/\/roveyayinevi.com.tr\/index.php\/wp-json\/wp\/v2\/product_cat?post=737078"},{"taxonomy":"product_tag","embeddable":true,"href":"https:\/\/roveyayinevi.com.tr\/index.php\/wp-json\/wp\/v2\/product_tag?post=737078"}],"curies":[{"name":"wp","href":"https:\/\/api.w.org\/{rel}","templated":true}]}}