{"id":737075,"date":"2025-08-27T23:20:42","date_gmt":"2025-08-27T20:20:42","guid":{"rendered":"https:\/\/roveyayinevi.com.tr\/index.php\/urun\/osman-aganin-evkafi\/"},"modified":"2026-04-16T02:46:35","modified_gmt":"2026-04-15T23:46:35","slug":"osman-aganin-evkafi","status":"publish","type":"product","link":"https:\/\/roveyayinevi.com.tr\/index.php\/urun\/osman-aganin-evkafi\/","title":{"rendered":"Osman A\u011fa&#8217;n\u0131n Evkaf\u0131"},"content":{"rendered":"<p>Bir saray mensubunun XVI. y\u00fczy\u0131l sonlar\u0131 ile XVII. y\u00fczy\u0131l ba\u015flar\u0131na ait olan evkaf\u0131n\u0131 konu alan bu \u00e7al\u0131\u015fman\u0131n kahraman\u0131 Osman A\u011fa&#8217;d\u0131r. Enderun&#8217;da yeti\u015fen ve ya\u015fam\u0131n\u0131n b\u00fcy\u00fck k\u0131sm\u0131n\u0131 Topkap\u0131 Saray\u0131&#8217;nda ge\u00e7iren a\u011fa, III. Murad, III. Mehmed ve I. Ahmed d\u00f6nemlerinde devlet hizmetinde bulunmu\u015ftur. Ar\u015fiv kay\u0131tlar\u0131na yans\u0131yan bilgilerden Enderun Hazinesi Keth\u00fcdas\u0131, Hazinedarba\u015f\u0131 ve B\u00e2b\u00fcssa\u00e2de a\u011fas\u0131 olarak hizmet etti\u011fi anla\u015f\u0131lan a\u011fan\u0131n ayr\u0131ca toplumsal ihtiya\u00e7lar\u0131 gidermek \u00fczere iki vak\u0131f kurdu\u011fu saptanm\u0131\u015ft\u0131r.\u0130psala&#8217;da susuzlu\u011fu gidermek amac\u0131yla su hayrat\u0131n\u0131, Kad\u0131k\u00f6y&#8217;de de harap olmu\u015f mescidi yenileyerek bir mabedi, toplumun kullan\u0131m\u0131na sunmu\u015ftur. Bu eserlerin d\u0131\u015f\u0131nda Enderun&#8217;da ve d\u0131\u015f saraylarda yeti\u015ftirilen i\u00e7 o\u011flanlar\u0131n yarar\u0131na hizmetlerde bulunmu\u015f, evkaf\u0131n\u0131n Haremeyn vak\u0131flar\u0131ndan biri olarak an\u0131lmas\u0131n\u0131 sa\u011flayacak bir organizasyona dahil olmu\u015ftur.Hizmetlerin yerine getirilebilmesi i\u00e7in \u0130nebaht\u0131 Sanca\u011f\u0131&#8217;ndaki baz\u0131 k\u00f6yleri, \u0130stanbul&#8217;da sur i\u00e7inde, Galata&#8217;da, Kad\u0131k\u00f6y&#8217;de, Kuzguncuk&#8217;ta, Ey\u00fcp&#8217;te ve \u0130psala&#8217;da bulunan \u00e7ok say\u0131daki gayrimenkul\u00fc ba\u011f\u0131\u015flam\u0131\u015f, bu \u015fekilde hayata ge\u00e7irdi\u011fi vak\u0131flar\u0131n sonsuza dek devam\u0131n\u0131 ama\u00e7lam\u0131\u015ft\u0131r. Ancak kendi ad\u0131yla an\u0131lan Kad\u0131k\u00f6y&#8217;deki camii d\u0131\u015f\u0131nda di\u011fer eserleri ve hizmetleri g\u00fcn\u00fcm\u00fcze ula\u015famam\u0131\u015ft\u0131r.<\/p>\n","protected":false},"excerpt":{"rendered":"<p>Bir saray mensubunun XVI. y\u00fczy\u0131l sonlar\u0131 ile XVII. y\u00fczy\u0131l ba\u015flar\u0131na ait olan evkaf\u0131n\u0131 konu alan bu \u00e7al\u0131\u015fman\u0131n kahraman\u0131 Osman A\u011fa&#8217;d\u0131r. Enderun&#8217;da yeti\u015fen ve ya\u015fam\u0131n\u0131n b\u00fcy\u00fck k\u0131sm\u0131n\u0131<span class=\"excerpt-hellip\"> [\u2026]<\/span><\/p>\n","protected":false},"featured_media":0,"template":"","meta":{"_monsterinsights_skip_tracking":false,"_monsterinsights_sitenote_active":false,"_monsterinsights_sitenote_note":"","_monsterinsights_sitenote_category":0},"product_brand":[],"product_cat":[13517,12304],"product_tag":[],"class_list":{"0":"post-737075","1":"product","2":"type-product","3":"status-publish","5":"product_cat-osmanli-tarihi","6":"product_cat-tarih","7":"pa_cilt-ciltsiz","8":"pa_tur-kitap","9":"pa_yayinevi-yeditepe-yayinevi","10":"pa_yazar-meral-bayrak-ferlibas","12":"first","13":"instock","14":"sale","15":"shipping-taxable","16":"purchasable","17":"product-type-simple"},"_links":{"self":[{"href":"https:\/\/roveyayinevi.com.tr\/index.php\/wp-json\/wp\/v2\/product\/737075","targetHints":{"allow":["GET"]}}],"collection":[{"href":"https:\/\/roveyayinevi.com.tr\/index.php\/wp-json\/wp\/v2\/product"}],"about":[{"href":"https:\/\/roveyayinevi.com.tr\/index.php\/wp-json\/wp\/v2\/types\/product"}],"wp:attachment":[{"href":"https:\/\/roveyayinevi.com.tr\/index.php\/wp-json\/wp\/v2\/media?parent=737075"}],"wp:term":[{"taxonomy":"product_brand","embeddable":true,"href":"https:\/\/roveyayinevi.com.tr\/index.php\/wp-json\/wp\/v2\/product_brand?post=737075"},{"taxonomy":"product_cat","embeddable":true,"href":"https:\/\/roveyayinevi.com.tr\/index.php\/wp-json\/wp\/v2\/product_cat?post=737075"},{"taxonomy":"product_tag","embeddable":true,"href":"https:\/\/roveyayinevi.com.tr\/index.php\/wp-json\/wp\/v2\/product_tag?post=737075"}],"curies":[{"name":"wp","href":"https:\/\/api.w.org\/{rel}","templated":true}]}}