{"id":737072,"date":"2025-08-27T23:20:40","date_gmt":"2025-08-27T20:20:40","guid":{"rendered":"https:\/\/roveyayinevi.com.tr\/index.php\/urun\/tanzimat-doneminde-osmanli-imparatorlugu\/"},"modified":"2026-04-16T02:46:35","modified_gmt":"2026-04-15T23:46:35","slug":"tanzimat-doneminde-osmanli-imparatorlugu","status":"publish","type":"product","link":"https:\/\/roveyayinevi.com.tr\/index.php\/urun\/tanzimat-doneminde-osmanli-imparatorlugu\/","title":{"rendered":"Tanzimat D\u00f6neminde Osmanl\u0131 \u0130mparatorlu\u011fu"},"content":{"rendered":"<p>Osmanl\u0131 tarih\u00e7ileri Tanzimat\u2019\u0131 uzun su\u0308re yukar\u0131dan a\u015fa\u011f\u0131 bir bak\u0131\u015f a\u00e7\u0131s\u0131yla \u00e7al\u0131\u015ft\u0131; buna g\u00f6re imparatorluk ba\u015fkenti \u0130stanbul\u2019da planlanan politikalar, vilayetlere ve merkezden uzaktaki nu\u0308fusa dayat\u0131l\u0131yordu. Bu bak\u0131\u015f a\u00e7\u0131s\u0131 son y\u0131llarda, tarih\u00e7ilerin farkl\u0131 toplumsal akt\u00f6rlerin devletin reformlar\u0131na nas\u0131l kar\u015f\u0131l\u0131k verdi\u011fini \u00e7al\u0131\u015fmak i\u00e7in vilayetlere yo\u011funla\u015fmas\u0131yla de\u011fi\u015fti.   Tanzimat D\u00f6neminde Osmanl\u0131 \u0130mparatorlu\u011fu, Tanzimat reformlar\u0131n\u0131n eyalet\/vilayet y\u00f6netimi u\u0308zerindeki etkilerini ara\u015ft\u0131rarak vilayetler aras\u0131ndaki \u00e7e\u015fitlili\u011fi ve elbette \u00e2yan, a\u015firet reisleri, tu\u0308ccarlar ve zaman zaman devletin iktidar\u0131n\u0131 zay\u0131flatan, fakat ba\u015fka zamanlarda da devletle el ele \u00e7al\u0131\u015fan tu\u0308m di\u011fer yerel arac\u0131lar\u0131n \u00f6nemli rolu\u0308nu\u0308 inceliyor.   Derin bir ar\u015fiv ara\u015ft\u0131rmas\u0131na dayanan Tanzimat D\u00f6neminde Osmanl\u0131 \u0130mparatorlu\u011fu, Tanzimat reformlar\u0131n\u0131 hem tarihe hem de sosyal bilimlere katk\u0131da bulunmak \u00fczere de\u011ferlendiriyor; her ikisi de Osmanl\u0131 devletinin merkezi b\u00f6lgeleri olan Ankara ve Edirne&#8217;den bak\u0131\u015fla&#8230;   \u201cAyn\u0131 Tanzimat politikalar\u0131 iki b\u00f6lgede de uygulanm\u0131\u015f, fakat reformlar farkl\u0131 sonu\u00e7lar vermi\u015fti. (&#8230;) Bu iki Osmanl\u0131 vilayetinde Tanzimat uygulamalar\u0131n\u0131 kar\u015f\u0131la\u015ft\u0131rmak baz\u0131 sorular do\u011furur: Tanzimat s\u00fcresince devletle toplumsal akt\u00f6rler aras\u0131nda ne t\u00fcr etkile\u015fimler vard\u0131? Bu etkile\u015fimler reformlar\u0131n sonucunu nas\u0131l etkiledi? Bu ili\u015fkiler ve reformlar \u00fczerindeki etkileri bize devletlerin d\u00f6n\u00fc\u015f\u00fcm\u00fc hakk\u0131nda ne s\u00f6yl\u00fcyordu? S\u00f6z konusu sorular\u0131n cevaplar\u0131 sadece Edirne ve Ankara vilayetlerindeki toplumsal ve ekonomik de\u011fi\u015fiklikleri anlatmakla kalmaz, ayn\u0131 zamanda merkeziyet\u00e7ilik\/ademimerkeziyet\u00e7ilik, devlet kontrol\u00fc ve imparatorlu\u011fun \u00e7\u00f6k\u00fc\u015f\u00fc gibi kan\u0131ksanm\u0131\u015f kavramlar\u0131 yeniden d\u00fc\u015f\u00fcnmemize neden olurlar.\u201d <\/p>\n","protected":false},"excerpt":{"rendered":"<p>Osmanl\u0131 tarih\u00e7ileri Tanzimat\u2019\u0131 uzun su\u0308re yukar\u0131dan a\u015fa\u011f\u0131 bir bak\u0131\u015f a\u00e7\u0131s\u0131yla \u00e7al\u0131\u015ft\u0131; buna g\u00f6re imparatorluk ba\u015fkenti \u0130stanbul\u2019da planlanan politikalar, vilayetlere ve merkezden uzaktaki nu\u0308fusa dayat\u0131l\u0131yordu. Bu bak\u0131\u015f<span class=\"excerpt-hellip\"> [\u2026]<\/span><\/p>\n","protected":false},"featured_media":0,"template":"","meta":{"_monsterinsights_skip_tracking":false,"_monsterinsights_sitenote_active":false,"_monsterinsights_sitenote_note":"","_monsterinsights_sitenote_category":0},"product_brand":[],"product_cat":[13517,12304],"product_tag":[],"class_list":{"0":"post-737072","1":"product","2":"type-product","3":"status-publish","5":"product_cat-osmanli-tarihi","6":"product_cat-tarih","7":"pa_cilt-ciltsiz","8":"pa_tur-kitap","9":"pa_yayinevi-koc-universitesi-yayinlari","10":"pa_yazar-yonca-koksal-ozyasar","12":"first","13":"instock","14":"sale","15":"shipping-taxable","16":"purchasable","17":"product-type-simple"},"_links":{"self":[{"href":"https:\/\/roveyayinevi.com.tr\/index.php\/wp-json\/wp\/v2\/product\/737072","targetHints":{"allow":["GET"]}}],"collection":[{"href":"https:\/\/roveyayinevi.com.tr\/index.php\/wp-json\/wp\/v2\/product"}],"about":[{"href":"https:\/\/roveyayinevi.com.tr\/index.php\/wp-json\/wp\/v2\/types\/product"}],"wp:attachment":[{"href":"https:\/\/roveyayinevi.com.tr\/index.php\/wp-json\/wp\/v2\/media?parent=737072"}],"wp:term":[{"taxonomy":"product_brand","embeddable":true,"href":"https:\/\/roveyayinevi.com.tr\/index.php\/wp-json\/wp\/v2\/product_brand?post=737072"},{"taxonomy":"product_cat","embeddable":true,"href":"https:\/\/roveyayinevi.com.tr\/index.php\/wp-json\/wp\/v2\/product_cat?post=737072"},{"taxonomy":"product_tag","embeddable":true,"href":"https:\/\/roveyayinevi.com.tr\/index.php\/wp-json\/wp\/v2\/product_tag?post=737072"}],"curies":[{"name":"wp","href":"https:\/\/api.w.org\/{rel}","templated":true}]}}