{"id":737071,"date":"2025-08-27T23:20:39","date_gmt":"2025-08-27T20:20:39","guid":{"rendered":"https:\/\/roveyayinevi.com.tr\/index.php\/urun\/o-genis-boslukta\/"},"modified":"2026-04-16T02:46:35","modified_gmt":"2026-04-15T23:46:35","slug":"o-genis-boslukta","status":"publish","type":"product","link":"https:\/\/roveyayinevi.com.tr\/index.php\/urun\/o-genis-boslukta\/","title":{"rendered":"O Geni\u015f Bo\u015flukta"},"content":{"rendered":"<p>Bir Ba\u015fka Co\u011frafyadan (2020) kitab\u0131yla 2021 Yunus Nadi \u015eiir \u00d6d\u00fcl\u00fc\u2019n\u00fc alan Cevat \u00c7apan 90. ya\u015f\u0131n\u0131 O Geni\u015f Bo\u015flukta adl\u0131 yeni \u015fiir kitab\u0131yla selaml\u0131yor.   O bin p\u0131narl\u0131 da\u011flar\u0131n\u0131n eteklerinde y\u0131k\u0131k bir \u00f6ren yerinde rastlarsan ba\u015f\u0131, kollar\u0131 kopar\u0131lm\u0131\u015f bir tanr\u0131\u00e7aya, oturup bir zeytin a\u011fac\u0131n\u0131n alt\u0131na ona kurban edilen ba\u015fka canl\u0131lar\u0131 ve o g\u00f6rkemli t\u00f6renleri d\u00fc\u015f\u00fcn. Her zaman ya\u011fmalan\u0131yordur Troya ve yan\u0131yordur bir Kartaca, uzakta.   (\u201cHer Mevsim Bir Cehennem\u201d \u015fiirinden) <\/p>\n","protected":false},"excerpt":{"rendered":"<p>Bir Ba\u015fka Co\u011frafyadan (2020) kitab\u0131yla 2021 Yunus Nadi \u015eiir \u00d6d\u00fcl\u00fc\u2019n\u00fc alan Cevat \u00c7apan 90. ya\u015f\u0131n\u0131 O Geni\u015f Bo\u015flukta adl\u0131 yeni \u015fiir kitab\u0131yla selaml\u0131yor. O bin p\u0131narl\u0131<span class=\"excerpt-hellip\"> [\u2026]<\/span><\/p>\n","protected":false},"featured_media":0,"template":"","meta":{"_monsterinsights_skip_tracking":false,"_monsterinsights_sitenote_active":false,"_monsterinsights_sitenote_note":"","_monsterinsights_sitenote_category":0},"product_brand":[],"product_cat":[12291,12509],"product_tag":[],"class_list":{"0":"post-737071","1":"product","2":"type-product","3":"status-publish","5":"product_cat-edebiyat","6":"product_cat-siir","7":"pa_cilt-ciltsiz","8":"pa_tur-kitap","9":"pa_yayinevi-yapi-kredi-yayinlari","10":"pa_yazar-cevat-capan","12":"first","13":"instock","14":"sale","15":"shipping-taxable","16":"purchasable","17":"product-type-simple"},"_links":{"self":[{"href":"https:\/\/roveyayinevi.com.tr\/index.php\/wp-json\/wp\/v2\/product\/737071","targetHints":{"allow":["GET"]}}],"collection":[{"href":"https:\/\/roveyayinevi.com.tr\/index.php\/wp-json\/wp\/v2\/product"}],"about":[{"href":"https:\/\/roveyayinevi.com.tr\/index.php\/wp-json\/wp\/v2\/types\/product"}],"wp:attachment":[{"href":"https:\/\/roveyayinevi.com.tr\/index.php\/wp-json\/wp\/v2\/media?parent=737071"}],"wp:term":[{"taxonomy":"product_brand","embeddable":true,"href":"https:\/\/roveyayinevi.com.tr\/index.php\/wp-json\/wp\/v2\/product_brand?post=737071"},{"taxonomy":"product_cat","embeddable":true,"href":"https:\/\/roveyayinevi.com.tr\/index.php\/wp-json\/wp\/v2\/product_cat?post=737071"},{"taxonomy":"product_tag","embeddable":true,"href":"https:\/\/roveyayinevi.com.tr\/index.php\/wp-json\/wp\/v2\/product_tag?post=737071"}],"curies":[{"name":"wp","href":"https:\/\/api.w.org\/{rel}","templated":true}]}}