{"id":737070,"date":"2025-08-27T23:20:38","date_gmt":"2025-08-27T20:20:38","guid":{"rendered":"https:\/\/roveyayinevi.com.tr\/index.php\/urun\/sevgilerde-butun-siirlerinden-secmeler\/"},"modified":"2026-04-16T02:46:35","modified_gmt":"2026-04-15T23:46:35","slug":"sevgilerde-butun-siirlerinden-secmeler","status":"publish","type":"product","link":"https:\/\/roveyayinevi.com.tr\/index.php\/urun\/sevgilerde-butun-siirlerinden-secmeler\/","title":{"rendered":"Sevgilerde &#8211; B\u00fct\u00fcn \u015eiirlerinden Se\u00e7meler"},"content":{"rendered":"<p>Beh\u00e7et Necatigil\u2019in b\u00fct\u00fcn \u015fiirlerinden se\u00e7meler kitab\u0131 Sevgilerde YKY\u2019de Beh\u00e7et Necatigil\u2019in b\u00fct\u00fcn \u015fiirlerinden se\u00e7meler kitab\u0131 Sevgilerde Yap\u0131 Kredi Yay\u0131nlar\u0131 taraf\u0131ndan yay\u0131mland\u0131. Beh\u00e7et Necatigil\u2019in 1935-1972 y\u0131llar\u0131 aras\u0131nda yay\u0131mlad\u0131\u011f\u0131 \u015fiirlerinden haz\u0131rlad\u0131\u011f\u0131 bir \u2018se\u00e7me \u015fiirler\u2019 kitab\u0131 Sevgilerde. \u015eairin 1935-39 y\u0131llar\u0131 aras\u0131nda dergilerde kalm\u0131\u015f ilk \u015fiirleriyle Kapal\u0131 \u00c7ar\u015f\u0131, \u00c7evre, Evler, Eski Toprak, Arada, Dar \u00c7a\u011f, Yaz D\u00f6nemi, Divan\u00e7e, \u0130ki Ba\u015f\u0131na Y\u00fcr\u00fcmek, En\/Cam ve Zebra kitaplar\u0131ndan se\u00e7ilmi\u015f \u015fiirleri kaps\u0131yor. \u0130lk bask\u0131s\u0131, \u015fair hayattayken, 1976\u2019da yap\u0131lan kitap, Do\u011fan H\u0131zlan\u2019\u0131n \u201cT\u00fcrk \u015eiirinin \u2018Sakl\u0131 Su\u2019yu: Beh\u00e7et Necatigil\u201d yaz\u0131s\u0131yla  a\u00e7\u0131l\u0131yor. Sevgilerde y\u0131llar sonra, \u015fairin elinden \u00e7\u0131kan bask\u0131ya uygun bi\u00e7imde, yeni bir d\u00fczenlemeyle ve yine Necatigil\u2019in ar\u015fivinden haz\u0131rlad\u0131\u011f\u0131 bibliyografyayla birlikte okuruyla bulu\u015fuyor. <\/p>\n","protected":false},"excerpt":{"rendered":"<p>Beh\u00e7et Necatigil\u2019in b\u00fct\u00fcn \u015fiirlerinden se\u00e7meler kitab\u0131 Sevgilerde YKY\u2019de Beh\u00e7et Necatigil\u2019in b\u00fct\u00fcn \u015fiirlerinden se\u00e7meler kitab\u0131 Sevgilerde Yap\u0131 Kredi Yay\u0131nlar\u0131 taraf\u0131ndan yay\u0131mland\u0131. Beh\u00e7et Necatigil\u2019in 1935-1972 y\u0131llar\u0131 aras\u0131nda yay\u0131mlad\u0131\u011f\u0131<span class=\"excerpt-hellip\"> [\u2026]<\/span><\/p>\n","protected":false},"featured_media":0,"template":"","meta":{"_monsterinsights_skip_tracking":false,"_monsterinsights_sitenote_active":false,"_monsterinsights_sitenote_note":"","_monsterinsights_sitenote_category":0},"product_brand":[],"product_cat":[12291,12509],"product_tag":[],"class_list":{"0":"post-737070","1":"product","2":"type-product","3":"status-publish","5":"product_cat-edebiyat","6":"product_cat-siir","7":"pa_cilt-ciltsiz","8":"pa_tur-kitap","9":"pa_yayinevi-yapi-kredi-yayinlari","10":"pa_yazar-behcet-necatigil","12":"first","13":"instock","14":"sale","15":"shipping-taxable","16":"purchasable","17":"product-type-simple"},"_links":{"self":[{"href":"https:\/\/roveyayinevi.com.tr\/index.php\/wp-json\/wp\/v2\/product\/737070","targetHints":{"allow":["GET"]}}],"collection":[{"href":"https:\/\/roveyayinevi.com.tr\/index.php\/wp-json\/wp\/v2\/product"}],"about":[{"href":"https:\/\/roveyayinevi.com.tr\/index.php\/wp-json\/wp\/v2\/types\/product"}],"wp:attachment":[{"href":"https:\/\/roveyayinevi.com.tr\/index.php\/wp-json\/wp\/v2\/media?parent=737070"}],"wp:term":[{"taxonomy":"product_brand","embeddable":true,"href":"https:\/\/roveyayinevi.com.tr\/index.php\/wp-json\/wp\/v2\/product_brand?post=737070"},{"taxonomy":"product_cat","embeddable":true,"href":"https:\/\/roveyayinevi.com.tr\/index.php\/wp-json\/wp\/v2\/product_cat?post=737070"},{"taxonomy":"product_tag","embeddable":true,"href":"https:\/\/roveyayinevi.com.tr\/index.php\/wp-json\/wp\/v2\/product_tag?post=737070"}],"curies":[{"name":"wp","href":"https:\/\/api.w.org\/{rel}","templated":true}]}}