{"id":737067,"date":"2025-08-27T23:20:34","date_gmt":"2025-08-27T20:20:34","guid":{"rendered":"https:\/\/roveyayinevi.com.tr\/index.php\/urun\/bir-adam-yok-oluyor\/"},"modified":"2026-04-16T02:46:35","modified_gmt":"2026-04-15T23:46:35","slug":"bir-adam-yok-oluyor","status":"publish","type":"product","link":"https:\/\/roveyayinevi.com.tr\/index.php\/urun\/bir-adam-yok-oluyor\/","title":{"rendered":"Bir Adam Yok Oluyor"},"content":{"rendered":"<p>Psikanalist ve yazar J.-B. Pontalis\u2019ten anlara ve an\u0131lara, kimliklerin i\u00e7 i\u00e7e ge\u00e7i\u015fine dair zarif ve \u00e7arp\u0131c\u0131 bir anlat\u0131.   \u201cBir Adam Yok Oluyor \u2018ba\u015flang\u0131\u00e7lar\u2019 i\u00e7in de hayli yazm\u0131\u015f olan Pontalis\u2019in bu kez \u2018biti\u015fe\u2019 de\u011findi\u011fi bir kitap. Ya\u015fam\u0131n\u0131n son on y\u0131l\u0131n\u0131n ba\u015flar\u0131nda kaleme ald\u0131\u011f\u0131 bu yap\u0131tta, ba\u015flang\u0131\u00e7 gibi biti\u015fin de uzun bir s\u00fcre\u00e7 oldu\u011funu vurguluyor. Onun yetkin kaleminin \u00fcr\u00fcn\u00fc olan sat\u0131rlar\u0131ndan, yakla\u015fan \u00f6l\u00fcm\u00fcn bir ger\u00e7eklik olarak yads\u0131namayaca\u011f\u0131n\u0131 ama yok olu\u015fun olsa olsa bir yorum oldu\u011funu anl\u0131yoruz, uzun bir ya\u015famdan onda kalanlar\u0131n capcanl\u0131 anlat\u0131m\u0131n\u0131 okuyarak.\u201d -Talat Parman <\/p>\n","protected":false},"excerpt":{"rendered":"<p>Psikanalist ve yazar J.-B. Pontalis\u2019ten anlara ve an\u0131lara, kimliklerin i\u00e7 i\u00e7e ge\u00e7i\u015fine dair zarif ve \u00e7arp\u0131c\u0131 bir anlat\u0131. \u201cBir Adam Yok Oluyor \u2018ba\u015flang\u0131\u00e7lar\u2019 i\u00e7in de hayli<span class=\"excerpt-hellip\"> [\u2026]<\/span><\/p>\n","protected":false},"featured_media":0,"template":"","meta":{"_monsterinsights_skip_tracking":false,"_monsterinsights_sitenote_active":false,"_monsterinsights_sitenote_note":"","_monsterinsights_sitenote_category":0},"product_brand":[],"product_cat":[18545,12291],"product_tag":[],"class_list":{"0":"post-737067","1":"product","2":"type-product","3":"status-publish","5":"product_cat-anlati","6":"product_cat-edebiyat","7":"pa_cilt-ciltsiz","8":"pa_tur-kitap","9":"pa_yayinevi-yapi-kredi-yayinlari","10":"pa_yazar-j-b-pontalis","12":"first","13":"instock","14":"sale","15":"shipping-taxable","16":"purchasable","17":"product-type-simple"},"_links":{"self":[{"href":"https:\/\/roveyayinevi.com.tr\/index.php\/wp-json\/wp\/v2\/product\/737067","targetHints":{"allow":["GET"]}}],"collection":[{"href":"https:\/\/roveyayinevi.com.tr\/index.php\/wp-json\/wp\/v2\/product"}],"about":[{"href":"https:\/\/roveyayinevi.com.tr\/index.php\/wp-json\/wp\/v2\/types\/product"}],"wp:attachment":[{"href":"https:\/\/roveyayinevi.com.tr\/index.php\/wp-json\/wp\/v2\/media?parent=737067"}],"wp:term":[{"taxonomy":"product_brand","embeddable":true,"href":"https:\/\/roveyayinevi.com.tr\/index.php\/wp-json\/wp\/v2\/product_brand?post=737067"},{"taxonomy":"product_cat","embeddable":true,"href":"https:\/\/roveyayinevi.com.tr\/index.php\/wp-json\/wp\/v2\/product_cat?post=737067"},{"taxonomy":"product_tag","embeddable":true,"href":"https:\/\/roveyayinevi.com.tr\/index.php\/wp-json\/wp\/v2\/product_tag?post=737067"}],"curies":[{"name":"wp","href":"https:\/\/api.w.org\/{rel}","templated":true}]}}