{"id":737066,"date":"2025-08-27T23:20:33","date_gmt":"2025-08-27T20:20:33","guid":{"rendered":"https:\/\/roveyayinevi.com.tr\/index.php\/urun\/cizmeye-deger\/"},"modified":"2026-04-16T02:46:35","modified_gmt":"2026-04-15T23:46:35","slug":"cizmeye-deger","status":"publish","type":"product","link":"https:\/\/roveyayinevi.com.tr\/index.php\/urun\/cizmeye-deger\/","title":{"rendered":"\u00c7izmeye De\u011fer"},"content":{"rendered":"<p>\u201c\u00c7izmeye de\u011fer\u201d konulara temas eden incelikli karikat\u00fcrler&#8230; \u00c7al\u0131\u015fmalar\u0131yla y\u00fcz\u00fc a\u015fk\u0131n ulusal ve uluslararas\u0131 \u00f6d\u00fcle de\u011fer g\u00f6r\u00fclen Hicabi Demirci&#8217;nin \u00c7izmeye De\u011fer isimli alb\u00fcm\u00fcnde, sekiz ana ba\u015fl\u0131k alt\u0131nda toplam y\u00fcz karikat\u00fcr yer al\u0131yor.Sanat\u00e7\u0131, bilimden iklim krizine, insan haklar\u0131 ve sava\u015ftan e\u011fitime kadar pek \u00e7ok farkl\u0131 temay\u0131 oda\u011f\u0131na alan karikat\u00fcrlerinde toplumun nabz\u0131n\u0131 tutuyor, yeni d\u00fcnya d\u00fczenine dair \u00e7izgilerini konu\u015fturuyor. Hayata ayna tutarken sanatseverleri \u00e7arp\u0131c\u0131 ger\u00e7eklerle de y\u00fczle\u015ftiren Demirci, insan eliyle gelen felaketlere kar\u015f\u0131 fark\u0131ndal\u0131k yaratman\u0131n gereklili\u011fine i\u015faret ediyor.\u00c7\u00f6lle\u015fme tehdidi, robotla\u015fma, engelliler i\u00e7in engelsiz ya\u015fam, hayvan haklar\u0131, de\u011fi\u015fen aile yap\u0131s\u0131, afetler, adalet, ekonomik kriz, \u00e7ocuk i\u015f\u00e7iler, k\u00fcresel salg\u0131n\u0131n \u201cyerel\u201d etkileri \u00fczerine&#8230; elbette ki \u00e7izmeye de\u011ferdi!Hicabi Demirci, \u00e7izgilerin g\u00fcc\u00fcyle insana dair incelikli hik\u00e2yeler resmetti\u011fi bu alb\u00fcm\u00fcyle, karikat\u00fcrseverleri yine can evinden vuruyor. Sanat\u00e7\u0131, dijital d\u00f6n\u00fc\u015f\u00fcm\u00fcn \u00f6nlenemez etkilerine ra\u011fmen, insan kalabilmenin y\u00fcceli\u011fini vurguluyor.  \u201cDijital \u00e7a\u011f\u0131n parolas\u0131 olan h\u0131z, karikat\u00fcr\u00fcn giderek etkili ve vazge\u00e7ilmez bir sanat oldu\u011fu bilgisini kula\u011f\u0131m\u0131za f\u0131s\u0131ldar&#8230;\u201d &#8211; Hicabi Demirci<\/p>\n","protected":false},"excerpt":{"rendered":"<p>\u201c\u00c7izmeye de\u011fer\u201d konulara temas eden incelikli karikat\u00fcrler&#8230; \u00c7al\u0131\u015fmalar\u0131yla y\u00fcz\u00fc a\u015fk\u0131n ulusal ve uluslararas\u0131 \u00f6d\u00fcle de\u011fer g\u00f6r\u00fclen Hicabi Demirci&#8217;nin \u00c7izmeye De\u011fer isimli alb\u00fcm\u00fcnde, sekiz ana ba\u015fl\u0131k alt\u0131nda<span class=\"excerpt-hellip\"> [\u2026]<\/span><\/p>\n","protected":false},"featured_media":0,"template":"","meta":{"_monsterinsights_skip_tracking":false,"_monsterinsights_sitenote_active":false,"_monsterinsights_sitenote_note":"","_monsterinsights_sitenote_category":0},"product_brand":[],"product_cat":[12275,12274],"product_tag":[],"class_list":{"0":"post-737066","1":"product","2":"type-product","3":"status-publish","5":"product_cat-6-12-yas-kitaplari","6":"product_cat-cocuk-ve-genclik-kitaplari","7":"pa_cilt-ciltsiz","8":"pa_tur-kitap","9":"pa_yayinevi-desen-yayinlari","10":"pa_yazar-hicabi-demirci","12":"first","13":"instock","14":"sale","15":"shipping-taxable","16":"purchasable","17":"product-type-simple"},"_links":{"self":[{"href":"https:\/\/roveyayinevi.com.tr\/index.php\/wp-json\/wp\/v2\/product\/737066","targetHints":{"allow":["GET"]}}],"collection":[{"href":"https:\/\/roveyayinevi.com.tr\/index.php\/wp-json\/wp\/v2\/product"}],"about":[{"href":"https:\/\/roveyayinevi.com.tr\/index.php\/wp-json\/wp\/v2\/types\/product"}],"wp:attachment":[{"href":"https:\/\/roveyayinevi.com.tr\/index.php\/wp-json\/wp\/v2\/media?parent=737066"}],"wp:term":[{"taxonomy":"product_brand","embeddable":true,"href":"https:\/\/roveyayinevi.com.tr\/index.php\/wp-json\/wp\/v2\/product_brand?post=737066"},{"taxonomy":"product_cat","embeddable":true,"href":"https:\/\/roveyayinevi.com.tr\/index.php\/wp-json\/wp\/v2\/product_cat?post=737066"},{"taxonomy":"product_tag","embeddable":true,"href":"https:\/\/roveyayinevi.com.tr\/index.php\/wp-json\/wp\/v2\/product_tag?post=737066"}],"curies":[{"name":"wp","href":"https:\/\/api.w.org\/{rel}","templated":true}]}}