{"id":737064,"date":"2025-08-27T23:20:30","date_gmt":"2025-08-27T20:20:30","guid":{"rendered":"https:\/\/roveyayinevi.com.tr\/index.php\/urun\/ikna-4\/"},"modified":"2026-04-16T02:46:35","modified_gmt":"2026-04-15T23:46:35","slug":"ikna-4","status":"publish","type":"product","link":"https:\/\/roveyayinevi.com.tr\/index.php\/urun\/ikna-4\/","title":{"rendered":"\u0130kna"},"content":{"rendered":"<p>Zara ve Nick. Ger\u00e7ek a\u015fk\u0131 bulmu\u015f, sonsuza dek mutlu ya\u015famalar\u0131 gereken ruh e\u015fleridir. Ama ikisi de ger\u00e7ek hayat\u0131n masallara benzemedi\u011fini \u00f6\u011frenecektir. \u0130yilerle k\u00f6t\u00fclerin sava\u015f\u0131 art\u0131k kap\u0131dad\u0131r. Zara ve arkada\u015flar\u0131n\u0131n her bir m\u00fcttefike, yanlar\u0131nda yer alacak her bir sava\u015f\u00e7\u0131ya ihtiya\u00e7lar\u0131 vard\u0131r ve Zara, bu sava\u015f\u0131 Nick olmadan kazanamayacaklar\u0131n\u0131 biliyordur. Zara, ellerinden kay\u0131p giden Nick\u2019i geri getirmek i\u00e7in her \u015feyi g\u00f6ze almaya haz\u0131rd\u0131r; Astley\u2019i \u00f6p\u00fcp onun krali\u00e7esi olmaya bile.   Zara, Nick\u2019i buldu\u011funda Nick onunla d\u00f6nmeyi kabul edecek mi? Yoksa Zara, kendi ayaklar\u0131yla y\u0131k\u0131m\u0131na m\u0131 y\u00fcr\u00fcyor? <\/p>\n","protected":false},"excerpt":{"rendered":"<p>Zara ve Nick. Ger\u00e7ek a\u015fk\u0131 bulmu\u015f, sonsuza dek mutlu ya\u015famalar\u0131 gereken ruh e\u015fleridir. Ama ikisi de ger\u00e7ek hayat\u0131n masallara benzemedi\u011fini \u00f6\u011frenecektir. \u0130yilerle k\u00f6t\u00fclerin sava\u015f\u0131 art\u0131k kap\u0131dad\u0131r.<span class=\"excerpt-hellip\"> [\u2026]<\/span><\/p>\n","protected":false},"featured_media":0,"template":"","meta":{"_monsterinsights_skip_tracking":false,"_monsterinsights_sitenote_active":false,"_monsterinsights_sitenote_note":"","_monsterinsights_sitenote_category":0},"product_brand":[],"product_cat":[12291,12711],"product_tag":[],"class_list":{"0":"post-737064","1":"product","2":"type-product","3":"status-publish","5":"product_cat-edebiyat","6":"product_cat-roman-oyku","7":"pa_cilt-ciltsiz","8":"pa_tur-kitap","9":"pa_yayinevi-go-kitap","10":"pa_yazar-carrie-jones","12":"first","13":"instock","14":"sale","15":"shipping-taxable","16":"purchasable","17":"product-type-simple"},"_links":{"self":[{"href":"https:\/\/roveyayinevi.com.tr\/index.php\/wp-json\/wp\/v2\/product\/737064","targetHints":{"allow":["GET"]}}],"collection":[{"href":"https:\/\/roveyayinevi.com.tr\/index.php\/wp-json\/wp\/v2\/product"}],"about":[{"href":"https:\/\/roveyayinevi.com.tr\/index.php\/wp-json\/wp\/v2\/types\/product"}],"wp:attachment":[{"href":"https:\/\/roveyayinevi.com.tr\/index.php\/wp-json\/wp\/v2\/media?parent=737064"}],"wp:term":[{"taxonomy":"product_brand","embeddable":true,"href":"https:\/\/roveyayinevi.com.tr\/index.php\/wp-json\/wp\/v2\/product_brand?post=737064"},{"taxonomy":"product_cat","embeddable":true,"href":"https:\/\/roveyayinevi.com.tr\/index.php\/wp-json\/wp\/v2\/product_cat?post=737064"},{"taxonomy":"product_tag","embeddable":true,"href":"https:\/\/roveyayinevi.com.tr\/index.php\/wp-json\/wp\/v2\/product_tag?post=737064"}],"curies":[{"name":"wp","href":"https:\/\/api.w.org\/{rel}","templated":true}]}}