{"id":737057,"date":"2025-08-27T23:20:23","date_gmt":"2025-08-27T20:20:23","guid":{"rendered":"https:\/\/roveyayinevi.com.tr\/index.php\/urun\/deli-emanet-karakomik-filmler-2\/"},"modified":"2026-04-16T02:46:34","modified_gmt":"2026-04-15T23:46:34","slug":"deli-emanet-karakomik-filmler-2","status":"publish","type":"product","link":"https:\/\/roveyayinevi.com.tr\/index.php\/urun\/deli-emanet-karakomik-filmler-2\/","title":{"rendered":"Deli Emanet &#8211; Karakomik Filmler 2"},"content":{"rendered":"<p>Cem Y\u0131lmaz\u2019\u0131n Karakomik filmleri sinemada ayr\u0131 bir kulvar a\u00e7\u0131yor. T\u00fcrkiye\u2019nin en komik adam\u0131 bizi kara kara d\u00fc\u015f\u00fcnd\u00fcr\u00fcyor. \u0130nsanl\u0131\u011f\u0131n gelecekte kurgusal evrene hapsolaca\u011f\u0131 tart\u0131\u015f\u0131l\u0131rken, Cem Y\u0131lmaz \u201cEmanet\u201d filmiyle ger\u00e7ekle aram\u0131za adeta kal\u0131n duvarlar \u00f6ren internet ve televizyonun b\u00fcy\u00fcs\u00fcndeki insanc\u0131klar\u0131 anlat\u0131yor. Televizyondaki evlenme program\u0131nda g\u00f6r\u00fcp \u00e2\u015f\u0131k oldu\u011fu k\u0131zla yuva kurmay\u0131 hayal eden Birol\u2019un bo\u015flu\u011funa indirilen b\u0131\u00e7ak darbesi her g\u00fcn toplumun daha derinine saplanmaktad\u0131r. Y\u0131\u011f\u0131nlar ise t\u0131pk\u0131 Birol karakteri gibi yatt\u0131klar\u0131 yerde dans\u0131na devam ediyor. Bu ac\u0131 ger\u00e7ek, b\u00fcy\u00fcl\u00fc duvarlar\u0131n \u00fczerinde yanan \u0131\u015f\u0131klar\u0131 tek tek s\u00f6nd\u00fcrse de filmin sonunda Zombiler\u2019in dans\u0131na kat\u0131lmadan edemiyoruz\u2026 Elinizdeki kitap Karakomik Filmler serisinin \u201cDeli\u201d ve \u201cEmanet\u201d filmlerinin senaryosunu, Cem Y\u0131lmaz\u2019\u0131n sahnelerle ilgili notlar\u0131n\u0131 i\u00e7eriyor.<\/p>\n","protected":false},"excerpt":{"rendered":"<p>Cem Y\u0131lmaz\u2019\u0131n Karakomik filmleri sinemada ayr\u0131 bir kulvar a\u00e7\u0131yor. T\u00fcrkiye\u2019nin en komik adam\u0131 bizi kara kara d\u00fc\u015f\u00fcnd\u00fcr\u00fcyor. \u0130nsanl\u0131\u011f\u0131n gelecekte kurgusal evrene hapsolaca\u011f\u0131 tart\u0131\u015f\u0131l\u0131rken, Cem Y\u0131lmaz \u201cEmanet\u201d<span class=\"excerpt-hellip\"> [\u2026]<\/span><\/p>\n","protected":false},"featured_media":0,"template":"","meta":{"_monsterinsights_skip_tracking":false,"_monsterinsights_sitenote_active":false,"_monsterinsights_sitenote_note":"","_monsterinsights_sitenote_category":0},"product_brand":[],"product_cat":[12409,12408],"product_tag":[],"class_list":{"0":"post-737057","1":"product","2":"type-product","3":"status-publish","5":"product_cat-fotograf-sinema-tiyatro","6":"product_cat-sanat","7":"pa_cilt-ciltsiz","8":"pa_tur-kitap","9":"pa_yayinevi-inkilap-kitabevi","10":"pa_yazar-cem-yilmaz","12":"first","13":"instock","14":"sale","15":"shipping-taxable","16":"purchasable","17":"product-type-simple"},"_links":{"self":[{"href":"https:\/\/roveyayinevi.com.tr\/index.php\/wp-json\/wp\/v2\/product\/737057","targetHints":{"allow":["GET"]}}],"collection":[{"href":"https:\/\/roveyayinevi.com.tr\/index.php\/wp-json\/wp\/v2\/product"}],"about":[{"href":"https:\/\/roveyayinevi.com.tr\/index.php\/wp-json\/wp\/v2\/types\/product"}],"wp:attachment":[{"href":"https:\/\/roveyayinevi.com.tr\/index.php\/wp-json\/wp\/v2\/media?parent=737057"}],"wp:term":[{"taxonomy":"product_brand","embeddable":true,"href":"https:\/\/roveyayinevi.com.tr\/index.php\/wp-json\/wp\/v2\/product_brand?post=737057"},{"taxonomy":"product_cat","embeddable":true,"href":"https:\/\/roveyayinevi.com.tr\/index.php\/wp-json\/wp\/v2\/product_cat?post=737057"},{"taxonomy":"product_tag","embeddable":true,"href":"https:\/\/roveyayinevi.com.tr\/index.php\/wp-json\/wp\/v2\/product_tag?post=737057"}],"curies":[{"name":"wp","href":"https:\/\/api.w.org\/{rel}","templated":true}]}}