{"id":737056,"date":"2025-08-27T23:20:22","date_gmt":"2025-08-27T20:20:22","guid":{"rendered":"https:\/\/roveyayinevi.com.tr\/index.php\/urun\/2-arada-kacamak-karakomik-filmler-1\/"},"modified":"2026-04-16T02:46:34","modified_gmt":"2026-04-15T23:46:34","slug":"2-arada-kacamak-karakomik-filmler-1","status":"publish","type":"product","link":"https:\/\/roveyayinevi.com.tr\/index.php\/urun\/2-arada-kacamak-karakomik-filmler-1\/","title":{"rendered":"2 Arada Ka\u00e7amak &#8211; Karakomik Filmler 1"},"content":{"rendered":"<p>T\u00fcrkiye\u2019yi g\u00fcld\u00fcren adam, karakomik t\u00fcr\u00fcndeki filmlerle izleyiciyle bulu\u015ftu. Karakomik filmlerin ilk serisi \u201c2 Arada\u201d ve \u201cKa\u00e7amak\u201d\u0131n senaryosu ve Cem Y\u0131lmaz\u2019\u0131n notlar\u0131 elinizde tuttu\u011funuz kitapta yer al\u0131yor. \u201cBaz\u0131 filmlerim komiktir, baz\u0131lar\u0131 de\u011fildir\u201d diyen Cem Y\u0131lmaz\u2019\u0131n \u201c2 Arada\u201d, \u201cKa\u00e7amak\u201d, \u201cEmanet\u201d ve \u201cDeli\u201d filmleri, \u201ckarakomik\u201d; hayat gibi\u2026 \u201c2 Arada\u201d filminin ba\u015fkarakteri Ayzek de kusurunu ortadan kald\u0131rmak istiyor; hepimiz gibi\u2026 Ayzek\u2019le ayna tutuyor Cem Y\u0131lmaz, kusurlar\u0131yla y\u00fczle\u015fememi\u015f olu\u015fumuza. Kusurlar\u0131m\u0131z\u0131 sevemezsek benli\u011fimizde a\u00e7\u0131lan derin yaran\u0131n kapanmad\u0131\u011f\u0131n\u0131 g\u00f6r\u00fcyoruz. Di\u015fleri olmayan bir karakterin di\u015flerini tedavi ettirdikten sonra g\u00fcl\u00fcmsemesini yitirmesidir Ayzek\u2019in hik\u00e2yesi. Cem Y\u0131lmaz, bu kez hayat\u0131n \u201ckarakomik\u201d yan\u0131n\u0131 g\u00f6steriyor bizlere\u2026<\/p>\n","protected":false},"excerpt":{"rendered":"<p>T\u00fcrkiye\u2019yi g\u00fcld\u00fcren adam, karakomik t\u00fcr\u00fcndeki filmlerle izleyiciyle bulu\u015ftu. Karakomik filmlerin ilk serisi \u201c2 Arada\u201d ve \u201cKa\u00e7amak\u201d\u0131n senaryosu ve Cem Y\u0131lmaz\u2019\u0131n notlar\u0131 elinizde tuttu\u011funuz kitapta yer al\u0131yor.<span class=\"excerpt-hellip\"> [\u2026]<\/span><\/p>\n","protected":false},"featured_media":0,"template":"","meta":{"_monsterinsights_skip_tracking":false,"_monsterinsights_sitenote_active":false,"_monsterinsights_sitenote_note":"","_monsterinsights_sitenote_category":0},"product_brand":[],"product_cat":[12409,12408],"product_tag":[],"class_list":{"0":"post-737056","1":"product","2":"type-product","3":"status-publish","5":"product_cat-fotograf-sinema-tiyatro","6":"product_cat-sanat","7":"pa_cilt-ciltsiz","8":"pa_tur-kitap","9":"pa_yayinevi-inkilap-kitabevi","10":"pa_yazar-cem-yilmaz","12":"first","13":"instock","14":"sale","15":"shipping-taxable","16":"purchasable","17":"product-type-simple"},"_links":{"self":[{"href":"https:\/\/roveyayinevi.com.tr\/index.php\/wp-json\/wp\/v2\/product\/737056","targetHints":{"allow":["GET"]}}],"collection":[{"href":"https:\/\/roveyayinevi.com.tr\/index.php\/wp-json\/wp\/v2\/product"}],"about":[{"href":"https:\/\/roveyayinevi.com.tr\/index.php\/wp-json\/wp\/v2\/types\/product"}],"wp:attachment":[{"href":"https:\/\/roveyayinevi.com.tr\/index.php\/wp-json\/wp\/v2\/media?parent=737056"}],"wp:term":[{"taxonomy":"product_brand","embeddable":true,"href":"https:\/\/roveyayinevi.com.tr\/index.php\/wp-json\/wp\/v2\/product_brand?post=737056"},{"taxonomy":"product_cat","embeddable":true,"href":"https:\/\/roveyayinevi.com.tr\/index.php\/wp-json\/wp\/v2\/product_cat?post=737056"},{"taxonomy":"product_tag","embeddable":true,"href":"https:\/\/roveyayinevi.com.tr\/index.php\/wp-json\/wp\/v2\/product_tag?post=737056"}],"curies":[{"name":"wp","href":"https:\/\/api.w.org\/{rel}","templated":true}]}}