{"id":737052,"date":"2025-08-27T23:20:19","date_gmt":"2025-08-27T20:20:19","guid":{"rendered":"https:\/\/roveyayinevi.com.tr\/index.php\/urun\/samanin-yasam-cemberi\/"},"modified":"2026-04-16T02:46:34","modified_gmt":"2026-04-15T23:46:34","slug":"samanin-yasam-cemberi","status":"publish","type":"product","link":"https:\/\/roveyayinevi.com.tr\/index.php\/urun\/samanin-yasam-cemberi\/","title":{"rendered":"\u015eaman\u0131n Ya\u015fam \u00c7emberi"},"content":{"rendered":"<p>Sadece kim oldu\u011funu unuttu\u011funda, g\u00f6lgen seni ba\u015ftan \u00e7\u0131karabilir.   \u015eamanizm ve Kabala \u00f6\u011fretilerinde ya da Jung\u2019un \u00e7al\u0131\u015fmalar\u0131nda g\u00f6lgeyle tan\u0131\u015fmadan s\u00f6z edilir. G\u00f6lge hep bizimledir ve hayatta kavga etti\u011fimiz, inatla\u015ft\u0131\u011f\u0131m\u0131z, sevmedi\u011fimiz ne varsa g\u00f6lgemizde de o vard\u0131r. \u00c7e\u015fitli sorular ve \u00e7al\u0131\u015fmalarla g\u00f6lge \u0131\u015f\u0131\u011fa \u00e7a\u011fr\u0131lmaya \u00e7al\u0131\u015f\u0131l\u0131r ancak \u0131\u015f\u0131k b\u00fcy\u00fcd\u00fck\u00e7e g\u00f6lge de b\u00fcy\u00fcr. Bir bozuklu\u011fun tedavisi her zaman bir kahraman\u0131n yolculu\u011fu potansiyeline sahiptir. \u201cPas\u201d\u0131n \u201calt\u0131n\u201da \u00e7evrilmesi simyasal bir s\u00fcre\u00e7tir. B\u00f6ylelikle \u015fartlanmalar, yaralanmalar, travmaya ba\u011fl\u0131 olan g\u00fc\u00e7lerini serbest b\u0131rak\u0131r ve yeni potansiyellere d\u00f6n\u00fc\u015febilir. Ancak b\u00f6yle bir yolculukla ruhun kaybolmu\u015f \u0131\u015f\u0131k par\u00e7alar\u0131 yuvas\u0131na geri d\u00f6nebilir. Herkes i\u00e7in gerekli olan bu s\u00fcre\u00e7 t\u00fcm masallarda, mitlerde ve efsanelerde anlat\u0131l\u0131r. B\u00fcy\u00fcleyicidirler \u00e7\u00fcnk\u00fc zay\u0131f insanlar karanl\u0131klar\u0131yla, zay\u0131fl\u0131klar\u0131yla ve \u015feytanlar\u0131yla y\u00fczle\u015ferek as\u0131l tohumlar\u0131na ula\u015f\u0131rlar. Yazar Felis Kohen, \u015eAMANIN YA\u015eAM \u00c7EMBER\u0130 kitab\u0131yla sizleri iki kadim bilgeli\u011fin harmanland\u0131\u011f\u0131 bir deneyime davet ediyor. Ya\u015fam\u0131n\u0131z\u0131 g\u00f6zden ge\u00e7irmenize, yeniden kendinize odaklanman\u0131za ve kendinizi g\u00f6rmenize yard\u0131mc\u0131 olacak uygulamalar ve yol haritalar\u0131yla g\u00f6lgenin \u0131\u015f\u0131\u011fa d\u00f6n\u00fc\u015fmesine yard\u0131mc\u0131 oluyor. Herkesi ruhuyla kar\u015f\u0131la\u015faca\u011f\u0131 ve bir kahraman olarak yola devam edece\u011fi \u00e7emberdeki o noktaya, mucizevi de\u011fi\u015fimin ba\u015flayaca\u011f\u0131 yere \u00e7a\u011f\u0131r\u0131yor. <\/p>\n","protected":false},"excerpt":{"rendered":"<p>Sadece kim oldu\u011funu unuttu\u011funda, g\u00f6lgen seni ba\u015ftan \u00e7\u0131karabilir. \u015eamanizm ve Kabala \u00f6\u011fretilerinde ya da Jung\u2019un \u00e7al\u0131\u015fmalar\u0131nda g\u00f6lgeyle tan\u0131\u015fmadan s\u00f6z edilir. G\u00f6lge hep bizimledir ve hayatta kavga<span class=\"excerpt-hellip\"> [\u2026]<\/span><\/p>\n","protected":false},"featured_media":0,"template":"","meta":{"_monsterinsights_skip_tracking":false,"_monsterinsights_sitenote_active":false,"_monsterinsights_sitenote_note":"","_monsterinsights_sitenote_category":0},"product_brand":[],"product_cat":[12364,12376],"product_tag":[],"class_list":{"0":"post-737052","1":"product","2":"type-product","3":"status-publish","5":"product_cat-genel-konular","6":"product_cat-kisisel-gelisim","7":"pa_cilt-ciltsiz","8":"pa_tur-kitap","9":"pa_yayinevi-destek-yayinlari","10":"pa_yazar-felis-kohen","12":"first","13":"instock","14":"sale","15":"shipping-taxable","16":"purchasable","17":"product-type-simple"},"_links":{"self":[{"href":"https:\/\/roveyayinevi.com.tr\/index.php\/wp-json\/wp\/v2\/product\/737052","targetHints":{"allow":["GET"]}}],"collection":[{"href":"https:\/\/roveyayinevi.com.tr\/index.php\/wp-json\/wp\/v2\/product"}],"about":[{"href":"https:\/\/roveyayinevi.com.tr\/index.php\/wp-json\/wp\/v2\/types\/product"}],"wp:attachment":[{"href":"https:\/\/roveyayinevi.com.tr\/index.php\/wp-json\/wp\/v2\/media?parent=737052"}],"wp:term":[{"taxonomy":"product_brand","embeddable":true,"href":"https:\/\/roveyayinevi.com.tr\/index.php\/wp-json\/wp\/v2\/product_brand?post=737052"},{"taxonomy":"product_cat","embeddable":true,"href":"https:\/\/roveyayinevi.com.tr\/index.php\/wp-json\/wp\/v2\/product_cat?post=737052"},{"taxonomy":"product_tag","embeddable":true,"href":"https:\/\/roveyayinevi.com.tr\/index.php\/wp-json\/wp\/v2\/product_tag?post=737052"}],"curies":[{"name":"wp","href":"https:\/\/api.w.org\/{rel}","templated":true}]}}