{"id":737050,"date":"2025-08-27T23:20:17","date_gmt":"2025-08-27T20:20:17","guid":{"rendered":"https:\/\/roveyayinevi.com.tr\/index.php\/urun\/hukuk-devleti\/"},"modified":"2026-04-16T02:46:34","modified_gmt":"2026-04-15T23:46:34","slug":"hukuk-devleti","status":"publish","type":"product","link":"https:\/\/roveyayinevi.com.tr\/index.php\/urun\/hukuk-devleti\/","title":{"rendered":"Hukuk Devleti"},"content":{"rendered":"<p>Arzu etti\u011fimiz g\u00fc\u00e7l\u00fc bir gelece\u011fi sa\u011flayabilmek i\u00e7in toplumsal yap\u0131m\u0131z\u0131n \u00e7ok iyi bir \u015fekilde analiz edilip i\u00e7inde bulunulan sosyal ve psikolojik a\u00e7mazlar\u0131n tespit edilmesi ve buna g\u00f6re davran\u0131lmas\u0131 gerekir. Bu \u00e7al\u0131\u015fma da bu fikirden yola \u00e7\u0131karak sorunlar ve ezberlerden olu\u015fan problemlerin neler oldu\u011funun tespiti, d\u00fc\u015f\u00fcnce tarihimize ili\u015fkin yanl\u0131\u015f yakla\u015f\u0131mlar\u0131n ve \u00f6zg\u00fcn bir metodoloji ile ger\u00e7ekli\u011fi hedeflemeyen tutumlar\u0131m\u0131z\u0131n de\u011ferlendirmesini i\u00e7erirken, ayn\u0131 zamanda hukuk devleti merkezli bir \u00e7\u00f6z\u00fcm \u00f6nerisi sunmakt\u0131r. Ba\u015fkas\u0131n\u0131 ele\u015ftirme kolayc\u0131l\u0131\u011f\u0131n\u0131n terkini sal\u0131k veren, kendi aynam\u0131za bakman\u0131n zaman\u0131n\u0131n gelip ge\u00e7ti\u011fine dikkat \u00e7ekmeyi ama\u00e7layan bir gayretin \u00fcr\u00fcn\u00fcd\u00fcr.  Prof. Dr. Hanifi Macit, eserini, hukuk devleti d\u00fc\u015f\u00fcncesi \u00fczerine olu\u015fturulmakla birlikte, hukuk devletinin sadece \u015fekl\u00ee olarak benimsenmesinin yeterli olmad\u0131\u011f\u0131n\u0131, i\u00e7erik olarak tam tesisinin zorunlu bulundu\u011funu ortaya koymaya \u00e7al\u0131\u015fm\u0131\u015ft\u0131r. <\/p>\n","protected":false},"excerpt":{"rendered":"<p>Arzu etti\u011fimiz g\u00fc\u00e7l\u00fc bir gelece\u011fi sa\u011flayabilmek i\u00e7in toplumsal yap\u0131m\u0131z\u0131n \u00e7ok iyi bir \u015fekilde analiz edilip i\u00e7inde bulunulan sosyal ve psikolojik a\u00e7mazlar\u0131n tespit edilmesi ve buna g\u00f6re<span class=\"excerpt-hellip\"> [\u2026]<\/span><\/p>\n","protected":false},"featured_media":0,"template":"","meta":{"_monsterinsights_skip_tracking":false,"_monsterinsights_sitenote_active":false,"_monsterinsights_sitenote_note":"","_monsterinsights_sitenote_category":0},"product_brand":[],"product_cat":[15350,17602],"product_tag":[],"class_list":{"0":"post-737050","1":"product","2":"type-product","3":"status-publish","5":"product_cat-hukuk","6":"product_cat-hukuk-uzerine","7":"pa_cilt-ciltsiz","8":"pa_tur-kitap","9":"pa_yayinevi-otuken-nesriyat","10":"pa_yazar-m-hanifi-macit","12":"first","13":"instock","14":"sale","15":"shipping-taxable","16":"purchasable","17":"product-type-simple"},"_links":{"self":[{"href":"https:\/\/roveyayinevi.com.tr\/index.php\/wp-json\/wp\/v2\/product\/737050","targetHints":{"allow":["GET"]}}],"collection":[{"href":"https:\/\/roveyayinevi.com.tr\/index.php\/wp-json\/wp\/v2\/product"}],"about":[{"href":"https:\/\/roveyayinevi.com.tr\/index.php\/wp-json\/wp\/v2\/types\/product"}],"wp:attachment":[{"href":"https:\/\/roveyayinevi.com.tr\/index.php\/wp-json\/wp\/v2\/media?parent=737050"}],"wp:term":[{"taxonomy":"product_brand","embeddable":true,"href":"https:\/\/roveyayinevi.com.tr\/index.php\/wp-json\/wp\/v2\/product_brand?post=737050"},{"taxonomy":"product_cat","embeddable":true,"href":"https:\/\/roveyayinevi.com.tr\/index.php\/wp-json\/wp\/v2\/product_cat?post=737050"},{"taxonomy":"product_tag","embeddable":true,"href":"https:\/\/roveyayinevi.com.tr\/index.php\/wp-json\/wp\/v2\/product_tag?post=737050"}],"curies":[{"name":"wp","href":"https:\/\/api.w.org\/{rel}","templated":true}]}}