{"id":737049,"date":"2025-08-27T23:20:16","date_gmt":"2025-08-27T20:20:16","guid":{"rendered":"https:\/\/roveyayinevi.com.tr\/index.php\/urun\/asya\/"},"modified":"2026-04-16T02:46:34","modified_gmt":"2026-04-15T23:46:34","slug":"asya","status":"publish","type":"product","link":"https:\/\/roveyayinevi.com.tr\/index.php\/urun\/asya\/","title":{"rendered":"Asya"},"content":{"rendered":"<p>\u201cAsya \u2013as\u0131l ad\u0131 Anna\u2019yd\u0131 ama Gagin ona Asya diyordu, m\u00fcsaadenizle ben de \u00f6yle diyece\u011fim\u2013 eve girdi ve \u00e7ok ge\u00e7meden ev sahibesiyle birlikte geri d\u00f6nd\u00fcler.\u201d Turgenyev\u2019in 1858\u2019de kaleme ald\u0131\u011f\u0131 Asya, Almanya\u2019da kar\u015f\u0131la\u015fan iki Rus gencin birbirine \u00e2\u015f\u0131k olmas\u0131yla ba\u015flar: Bay N.N ve Asya. On yedi ya\u015f\u0131ndaki Asya\u2019n\u0131n babas\u0131 aristokrat, annesiyse k\u00f6yl\u00fc bir kad\u0131nd\u0131r. Asya, birbirinden olduk\u00e7a farkl\u0131 bu iki sosyal tabakan\u0131n i\u00e7inde b\u00fcy\u00fcr ancak hi\u00e7birine ait olamaz ve hi\u00e7birinde kabul g\u00f6rmez. Rus aristokrasisi i\u00e7inde bir yer edinmesi m\u00fcmk\u00fcn g\u00f6r\u00fcnmeyen gen\u00e7 k\u0131z, bu y\u00fczden abisi Gagin\u2019le Ren Nehri k\u0131y\u0131s\u0131nda bir \u015fehre yerle\u015fir. Avrupa, Asya\u2019n\u0131n kendi hayat\u0131na bir y\u00f6n verebilmesi i\u00e7in tek \u015fans\u0131 olarak g\u00f6r\u00fclmektedir. Ancak ge\u00e7 k\u0131z\u0131n Bay N.N. ile kar\u015f\u0131la\u015fmas\u0131 Gagin\u2019in planlar\u0131n\u0131 de\u011fi\u015ftirmesine neden olacakt\u0131r. Asya farkl\u0131 bir \u00fclkede kar\u015f\u0131la\u015fan ve farkl\u0131 sosyal s\u0131n\u0131flardan gelen birbirine \u00e2\u015f\u0131k iki gencin hik\u00e2yesiyle modernle\u015fme s\u00fcrecindeki Rus toplumunun kimlik meselesi ve aidiyet sorununu, s\u0131n\u0131flar aras\u0131 \u00e7at\u0131\u015fma, de\u011fi\u015fim ve kad\u0131n\u0131n toplumdaki yeri gibi \u00e7arp\u0131c\u0131 meseleler \u00fczerinden anlat\u0131yor. <\/p>\n","protected":false},"excerpt":{"rendered":"<p>\u201cAsya \u2013as\u0131l ad\u0131 Anna\u2019yd\u0131 ama Gagin ona Asya diyordu, m\u00fcsaadenizle ben de \u00f6yle diyece\u011fim\u2013 eve girdi ve \u00e7ok ge\u00e7meden ev sahibesiyle birlikte geri d\u00f6nd\u00fcler.\u201d Turgenyev\u2019in 1858\u2019de<span class=\"excerpt-hellip\"> [\u2026]<\/span><\/p>\n","protected":false},"featured_media":0,"template":"","meta":{"_monsterinsights_skip_tracking":false,"_monsterinsights_sitenote_active":false,"_monsterinsights_sitenote_note":"","_monsterinsights_sitenote_category":0},"product_brand":[],"product_cat":[12291,18202],"product_tag":[],"class_list":{"0":"post-737049","1":"product","2":"type-product","3":"status-publish","5":"product_cat-edebiyat","6":"product_cat-hikaye","7":"pa_cilt-ciltsiz","8":"pa_tur-kitap","9":"pa_yayinevi-vakifbank-kultur-yayinlari","10":"pa_yazar-ivan-sergeyevic-turgenyev","12":"first","13":"instock","14":"sale","15":"shipping-taxable","16":"purchasable","17":"product-type-simple"},"_links":{"self":[{"href":"https:\/\/roveyayinevi.com.tr\/index.php\/wp-json\/wp\/v2\/product\/737049","targetHints":{"allow":["GET"]}}],"collection":[{"href":"https:\/\/roveyayinevi.com.tr\/index.php\/wp-json\/wp\/v2\/product"}],"about":[{"href":"https:\/\/roveyayinevi.com.tr\/index.php\/wp-json\/wp\/v2\/types\/product"}],"wp:attachment":[{"href":"https:\/\/roveyayinevi.com.tr\/index.php\/wp-json\/wp\/v2\/media?parent=737049"}],"wp:term":[{"taxonomy":"product_brand","embeddable":true,"href":"https:\/\/roveyayinevi.com.tr\/index.php\/wp-json\/wp\/v2\/product_brand?post=737049"},{"taxonomy":"product_cat","embeddable":true,"href":"https:\/\/roveyayinevi.com.tr\/index.php\/wp-json\/wp\/v2\/product_cat?post=737049"},{"taxonomy":"product_tag","embeddable":true,"href":"https:\/\/roveyayinevi.com.tr\/index.php\/wp-json\/wp\/v2\/product_tag?post=737049"}],"curies":[{"name":"wp","href":"https:\/\/api.w.org\/{rel}","templated":true}]}}