{"id":737047,"date":"2025-08-27T23:20:14","date_gmt":"2025-08-27T20:20:14","guid":{"rendered":"https:\/\/roveyayinevi.com.tr\/index.php\/urun\/yeni-sef-burokratik-tutuculuk-ve-liderlik\/"},"modified":"2026-04-16T02:46:34","modified_gmt":"2026-04-15T23:46:34","slug":"yeni-sef-burokratik-tutuculuk-ve-liderlik","status":"publish","type":"product","link":"https:\/\/roveyayinevi.com.tr\/index.php\/urun\/yeni-sef-burokratik-tutuculuk-ve-liderlik\/","title":{"rendered":"Yeni \u015eef &#8211; B\u00fcrokratik Tutuculuk ve Liderlik"},"content":{"rendered":"<p>\u201cY\u00f6netici de\u011fi\u015fikli\u011fi idari rutinde heyecan verici ve nadir g\u00f6r\u00fclen olaylardan biridir. Se\u00e7im sonu\u00e7lar\u0131 belli oldu\u011funda ve yeni bir rejim ihtimali s\u00f6z konusu oldu\u011funda bakanl\u0131klar\u0131n koridorlar\u0131ndaki gerginli\u011fi hissedebilirsiniz. Akabinde i\u015fler neredeyse tamamen durur. Zira kimse ne bekleyece\u011fini bilemez ve bir s\u00fcre, \u00e2deta dedikodularda teselli arar h\u00e2le gelinir. Bir b\u00f6l\u00fcm y\u00f6neticisinin i\u015ften ayr\u0131lmas\u0131n\u0131n etkisiyse nispeten daha azd\u0131r. Fakat bu da ilgi \u00e7ekici, \u00f6zel bir durumun ortaya \u00e7\u0131kmas\u0131na sebep olur: Halef-selef meselesi, idari bir organizasyonun en alt kademelerine kadar pop\u00fcler bir sohbet konusudur.\u201d \u0130\u015f d\u00fcnyas\u0131ndaki sosyal ili\u015fkiler, sosyologlar\u0131n \u00f6nde gelen ara\u015ft\u0131rma konular\u0131ndan biri oldu\u011fu gibi \u00e7al\u0131\u015fanlar\u0131n ve idarecilerin de en \u00e7ok merak etti\u011fi konulardan biridir. Yeni \u015eef: B\u00fcrokratik Tutuculuk ve Liderlik modern d\u00fcnyada, irili ufakl\u0131 \u00e7e\u015fitli kamu ve \u00f6zel i\u015fletmelerin, \u00e7al\u0131\u015fanlar\u0131 ve \u015fefleri aras\u0131ndaki insani ili\u015fkilerin nas\u0131l d\u00fczenlendi\u011fini ve bu ili\u015fkinin dinamiklerini \u00e7\u00f6z\u00fcmlemeye \u00e7al\u0131\u015f\u0131yor. Niklas Luhmann\u2019\u0131n Yeni \u015eef\u2019i, \u00e7al\u0131\u015fanlar ve \u015fefleri aras\u0131ndaki ili\u015fkilere yeni bir pencereden bak\u0131yor. Yaz\u0131l\u0131 ve yaz\u0131l\u0131 olmayan kurallar, \u00e7al\u0131\u015fanlar aras\u0131ndaki grupla\u015fmalar ve rekabet gibi meselelere de\u011finen eserin sorusu basit: \u0130dareye yeni bir \u015fef geldi, neler olacak? <\/p>\n","protected":false},"excerpt":{"rendered":"<p>\u201cY\u00f6netici de\u011fi\u015fikli\u011fi idari rutinde heyecan verici ve nadir g\u00f6r\u00fclen olaylardan biridir. Se\u00e7im sonu\u00e7lar\u0131 belli oldu\u011funda ve yeni bir rejim ihtimali s\u00f6z konusu oldu\u011funda bakanl\u0131klar\u0131n koridorlar\u0131ndaki gerginli\u011fi<span class=\"excerpt-hellip\"> [\u2026]<\/span><\/p>\n","protected":false},"featured_media":0,"template":"","meta":{"_monsterinsights_skip_tracking":false,"_monsterinsights_sitenote_active":false,"_monsterinsights_sitenote_note":"","_monsterinsights_sitenote_category":0},"product_brand":[],"product_cat":[13043,17647],"product_tag":[],"class_list":{"0":"post-737047","1":"product","2":"type-product","3":"status-publish","5":"product_cat-ekonomi","6":"product_cat-is-dunyasi","7":"pa_cilt-ciltsiz","8":"pa_tur-kitap","9":"pa_yayinevi-vakifbank-kultur-yayinlari","10":"pa_yazar-niklas-luhmann","12":"first","13":"instock","14":"sale","15":"shipping-taxable","16":"purchasable","17":"product-type-simple"},"_links":{"self":[{"href":"https:\/\/roveyayinevi.com.tr\/index.php\/wp-json\/wp\/v2\/product\/737047","targetHints":{"allow":["GET"]}}],"collection":[{"href":"https:\/\/roveyayinevi.com.tr\/index.php\/wp-json\/wp\/v2\/product"}],"about":[{"href":"https:\/\/roveyayinevi.com.tr\/index.php\/wp-json\/wp\/v2\/types\/product"}],"wp:attachment":[{"href":"https:\/\/roveyayinevi.com.tr\/index.php\/wp-json\/wp\/v2\/media?parent=737047"}],"wp:term":[{"taxonomy":"product_brand","embeddable":true,"href":"https:\/\/roveyayinevi.com.tr\/index.php\/wp-json\/wp\/v2\/product_brand?post=737047"},{"taxonomy":"product_cat","embeddable":true,"href":"https:\/\/roveyayinevi.com.tr\/index.php\/wp-json\/wp\/v2\/product_cat?post=737047"},{"taxonomy":"product_tag","embeddable":true,"href":"https:\/\/roveyayinevi.com.tr\/index.php\/wp-json\/wp\/v2\/product_tag?post=737047"}],"curies":[{"name":"wp","href":"https:\/\/api.w.org\/{rel}","templated":true}]}}