{"id":737041,"date":"2025-08-27T23:20:08","date_gmt":"2025-08-27T20:20:08","guid":{"rendered":"https:\/\/roveyayinevi.com.tr\/index.php\/urun\/sosyal-hizmet-icin-sosyal-adalet\/"},"modified":"2026-04-16T02:46:34","modified_gmt":"2026-04-15T23:46:34","slug":"sosyal-hizmet-icin-sosyal-adalet","status":"publish","type":"product","link":"https:\/\/roveyayinevi.com.tr\/index.php\/urun\/sosyal-hizmet-icin-sosyal-adalet\/","title":{"rendered":"Sosyal Hizmet \u0130\u00e7in Sosyal Adalet"},"content":{"rendered":"<p>Bu kitab\u0131n amac\u0131 iki y\u00f6nl\u00fcd\u00fcr. \u0130lk olarak, kitap sosyal hizmet alan\u0131ndaki \u00f6\u011frencilere ve e\u011fitimcilere y\u00f6neliktir. Kitap sosyal hizmet disiplininden, sosyal bilimlerden, siyaset ve ahlak felsefesi alanlar\u0131ndan bilgi alan sosyal adalet hakk\u0131ndaki tart\u0131\u015fmalar\u0131 ba\u015flatmak ve desteklemek i\u00e7in kaynak sa\u011flar. \u0130kinci olarak kitap, uygulay\u0131c\u0131lar\u0131n \u00e7al\u0131\u015fmalar\u0131n\u0131 destekleyecek ve sosyal hizmet i\u00e7indeki farkl\u0131 uygulama alanlar\u0131n\u0131 dikkate almak i\u00e7in teorik kaynaklar sa\u011flayacakt\u0131r. Bu ba\u011flamda kitab\u0131n, sosyal hizmette sosyal adalet uygulamas\u0131 hakk\u0131ndaki tart\u0131\u015fmay\u0131 geni\u015fletmeye katk\u0131da bulunaca\u011f\u0131 umulmaktad\u0131r.Hak temelli bir yakla\u015f\u0131m\u0131 benimseyen sosyal hizmet disiplini, alan\u0131na \u00f6zg\u00fc bilgi-beceri ve de\u011feri temel alarak, m\u00fcracaat\u00e7\u0131s\u0131n\u0131n hakk\u0131n\u0131 \u201csavunan\u201d bir rol \u00fcstlenmektedir. Bir yard\u0131m ve de\u011fi\u015fim arac\u0131 olan sosyal hizmet mesle\u011fi, sosyal adaletsizlik sorunlar\u0131na odaklanarak t\u00fcm insanlar i\u00e7in ge\u00e7erli olan sosyal politikalar geli\u015ftirmeyi hedef al\u0131r. \u0130\u015fte bu bilgilerden yola \u00e7\u0131k\u0131ld\u0131\u011f\u0131nda, \u201csosyal adalet\u201d kavram\u0131n\u0131n sosyal hizmet literat\u00fcr\u00fcnde olduk\u00e7a b\u00fcy\u00fck bir \u00f6neme sahip oldu\u011fu d\u00fc\u015f\u00fcn\u00fclebilir. Ancak T\u00fcrk\u00e7e literat\u00fcr incelendi\u011finde, sosyal adaleti ele alan kaynaklar\u0131n yeterli say\u0131da olmad\u0131\u011f\u0131 g\u00f6r\u00fclm\u00fc\u015ft\u00fcr. Alandaki bu bo\u015flu\u011fu doldurma motivasyonuyla ger\u00e7ekle\u015fen bu terc\u00fcme kitap \u00e7al\u0131\u015fmas\u0131n\u0131n, sosyal hizmet e\u011fitimine katk\u0131 sunmas\u0131 beklenmektedir. <\/p>\n","protected":false},"excerpt":{"rendered":"<p>Bu kitab\u0131n amac\u0131 iki y\u00f6nl\u00fcd\u00fcr. \u0130lk olarak, kitap sosyal hizmet alan\u0131ndaki \u00f6\u011frencilere ve e\u011fitimcilere y\u00f6neliktir. Kitap sosyal hizmet disiplininden, sosyal bilimlerden, siyaset ve ahlak felsefesi alanlar\u0131ndan<span class=\"excerpt-hellip\"> [\u2026]<\/span><\/p>\n","protected":false},"featured_media":0,"template":"","meta":{"_monsterinsights_skip_tracking":false,"_monsterinsights_sitenote_active":false,"_monsterinsights_sitenote_note":"","_monsterinsights_sitenote_category":0},"product_brand":[],"product_cat":[12325,12324],"product_tag":[],"class_list":{"0":"post-737041","1":"product","2":"type-product","3":"status-publish","5":"product_cat-diger-sosyoloji","6":"product_cat-sosyoloji","7":"pa_cilt-ciltsiz","8":"pa_tur-kitap","9":"pa_yayinevi-nika-yayinevi","10":"pa_yazar-lynelle-watts-david-hodgson","12":"first","13":"instock","14":"sale","15":"shipping-taxable","16":"purchasable","17":"product-type-simple"},"_links":{"self":[{"href":"https:\/\/roveyayinevi.com.tr\/index.php\/wp-json\/wp\/v2\/product\/737041","targetHints":{"allow":["GET"]}}],"collection":[{"href":"https:\/\/roveyayinevi.com.tr\/index.php\/wp-json\/wp\/v2\/product"}],"about":[{"href":"https:\/\/roveyayinevi.com.tr\/index.php\/wp-json\/wp\/v2\/types\/product"}],"wp:attachment":[{"href":"https:\/\/roveyayinevi.com.tr\/index.php\/wp-json\/wp\/v2\/media?parent=737041"}],"wp:term":[{"taxonomy":"product_brand","embeddable":true,"href":"https:\/\/roveyayinevi.com.tr\/index.php\/wp-json\/wp\/v2\/product_brand?post=737041"},{"taxonomy":"product_cat","embeddable":true,"href":"https:\/\/roveyayinevi.com.tr\/index.php\/wp-json\/wp\/v2\/product_cat?post=737041"},{"taxonomy":"product_tag","embeddable":true,"href":"https:\/\/roveyayinevi.com.tr\/index.php\/wp-json\/wp\/v2\/product_tag?post=737041"}],"curies":[{"name":"wp","href":"https:\/\/api.w.org\/{rel}","templated":true}]}}