{"id":737039,"date":"2025-08-27T23:20:06","date_gmt":"2025-08-27T20:20:06","guid":{"rendered":"https:\/\/roveyayinevi.com.tr\/index.php\/urun\/hastaligin-iyilestirici-gucu\/"},"modified":"2026-04-16T02:46:34","modified_gmt":"2026-04-15T23:46:34","slug":"hastaligin-iyilestirici-gucu","status":"publish","type":"product","link":"https:\/\/roveyayinevi.com.tr\/index.php\/urun\/hastaligin-iyilestirici-gucu\/","title":{"rendered":"Hastal\u0131\u011f\u0131n \u0130yile\u015ftirici G\u00fcc\u00fc"},"content":{"rendered":"<p>Hastal\u0131\u011f\u0131 kabullenmek, \u00fczerine \u00e7al\u0131\u015fmak ve onu tamamen saf d\u0131\u015f\u0131 b\u0131rakmak elinizde! Bu kitap, hastal\u0131kla ilgili kabul edilen fikirlere, onun sava\u015f\u0131lacak bir d\u00fc\u015fman olmad\u0131\u011f\u0131n\u0131 \u00f6ne s\u00fcrerek meydan okuyor. Belirtilerinizi psikolojik veya ruhsal \u00e7at\u0131\u015fmalar\u0131n bedensel ifadeleri olarak g\u00f6rd\u00fc\u011f\u00fcn\u00fczde, bunlar\u0131 i\u00e7sel \u00e7al\u0131\u015fma i\u00e7in k\u0131lavuz olarak kullanabilirsiniz. Enfeksiyon, alerji, solunum, sindirim, cilt, sinir sistemi, kalp ve dola\u015f\u0131m, cinsellik ve hamilelik, hatta kazalarla ilgili s\u0131k\u0131nt\u0131lara bile kalbi ve zihni iyile\u015ftiren pratik eylemlerle cevap verebilirsiniz. Hastal\u0131\u011f\u0131n bizi iyile\u015ftirebilece\u011fini hi\u00e7 d\u00fc\u015f\u00fcnd\u00fcn\u00fcz m\u00fc? I\u015f\u0131k ve karanl\u0131k birbirinin kar\u015f\u0131t\u0131d\u0131r. Yine de biri di\u011ferine ba\u011fl\u0131d\u0131r. T\u0131pk\u0131 sol aya\u011f\u0131n basmas\u0131n\u0131n sa\u011f aya\u011fa ba\u011fl\u0131 oldu\u011fu gibi. Kulak verdi\u011finiz belirtiler asl\u0131nda sizlere hastal\u0131\u011f\u0131n \u00e7\u00f6z\u00fcm\u00fcn\u00fc s\u00f6yl\u00fcyor. Yazarlar, biri ruhsal geleneklerde, di\u011feri do\u011fal \u015fifa ve psikoterapide e\u011fitilmi\u015f psikologlard\u0131r. Onlar\u0131n arketipsel veya yorumlay\u0131c\u0131 t\u0131bb\u0131n\u0131n amac\u0131, her hastal\u0131k kal\u0131b\u0131n\u0131n belirli bir i\u00e7eri\u011fi ifade etmesi gibi, v\u00fccudun her organ\u0131n\u0131n ve her b\u00f6lgesinin \u00f6zel bir \u00f6nemi oldu\u011funu g\u00f6rmemize yard\u0131mc\u0131 olmakt\u0131r. Bir \u2018bula\u015f\u0131c\u0131 sa\u011fl\u0131k\u2019 alan\u0131 olu\u015fturabilmemiz ve kendi ya\u015fam misyonumuzu ve geli\u015fim yolumuzu bulmada kontrol\u00fc ele alabilmemiz i\u00e7in Hastal\u0131\u011f\u0131n \u0130yile\u015ftirici G\u00fcc\u00fc\u2019n\u00fc ke\u015ffetmek zorunday\u0131z.<\/p>\n","protected":false},"excerpt":{"rendered":"<p>Hastal\u0131\u011f\u0131 kabullenmek, \u00fczerine \u00e7al\u0131\u015fmak ve onu tamamen saf d\u0131\u015f\u0131 b\u0131rakmak elinizde! Bu kitap, hastal\u0131kla ilgili kabul edilen fikirlere, onun sava\u015f\u0131lacak bir d\u00fc\u015fman olmad\u0131\u011f\u0131n\u0131 \u00f6ne s\u00fcrerek meydan<span class=\"excerpt-hellip\"> [\u2026]<\/span><\/p>\n","protected":false},"featured_media":0,"template":"","meta":{"_monsterinsights_skip_tracking":false,"_monsterinsights_sitenote_active":false,"_monsterinsights_sitenote_note":"","_monsterinsights_sitenote_category":0},"product_brand":[],"product_cat":[20502,12357],"product_tag":[],"class_list":{"0":"post-737039","1":"product","2":"type-product","3":"status-publish","5":"product_cat-basvuru-kitaplari-psikoloji","6":"product_cat-psikoloji","7":"pa_cilt-ciltsiz","8":"pa_tur-kitap","9":"pa_yayinevi-sola-unitas","10":"pa_yazar-thorwald-dethlefsen-ruediger-dahlke","12":"first","13":"instock","14":"sale","15":"shipping-taxable","16":"purchasable","17":"product-type-simple"},"_links":{"self":[{"href":"https:\/\/roveyayinevi.com.tr\/index.php\/wp-json\/wp\/v2\/product\/737039","targetHints":{"allow":["GET"]}}],"collection":[{"href":"https:\/\/roveyayinevi.com.tr\/index.php\/wp-json\/wp\/v2\/product"}],"about":[{"href":"https:\/\/roveyayinevi.com.tr\/index.php\/wp-json\/wp\/v2\/types\/product"}],"wp:attachment":[{"href":"https:\/\/roveyayinevi.com.tr\/index.php\/wp-json\/wp\/v2\/media?parent=737039"}],"wp:term":[{"taxonomy":"product_brand","embeddable":true,"href":"https:\/\/roveyayinevi.com.tr\/index.php\/wp-json\/wp\/v2\/product_brand?post=737039"},{"taxonomy":"product_cat","embeddable":true,"href":"https:\/\/roveyayinevi.com.tr\/index.php\/wp-json\/wp\/v2\/product_cat?post=737039"},{"taxonomy":"product_tag","embeddable":true,"href":"https:\/\/roveyayinevi.com.tr\/index.php\/wp-json\/wp\/v2\/product_tag?post=737039"}],"curies":[{"name":"wp","href":"https:\/\/api.w.org\/{rel}","templated":true}]}}