{"id":737038,"date":"2025-08-27T23:20:05","date_gmt":"2025-08-27T20:20:05","guid":{"rendered":"https:\/\/roveyayinevi.com.tr\/index.php\/urun\/erkegin-kurulusu-ve-reklamlardaki-erkek-ozne\/"},"modified":"2026-01-29T03:18:05","modified_gmt":"2026-01-29T00:18:05","slug":"erkegin-kurulusu-ve-reklamlardaki-erkek-ozne","status":"publish","type":"product","link":"https:\/\/roveyayinevi.com.tr\/index.php\/urun\/erkegin-kurulusu-ve-reklamlardaki-erkek-ozne\/","title":{"rendered":"Erke\u011fin Kurulu\u015fu ve Reklamlardaki Erkek \u00d6zne"},"content":{"rendered":"<p>Erkek kimdir? Elinde tespih, kar\u0131s\u0131n\u0131n, k\u0131z\u0131n\u0131n, bac\u0131s\u0131n\u0131n namusu ondan sorulan penis sahibi insanlar m\u0131? Kad\u0131nlar\u0131 cinsel nesne olarak se\u00e7enler mi, yoksa erkek adam\u0131n erkek sevgilisi olur diyenler mi? Reklamlardaki, yak\u0131\u015f\u0131kl\u0131, g\u00fc\u00e7l\u00fc, kad\u0131nlar\u0131n arzulad\u0131\u011f\u0131na sahip olanlar m\u0131? \u0130lkel babam\u0131z\u0131, erke\u011fi, \u00f6ld\u00fcrd\u00fck. Bize, geriye, su\u00e7luluk ve gibi olmaya \u00e7al\u0131\u015fmak kald\u0131. Totemlerle, tespihlerle, \u015fiddetle, k\u00fcf\u00fcrle, ayinlerle hep onun gibi olmaya \u00e7al\u0131\u015f\u0131yoruz. Bu \u00e7aba hi\u00e7bir zaman bitmeyecek. Hi\u00e7bir zaman erkek olamayaca\u011f\u0131z&#8230;. <\/p>\n","protected":false},"excerpt":{"rendered":"<p>Erkek kimdir? Elinde tespih, kar\u0131s\u0131n\u0131n, k\u0131z\u0131n\u0131n, bac\u0131s\u0131n\u0131n namusu ondan sorulan penis sahibi insanlar m\u0131? Kad\u0131nlar\u0131 cinsel nesne olarak se\u00e7enler mi, yoksa erkek adam\u0131n erkek sevgilisi olur<span class=\"excerpt-hellip\"> [\u2026]<\/span><\/p>\n","protected":false},"featured_media":0,"template":"","meta":{"_monsterinsights_skip_tracking":false,"_monsterinsights_sitenote_active":false,"_monsterinsights_sitenote_note":"","_monsterinsights_sitenote_category":0},"product_brand":[],"product_cat":[15983,13488],"product_tag":[],"class_list":{"0":"post-737038","1":"product","2":"type-product","3":"status-publish","5":"product_cat-iletisim-ve-medya","6":"product_cat-toplum-ve-insan","7":"pa_cilt-ciltsiz","8":"pa_tur-kitap","9":"pa_yayinevi-utopya-yayinevi","10":"pa_yazar-atilim-onay","12":"first","13":"instock","14":"sale","15":"shipping-taxable","16":"purchasable","17":"product-type-simple"},"_links":{"self":[{"href":"https:\/\/roveyayinevi.com.tr\/index.php\/wp-json\/wp\/v2\/product\/737038","targetHints":{"allow":["GET"]}}],"collection":[{"href":"https:\/\/roveyayinevi.com.tr\/index.php\/wp-json\/wp\/v2\/product"}],"about":[{"href":"https:\/\/roveyayinevi.com.tr\/index.php\/wp-json\/wp\/v2\/types\/product"}],"wp:attachment":[{"href":"https:\/\/roveyayinevi.com.tr\/index.php\/wp-json\/wp\/v2\/media?parent=737038"}],"wp:term":[{"taxonomy":"product_brand","embeddable":true,"href":"https:\/\/roveyayinevi.com.tr\/index.php\/wp-json\/wp\/v2\/product_brand?post=737038"},{"taxonomy":"product_cat","embeddable":true,"href":"https:\/\/roveyayinevi.com.tr\/index.php\/wp-json\/wp\/v2\/product_cat?post=737038"},{"taxonomy":"product_tag","embeddable":true,"href":"https:\/\/roveyayinevi.com.tr\/index.php\/wp-json\/wp\/v2\/product_tag?post=737038"}],"curies":[{"name":"wp","href":"https:\/\/api.w.org\/{rel}","templated":true}]}}