{"id":737037,"date":"2025-08-27T23:20:05","date_gmt":"2025-08-27T20:20:05","guid":{"rendered":"https:\/\/roveyayinevi.com.tr\/index.php\/urun\/hayata-yon-veren-oykuler\/"},"modified":"2026-04-08T02:54:21","modified_gmt":"2026-04-07T23:54:21","slug":"hayata-yon-veren-oykuler","status":"publish","type":"product","link":"https:\/\/roveyayinevi.com.tr\/index.php\/urun\/hayata-yon-veren-oykuler\/","title":{"rendered":"Hayata Y\u00f6n Veren \u00d6yk\u00fcler"},"content":{"rendered":"<p>Hayata Y\u00f6n Veren \u00d6yk\u00fcler kitab\u0131nda bilinen bilinmeyen pek \u00e7ok ki\u015fi hayat\u0131n bamba\u015fka y\u00f6nlerini anlat\u0131yor.   \u0130nanman\u0131n g\u00fcc\u00fcn\u00fc Hezarfen Ahmet \u00c7elebi, \u00e7al\u0131\u015fman\u0131n de\u011ferini Isaac Newton, zorluklar\u0131n etkisini Thomas Edison g\u00f6zler \u00f6n\u00fcne seriyor. Antoine de Saint-Exup\u00e9ry sevginin s\u0131cakl\u0131\u011f\u0131yla, Emily Dickinson iyili\u011fin dokunu\u015fuyla, Epiktetos mutlulu\u011fun giziyle sar\u0131p sarmal\u0131yor. Bilginin gere\u011fini Sokrates, tecr\u00fcbenin s\u00f6ylediklerini Benjamin Franklin, ba\u015far\u0131n\u0131n s\u0131rlar\u0131n\u0131 Mustafa Kemal Atat\u00fcrk kulaklara f\u0131s\u0131ld\u0131yor.   Hayat yolculu\u011funda iyi bir rehber arayanlara bu \u00f6yk\u00fcler yol ve y\u00f6ntem g\u00f6stererek \u0131\u015f\u0131k tutuyor. <\/p>\n","protected":false},"excerpt":{"rendered":"<p>Hayata Y\u00f6n Veren \u00d6yk\u00fcler kitab\u0131nda bilinen bilinmeyen pek \u00e7ok ki\u015fi hayat\u0131n bamba\u015fka y\u00f6nlerini anlat\u0131yor. \u0130nanman\u0131n g\u00fcc\u00fcn\u00fc Hezarfen Ahmet \u00c7elebi, \u00e7al\u0131\u015fman\u0131n de\u011ferini Isaac Newton, zorluklar\u0131n etkisini Thomas<span class=\"excerpt-hellip\"> [\u2026]<\/span><\/p>\n","protected":false},"featured_media":0,"template":"","meta":{"_monsterinsights_skip_tracking":false,"_monsterinsights_sitenote_active":false,"_monsterinsights_sitenote_note":"","_monsterinsights_sitenote_category":0},"product_brand":[],"product_cat":[12364,12376],"product_tag":[],"class_list":{"0":"post-737037","1":"product","2":"type-product","3":"status-publish","5":"product_cat-genel-konular","6":"product_cat-kisisel-gelisim","7":"pa_cilt-ciltsiz","8":"pa_tur-kitap","9":"pa_yayinevi-mela-yayinlari","10":"pa_yazar-akin-alici","12":"first","13":"instock","14":"sale","15":"shipping-taxable","16":"purchasable","17":"product-type-simple"},"_links":{"self":[{"href":"https:\/\/roveyayinevi.com.tr\/index.php\/wp-json\/wp\/v2\/product\/737037","targetHints":{"allow":["GET"]}}],"collection":[{"href":"https:\/\/roveyayinevi.com.tr\/index.php\/wp-json\/wp\/v2\/product"}],"about":[{"href":"https:\/\/roveyayinevi.com.tr\/index.php\/wp-json\/wp\/v2\/types\/product"}],"wp:attachment":[{"href":"https:\/\/roveyayinevi.com.tr\/index.php\/wp-json\/wp\/v2\/media?parent=737037"}],"wp:term":[{"taxonomy":"product_brand","embeddable":true,"href":"https:\/\/roveyayinevi.com.tr\/index.php\/wp-json\/wp\/v2\/product_brand?post=737037"},{"taxonomy":"product_cat","embeddable":true,"href":"https:\/\/roveyayinevi.com.tr\/index.php\/wp-json\/wp\/v2\/product_cat?post=737037"},{"taxonomy":"product_tag","embeddable":true,"href":"https:\/\/roveyayinevi.com.tr\/index.php\/wp-json\/wp\/v2\/product_tag?post=737037"}],"curies":[{"name":"wp","href":"https:\/\/api.w.org\/{rel}","templated":true}]}}