{"id":737036,"date":"2025-08-27T23:20:04","date_gmt":"2025-08-27T20:20:04","guid":{"rendered":"https:\/\/roveyayinevi.com.tr\/index.php\/urun\/yeni-gorgu-kurallari\/"},"modified":"2026-04-16T02:46:02","modified_gmt":"2026-04-15T23:46:02","slug":"yeni-gorgu-kurallari","status":"publish","type":"product","link":"https:\/\/roveyayinevi.com.tr\/index.php\/urun\/yeni-gorgu-kurallari\/","title":{"rendered":"Yeni G\u00f6rg\u00fc Kurallar\u0131"},"content":{"rendered":"<p>Eski d\u00f6nemlerde insanlar\u0131n \u00e7ad\u0131ra girerken m\u0131zraklar\u0131n\u0131 d\u0131\u015far\u0131da b\u0131rakmalar\u0131 \u00f6nemli bir nezaket kural\u0131ym\u0131\u015f. O d\u00f6nemler i\u00e7in birbirlerine zarar vermeyeceklerini anlatan el s\u0131k\u0131\u015fmalar\u0131 ise, g\u00fcn\u00fcm\u00fczde art\u0131k tam olarak bu manay\u0131 ifade etmese de h\u00e2l\u00e2 kullan\u0131lmaktad\u0131r. Zaman ve \u015fartlar kar\u015f\u0131s\u0131nda de\u011fi\u015fikli\u011fe u\u011frayan g\u00f6rg\u00fc kurallar\u0131, teknolojinin geli\u015fmesiyle birlikte bu alanda da yerini alm\u0131\u015ft\u0131r. Cep telefonu, internet ortam\u0131 ba\u015fta olmak \u00fczere imaj, beden dili ve empati gibi kavramlarla yeniden \u015fekillenen g\u00f6rg\u00fc kurallar\u0131, eskiden sadece belli bir kesimin uygulad\u0131\u011f\u0131 sosyetik davran\u0131\u015flar olarak d\u00fc\u015f\u00fcn\u00fclmekten \u00e7\u0131km\u0131\u015f, \u00f6zellikle bu yeni h\u00e2liyle \u00e7a\u011f\u0131m\u0131z insan\u0131 i\u00e7in vazge\u00e7ilmez olmu\u015ftur.   Yeni G\u00f6rg\u00fc Kurallar\u0131, hitaptan davete, sosyal ili\u015fkilerden giyim-ku\u015fama, ziyaretten telefonda konu\u015fmaya kadar bu de\u011fi\u015fimi en temel hatlar\u0131yla sunuyor. <\/p>\n","protected":false},"excerpt":{"rendered":"<p>Eski d\u00f6nemlerde insanlar\u0131n \u00e7ad\u0131ra girerken m\u0131zraklar\u0131n\u0131 d\u0131\u015far\u0131da b\u0131rakmalar\u0131 \u00f6nemli bir nezaket kural\u0131ym\u0131\u015f. O d\u00f6nemler i\u00e7in birbirlerine zarar vermeyeceklerini anlatan el s\u0131k\u0131\u015fmalar\u0131 ise, g\u00fcn\u00fcm\u00fczde art\u0131k tam olarak<span class=\"excerpt-hellip\"> [\u2026]<\/span><\/p>\n","protected":false},"featured_media":0,"template":"","meta":{"_monsterinsights_skip_tracking":false,"_monsterinsights_sitenote_active":false,"_monsterinsights_sitenote_note":"","_monsterinsights_sitenote_category":0},"product_brand":[],"product_cat":[12364,12376],"product_tag":[],"class_list":{"0":"post-737036","1":"product","2":"type-product","3":"status-publish","5":"product_cat-genel-konular","6":"product_cat-kisisel-gelisim","7":"pa_cilt-ciltsiz","8":"pa_tur-kitap","9":"pa_yayinevi-mela-yayinlari","10":"pa_yazar-akin-alici","12":"first","13":"instock","14":"sale","15":"shipping-taxable","16":"purchasable","17":"product-type-simple"},"_links":{"self":[{"href":"https:\/\/roveyayinevi.com.tr\/index.php\/wp-json\/wp\/v2\/product\/737036","targetHints":{"allow":["GET"]}}],"collection":[{"href":"https:\/\/roveyayinevi.com.tr\/index.php\/wp-json\/wp\/v2\/product"}],"about":[{"href":"https:\/\/roveyayinevi.com.tr\/index.php\/wp-json\/wp\/v2\/types\/product"}],"wp:attachment":[{"href":"https:\/\/roveyayinevi.com.tr\/index.php\/wp-json\/wp\/v2\/media?parent=737036"}],"wp:term":[{"taxonomy":"product_brand","embeddable":true,"href":"https:\/\/roveyayinevi.com.tr\/index.php\/wp-json\/wp\/v2\/product_brand?post=737036"},{"taxonomy":"product_cat","embeddable":true,"href":"https:\/\/roveyayinevi.com.tr\/index.php\/wp-json\/wp\/v2\/product_cat?post=737036"},{"taxonomy":"product_tag","embeddable":true,"href":"https:\/\/roveyayinevi.com.tr\/index.php\/wp-json\/wp\/v2\/product_tag?post=737036"}],"curies":[{"name":"wp","href":"https:\/\/api.w.org\/{rel}","templated":true}]}}